{"id":4764,"date":"2026-03-23T13:31:04","date_gmt":"2026-03-23T11:31:04","guid":{"rendered":"https:\/\/wolfinger.at\/daemmen\/?page_id=4764"},"modified":"2026-04-29T08:21:43","modified_gmt":"2026-04-29T06:21:43","slug":"wolfi-extrema-mono-220-dual-sk","status":"publish","type":"page","link":"https:\/\/wolfinger.at\/daemmen\/produkte\/schalungsbahnen-und-fassadenbahnen\/wolfi-extrema-mono-220-dual-sk\/","title":{"rendered":"Wolfi Extrema Mono 220 Dual SK"},"content":{"rendered":"\t\t<div data-elementor-type=\"wp-page\" data-elementor-id=\"4764\" class=\"elementor elementor-4764\" data-elementor-post-type=\"page\">\n\t\t\t\t<div class=\"elementor-element elementor-element-27655499 e-grid e-con-boxed e-con e-parent\" data-id=\"27655499\" data-element_type=\"container\" data-e-type=\"container\">\n\t\t\t\t\t<div class=\"e-con-inner\">\n\t\t<div class=\"elementor-element elementor-element-159c53e1 e-con-full e-flex e-con e-child\" data-id=\"159c53e1\" data-element_type=\"container\" data-e-type=\"container\">\n\t\t\t\t<div class=\"elementor-element elementor-element-47acddfa elementor-widget elementor-widget-heading\" data-id=\"47acddfa\" data-element_type=\"widget\" data-e-type=\"widget\" data-widget_type=\"heading.default\">\n\t\t\t\t\t<h1 class=\"elementor-heading-title elementor-size-default\">Wolfi Extrema Mono 220 DSK<\/h1>\t\t\t\t<\/div>\n\t\t\t\t<div class=\"elementor-element elementor-element-7c8ea2a8 elementor-widget elementor-widget-text-editor\" data-id=\"7c8ea2a8\" data-element_type=\"widget\" data-e-type=\"widget\" data-widget_type=\"text-editor.default\">\n\t\t\t\t\t\t\t\t\t<p>Schalungs- Unterspannbahn mit monolithischer Technologie und zwei integrierten Selbstklebestreifen f\u00fcr regensichere Unterd\u00e4cher ab 15\u00b0 Dachneigung \u00d6NORM B3661 und 4119. DU Typ I<\/p>\t\t\t\t\t\t\t\t<\/div>\n\t\t\t\t<div class=\"elementor-element elementor-element-33eb1a30 elementor-widget elementor-widget-button\" data-id=\"33eb1a30\" data-element_type=\"widget\" data-e-type=\"widget\" data-widget_type=\"button.default\">\n\t\t\t\t\t\t\t\t\t\t<a class=\"elementor-button elementor-button-link elementor-size-sm\" href=\"https:\/\/shop.wolfinger.at\/c\/ola1-5\/a\/ola1-448\/Schalungs--und-Fassadenbahnen\/STT-Extrema-Mono-220-Dual-SK.html\" target=\"_blank\">\n\t\t\t\t\t\t<span class=\"elementor-button-content-wrapper\">\n\t\t\t\t\t\t\t\t\t<span class=\"elementor-button-text\">IM SHOP ANSEHEN<\/span>\n\t\t\t\t\t<\/span>\n\t\t\t\t\t<\/a>\n\t\t\t\t\t\t\t\t<\/div>\n\t\t\t\t<\/div>\n\t\t<div class=\"elementor-element elementor-element-2b57967b e-con-full e-flex e-con e-child\" data-id=\"2b57967b\" data-element_type=\"container\" data-e-type=\"container\">\n\t\t\t\t<div class=\"elementor-element elementor-element-1c110f42 elementor-widget elementor-widget-image\" data-id=\"1c110f42\" data-element_type=\"widget\" data-e-type=\"widget\" data-widget_type=\"image.default\">\n\t\t\t\t\t\t\t\t\t\t\t\t\t\t\t<img fetchpriority=\"high\" decoding=\"async\" width=\"800\" height=\"533\" src=\"https:\/\/wolfinger.at\/daemmen\/wp-content\/uploads\/2026\/01\/schalungsbahn-extremamono200dsk-1024x682.jpg\" class=\"attachment-large size-large wp-image-4766\" alt=\"\" srcset=\"https:\/\/wolfinger.at\/daemmen\/wp-content\/uploads\/2026\/01\/schalungsbahn-extremamono200dsk-1024x682.jpg 1024w, https:\/\/wolfinger.at\/daemmen\/wp-content\/uploads\/2026\/01\/schalungsbahn-extremamono200dsk-300x200.jpg 300w, https:\/\/wolfinger.at\/daemmen\/wp-content\/uploads\/2026\/01\/schalungsbahn-extremamono200dsk-768x512.jpg 768w, https:\/\/wolfinger.at\/daemmen\/wp-content\/uploads\/2026\/01\/schalungsbahn-extremamono200dsk-210x140.jpg 210w, https:\/\/wolfinger.at\/daemmen\/wp-content\/uploads\/2026\/01\/schalungsbahn-extremamono200dsk-578x386.jpg 578w, https:\/\/wolfinger.at\/daemmen\/wp-content\/uploads\/2026\/01\/schalungsbahn-extremamono200dsk-600x400.jpg 600w, https:\/\/wolfinger.at\/daemmen\/wp-content\/uploads\/2026\/01\/schalungsbahn-extremamono200dsk.jpg 1027w\" sizes=\"(max-width: 800px) 100vw, 800px\" \/>\t\t\t\t\t\t\t\t\t\t\t\t\t\t\t<\/div>\n\t\t\t\t<\/div>\n\t\t\t\t\t<\/div>\n\t\t\t\t<\/div>\n\t\t<div class=\"elementor-element elementor-element-54fe304e e-flex e-con-boxed e-con e-parent\" data-id=\"54fe304e\" data-element_type=\"container\" data-e-type=\"container\">\n\t\t\t\t\t<div class=\"e-con-inner\">\n\t\t<div class=\"elementor-element elementor-element-38a4b5e9 e-con-full e-flex e-con e-child\" data-id=\"38a4b5e9\" data-element_type=\"container\" data-e-type=\"container\">\n\t\t\t\t<div class=\"elementor-element elementor-element-12773c4f elementor-widget elementor-widget-text-editor\" data-id=\"12773c4f\" data-element_type=\"widget\" data-e-type=\"widget\" data-widget_type=\"text-editor.default\">\n\t\t\t\t\t\t\t\t\t<div class=\"ce_text block\"><p>Wolfi Mono 220 DSK ist eine 220g\/m\u00b2 schwere, dreilagige, extrem diffusionsoffene Schalungsbahn mit TPU-Membran und integrierten Klebestreifen. Sie zeichnet sich durch ihre hohe Rutsch-, Rei\u00df- und Nagelausrei\u00dffestigkeit sowie der extrem hochwertigen TPU-Membrane aus.<\/p><p><strong>Vorteile Wolfi MONO 220 DSK:<\/strong><\/p><ul><li>Entfall von stark l\u00f6semittehaltigen Quellschwei\u00dfmittel<\/li><li>Kein langwieriges und teils sehr unhandliches Schwei\u00dfen mittels kostspieligem Hei\u00dfluftf\u00f6hn<\/li><li>Durch die Verwendung der DSK-Streifen ist kein aufwendiges und teures Vorkonfektionieren von UD TYP II Bahnen mehr n\u00f6tig<\/li><li>Alle L\u00e4ngsst\u00f6\u00dfe werden einfach mit dem Selbstklebestreifen abgedichtet<\/li><li>Alle Querst\u00f6\u00dfe, Detailabdichtungen, Kamin- und Tropfblechanschl\u00fcsse, Rohrdurchf\u00fchrungen, Anbindungen an Dachfl\u00e4chenfenster etc. werden einfach und unkompliziert mit dem Fl\u00fcssigkunststoff im Folienbeutel STT\u00ae Taurus Elastic Pro durchgef\u00fchrt<\/li><li>Hohe Temperaturbest\u00e4ndigkeit von 100\u00b0C<\/li><li>Extrem rutschfest bei N\u00e4sse<\/li><\/ul><\/div>\t\t\t\t\t\t\t\t<\/div>\n\t\t\t\t<div class=\"elementor-element elementor-element-2b101887 elementor-widget elementor-widget-heading\" data-id=\"2b101887\" data-element_type=\"widget\" data-e-type=\"widget\" data-widget_type=\"heading.default\">\n\t\t\t\t\t<h5 class=\"elementor-heading-title elementor-size-default\">Downloads<\/h5>\t\t\t\t<\/div>\n\t\t\t\t<div class=\"elementor-element elementor-element-136cc9fe elementor-widget-divider--view-line elementor-widget elementor-widget-divider\" data-id=\"136cc9fe\" data-element_type=\"widget\" data-e-type=\"widget\" data-widget_type=\"divider.default\">\n\t\t\t\t\t\t\t<div class=\"elementor-divider\">\n\t\t\t<span class=\"elementor-divider-separator\">\n\t\t\t\t\t\t<\/span>\n\t\t<\/div>\n\t\t\t\t\t\t<\/div>\n\t\t\t\t<div class=\"elementor-element elementor-element-570d0a4d elementor-position-inline-start elementor-view-default elementor-mobile-position-block-start elementor-widget elementor-widget-icon-box\" data-id=\"570d0a4d\" data-element_type=\"widget\" data-e-type=\"widget\" data-widget_type=\"icon-box.default\">\n\t\t\t\t\t\t\t<div class=\"elementor-icon-box-wrapper\">\n\n\t\t\t\t\t\t<div class=\"elementor-icon-box-icon\">\n\t\t\t\t<a href=\"https:\/\/downloads.wolfinger.at\/de\/Verarbeitungsrichtlinien\/Fassaden-%20Schalungsbahnen%20Nageldichb%C3%A4nder\/Verarbeitungsrichtlinie%20Mono%20220%20DSK.pdf\" target=\"_blank\" class=\"elementor-icon\" tabindex=\"-1\" aria-label=\"Verarbeitungsrichtlinien\">\n\t\t\t\t<svg aria-hidden=\"true\" class=\"e-font-icon-svg e-far-file-pdf\" viewBox=\"0 0 384 512\" xmlns=\"http:\/\/www.w3.org\/2000\/svg\"><path d=\"M369.9 97.9L286 14C277 5 264.8-.1 252.1-.1H48C21.5 0 0 21.5 0 48v416c0 26.5 21.5 48 48 48h288c26.5 0 48-21.5 48-48V131.9c0-12.7-5.1-25-14.1-34zM332.1 128H256V51.9l76.1 76.1zM48 464V48h160v104c0 13.3 10.7 24 24 24h104v288H48zm250.2-143.7c-12.2-12-47-8.7-64.4-6.5-17.2-10.5-28.7-25-36.8-46.3 3.9-16.1 10.1-40.6 5.4-56-4.2-26.2-37.8-23.6-42.6-5.9-4.4 16.1-.4 38.5 7 67.1-10 23.9-24.9 56-35.4 74.4-20 10.3-47 26.2-51 46.2-3.3 15.8 26 55.2 76.1-31.2 22.4-7.4 46.8-16.5 68.4-20.1 18.9 10.2 41 17 55.8 17 25.5 0 28-28.2 17.5-38.7zm-198.1 77.8c5.1-13.7 24.5-29.5 30.4-35-19 30.3-30.4 35.7-30.4 35zm81.6-190.6c7.4 0 6.7 32.1 1.8 40.8-4.4-13.9-4.3-40.8-1.8-40.8zm-24.4 136.6c9.7-16.9 18-37 24.7-54.7 8.3 15.1 18.9 27.2 30.1 35.5-20.8 4.3-38.9 13.1-54.8 19.2zm131.6-5s-5 6-37.3-7.8c35.1-2.6 40.9 5.4 37.3 7.8z\"><\/path><\/svg>\t\t\t\t<\/a>\n\t\t\t<\/div>\n\t\t\t\n\t\t\t\t\t\t<div class=\"elementor-icon-box-content\">\n\n\t\t\t\t\t\t\t\t\t<h5 class=\"elementor-icon-box-title\">\n\t\t\t\t\t\t<a href=\"https:\/\/downloads.wolfinger.at\/de\/Verarbeitungsrichtlinien\/Fassaden-%20Schalungsbahnen%20Nageldichb%C3%A4nder\/Verarbeitungsrichtlinie%20Mono%20220%20DSK.pdf\" target=\"_blank\" >\n\t\t\t\t\t\t\tVerarbeitungsrichtlinien\t\t\t\t\t\t<\/a>\n\t\t\t\t\t<\/h5>\n\t\t\t\t\n\t\t\t\t\n\t\t\t<\/div>\n\t\t\t\n\t\t<\/div>\n\t\t\t\t\t\t<\/div>\n\t\t\t\t<\/div>\n\t\t\t\t\t<\/div>\n\t\t\t\t<\/div>\n\t\t\t\t<\/div>\n\t\t","protected":false},"excerpt":{"rendered":"<p>Wolfi Extrema Mono 220 DSK Schalungs- Unterspannbahn mit monolithischer Technologie und zwei integrierten Selbstklebestreifen f\u00fcr regensichere Unterd\u00e4cher ab 15\u00b0 Dachneigung \u00d6NORM B3661 und 4119. DU Typ I IM SHOP ANSEHEN Wolfi Mono 220 DSK ist eine 220g\/m\u00b2 schwere, dreilagige, extrem diffusionsoffene Schalungsbahn mit TPU-Membran und integrierten Klebestreifen. Sie zeichnet sich durch ihre hohe Rutsch-, Rei\u00df- [&hellip;]<\/p>\n","protected":false},"author":12,"featured_media":0,"parent":4232,"menu_order":0,"comment_status":"closed","ping_status":"closed","template":"","meta":{"footnotes":""},"class_list":["post-4764","page","type-page","status-publish","hentry"],"yoast_head":"<!-- This site is optimized with the Yoast SEO plugin v27.5 - https:\/\/yoast.com\/product\/yoast-seo-wordpress\/ -->\n<title>Wolfi Extrema Mono 220 Dual SK - WOLFINGER<\/title>\n<meta name=\"robots\" content=\"index, follow, max-snippet:-1, max-image-preview:large, max-video-preview:-1\" \/>\n<link rel=\"canonical\" href=\"https:\/\/wolfinger.at\/daemmen\/produkte\/schalungsbahnen-und-fassadenbahnen\/wolfi-extrema-mono-220-dual-sk\/\" \/>\n<meta property=\"og:locale\" content=\"de_DE\" \/>\n<meta property=\"og:type\" content=\"article\" \/>\n<meta property=\"og:title\" content=\"Wolfi Extrema Mono 220 Dual SK - WOLFINGER\" \/>\n<meta property=\"og:description\" content=\"Wolfi Extrema Mono 220 DSK Schalungs- Unterspannbahn mit monolithischer Technologie und zwei integrierten Selbstklebestreifen f\u00fcr regensichere Unterd\u00e4cher ab 15\u00b0 Dachneigung \u00d6NORM B3661 und 4119. DU Typ I IM SHOP ANSEHEN Wolfi Mono 220 DSK ist eine 220g\/m\u00b2 schwere, dreilagige, extrem diffusionsoffene Schalungsbahn mit TPU-Membran und integrierten Klebestreifen. Sie zeichnet sich durch ihre hohe Rutsch-, Rei\u00df- [&hellip;]\" \/>\n<meta property=\"og:url\" content=\"https:\/\/wolfinger.at\/daemmen\/produkte\/schalungsbahnen-und-fassadenbahnen\/wolfi-extrema-mono-220-dual-sk\/\" \/>\n<meta property=\"og:site_name\" content=\"WOLFINGER\" \/>\n<meta property=\"article:modified_time\" content=\"2026-04-29T06:21:43+00:00\" \/>\n<meta property=\"og:image\" content=\"https:\/\/wolfinger.at\/daemmen\/wp-content\/uploads\/2026\/01\/schalungsbahn-extremamono200dsk.jpg\" \/>\n\t<meta property=\"og:image:width\" content=\"1027\" \/>\n\t<meta property=\"og:image:height\" content=\"684\" \/>\n\t<meta property=\"og:image:type\" content=\"image\/jpeg\" \/>\n<meta name=\"twitter:card\" content=\"summary_large_image\" \/>\n<meta name=\"twitter:label1\" content=\"Gesch\u00e4tzte Lesezeit\" \/>\n\t<meta name=\"twitter:data1\" content=\"1\u00a0Minute\" \/>\n<script type=\"application\/ld+json\" class=\"yoast-schema-graph\">{\"@context\":\"https:\\\/\\\/schema.org\",\"@graph\":[{\"@type\":\"WebPage\",\"@id\":\"https:\\\/\\\/wolfinger.at\\\/daemmen\\\/produkte\\\/schalungsbahnen-und-fassadenbahnen\\\/wolfi-extrema-mono-220-dual-sk\\\/\",\"url\":\"https:\\\/\\\/wolfinger.at\\\/daemmen\\\/produkte\\\/schalungsbahnen-und-fassadenbahnen\\\/wolfi-extrema-mono-220-dual-sk\\\/\",\"name\":\"Wolfi Extrema Mono 220 Dual SK - WOLFINGER\",\"isPartOf\":{\"@id\":\"https:\\\/\\\/wolfinger.at\\\/daemmen\\\/#website\"},\"primaryImageOfPage\":{\"@id\":\"https:\\\/\\\/wolfinger.at\\\/daemmen\\\/produkte\\\/schalungsbahnen-und-fassadenbahnen\\\/wolfi-extrema-mono-220-dual-sk\\\/#primaryimage\"},\"image\":{\"@id\":\"https:\\\/\\\/wolfinger.at\\\/daemmen\\\/produkte\\\/schalungsbahnen-und-fassadenbahnen\\\/wolfi-extrema-mono-220-dual-sk\\\/#primaryimage\"},\"thumbnailUrl\":\"https:\\\/\\\/wolfinger.at\\\/daemmen\\\/wp-content\\\/uploads\\\/2026\\\/01\\\/schalungsbahn-extremamono200dsk-1024x682.jpg\",\"datePublished\":\"2026-03-23T11:31:04+00:00\",\"dateModified\":\"2026-04-29T06:21:43+00:00\",\"breadcrumb\":{\"@id\":\"https:\\\/\\\/wolfinger.at\\\/daemmen\\\/produkte\\\/schalungsbahnen-und-fassadenbahnen\\\/wolfi-extrema-mono-220-dual-sk\\\/#breadcrumb\"},\"inLanguage\":\"de\",\"potentialAction\":[{\"@type\":\"ReadAction\",\"target\":[\"https:\\\/\\\/wolfinger.at\\\/daemmen\\\/produkte\\\/schalungsbahnen-und-fassadenbahnen\\\/wolfi-extrema-mono-220-dual-sk\\\/\"]}]},{\"@type\":\"ImageObject\",\"inLanguage\":\"de\",\"@id\":\"https:\\\/\\\/wolfinger.at\\\/daemmen\\\/produkte\\\/schalungsbahnen-und-fassadenbahnen\\\/wolfi-extrema-mono-220-dual-sk\\\/#primaryimage\",\"url\":\"https:\\\/\\\/wolfinger.at\\\/daemmen\\\/wp-content\\\/uploads\\\/2026\\\/01\\\/schalungsbahn-extremamono200dsk.jpg\",\"contentUrl\":\"https:\\\/\\\/wolfinger.at\\\/daemmen\\\/wp-content\\\/uploads\\\/2026\\\/01\\\/schalungsbahn-extremamono200dsk.jpg\",\"width\":1027,\"height\":684},{\"@type\":\"BreadcrumbList\",\"@id\":\"https:\\\/\\\/wolfinger.at\\\/daemmen\\\/produkte\\\/schalungsbahnen-und-fassadenbahnen\\\/wolfi-extrema-mono-220-dual-sk\\\/#breadcrumb\",\"itemListElement\":[{\"@type\":\"ListItem\",\"position\":1,\"name\":\"Startseite\",\"item\":\"https:\\\/\\\/wolfinger.at\\\/daemmen\\\/\"},{\"@type\":\"ListItem\",\"position\":2,\"name\":\"Produkte\",\"item\":\"https:\\\/\\\/wolfinger.at\\\/daemmen\\\/produkte\\\/\"},{\"@type\":\"ListItem\",\"position\":3,\"name\":\"Schalungsbahnen und Fassadenbahnen\",\"item\":\"https:\\\/\\\/wolfinger.at\\\/daemmen\\\/produkte\\\/schalungsbahnen-und-fassadenbahnen\\\/\"},{\"@type\":\"ListItem\",\"position\":4,\"name\":\"Wolfi Extrema Mono 220 Dual SK\"}]},{\"@type\":\"WebSite\",\"@id\":\"https:\\\/\\\/wolfinger.at\\\/daemmen\\\/#website\",\"url\":\"https:\\\/\\\/wolfinger.at\\\/daemmen\\\/\",\"name\":\"Wolfinger Zellulosed\u00e4mmung\",\"description\":\"Zellulosed\u00e4mmung\",\"publisher\":{\"@id\":\"https:\\\/\\\/wolfinger.at\\\/daemmen\\\/#organization\"},\"potentialAction\":[{\"@type\":\"SearchAction\",\"target\":{\"@type\":\"EntryPoint\",\"urlTemplate\":\"https:\\\/\\\/wolfinger.at\\\/daemmen\\\/?s={search_term_string}\"},\"query-input\":{\"@type\":\"PropertyValueSpecification\",\"valueRequired\":true,\"valueName\":\"search_term_string\"}}],\"inLanguage\":\"de\"},{\"@type\":\"Organization\",\"@id\":\"https:\\\/\\\/wolfinger.at\\\/daemmen\\\/#organization\",\"name\":\"Wolfinger GmbH\",\"url\":\"https:\\\/\\\/wolfinger.at\\\/daemmen\\\/\",\"logo\":{\"@type\":\"ImageObject\",\"inLanguage\":\"de\",\"@id\":\"https:\\\/\\\/wolfinger.at\\\/daemmen\\\/#\\\/schema\\\/logo\\\/image\\\/\",\"url\":\"https:\\\/\\\/wolfinger.at\\\/daemmen\\\/wp-content\\\/uploads\\\/2024\\\/03\\\/wolfinger_fav_144.png\",\"contentUrl\":\"https:\\\/\\\/wolfinger.at\\\/daemmen\\\/wp-content\\\/uploads\\\/2024\\\/03\\\/wolfinger_fav_144.png\",\"width\":1633,\"height\":1632,\"caption\":\"Wolfinger GmbH\"},\"image\":{\"@id\":\"https:\\\/\\\/wolfinger.at\\\/daemmen\\\/#\\\/schema\\\/logo\\\/image\\\/\"}}]}<\/script>\n<!-- \/ Yoast SEO plugin. -->","yoast_head_json":{"title":"Wolfi Extrema Mono 220 Dual SK - WOLFINGER","robots":{"index":"index","follow":"follow","max-snippet":"max-snippet:-1","max-image-preview":"max-image-preview:large","max-video-preview":"max-video-preview:-1"},"canonical":"https:\/\/wolfinger.at\/daemmen\/produkte\/schalungsbahnen-und-fassadenbahnen\/wolfi-extrema-mono-220-dual-sk\/","og_locale":"de_DE","og_type":"article","og_title":"Wolfi Extrema Mono 220 Dual SK - WOLFINGER","og_description":"Wolfi Extrema Mono 220 DSK Schalungs- Unterspannbahn mit monolithischer Technologie und zwei integrierten Selbstklebestreifen f\u00fcr regensichere Unterd\u00e4cher ab 15\u00b0 Dachneigung \u00d6NORM B3661 und 4119. DU Typ I IM SHOP ANSEHEN Wolfi Mono 220 DSK ist eine 220g\/m\u00b2 schwere, dreilagige, extrem diffusionsoffene Schalungsbahn mit TPU-Membran und integrierten Klebestreifen. Sie zeichnet sich durch ihre hohe Rutsch-, Rei\u00df- [&hellip;]","og_url":"https:\/\/wolfinger.at\/daemmen\/produkte\/schalungsbahnen-und-fassadenbahnen\/wolfi-extrema-mono-220-dual-sk\/","og_site_name":"WOLFINGER","article_modified_time":"2026-04-29T06:21:43+00:00","og_image":[{"width":1027,"height":684,"url":"https:\/\/wolfinger.at\/daemmen\/wp-content\/uploads\/2026\/01\/schalungsbahn-extremamono200dsk.jpg","type":"image\/jpeg"}],"twitter_card":"summary_large_image","twitter_misc":{"Gesch\u00e4tzte Lesezeit":"1\u00a0Minute"},"schema":{"@context":"https:\/\/schema.org","@graph":[{"@type":"WebPage","@id":"https:\/\/wolfinger.at\/daemmen\/produkte\/schalungsbahnen-und-fassadenbahnen\/wolfi-extrema-mono-220-dual-sk\/","url":"https:\/\/wolfinger.at\/daemmen\/produkte\/schalungsbahnen-und-fassadenbahnen\/wolfi-extrema-mono-220-dual-sk\/","name":"Wolfi Extrema Mono 220 Dual SK - WOLFINGER","isPartOf":{"@id":"https:\/\/wolfinger.at\/daemmen\/#website"},"primaryImageOfPage":{"@id":"https:\/\/wolfinger.at\/daemmen\/produkte\/schalungsbahnen-und-fassadenbahnen\/wolfi-extrema-mono-220-dual-sk\/#primaryimage"},"image":{"@id":"https:\/\/wolfinger.at\/daemmen\/produkte\/schalungsbahnen-und-fassadenbahnen\/wolfi-extrema-mono-220-dual-sk\/#primaryimage"},"thumbnailUrl":"https:\/\/wolfinger.at\/daemmen\/wp-content\/uploads\/2026\/01\/schalungsbahn-extremamono200dsk-1024x682.jpg","datePublished":"2026-03-23T11:31:04+00:00","dateModified":"2026-04-29T06:21:43+00:00","breadcrumb":{"@id":"https:\/\/wolfinger.at\/daemmen\/produkte\/schalungsbahnen-und-fassadenbahnen\/wolfi-extrema-mono-220-dual-sk\/#breadcrumb"},"inLanguage":"de","potentialAction":[{"@type":"ReadAction","target":["https:\/\/wolfinger.at\/daemmen\/produkte\/schalungsbahnen-und-fassadenbahnen\/wolfi-extrema-mono-220-dual-sk\/"]}]},{"@type":"ImageObject","inLanguage":"de","@id":"https:\/\/wolfinger.at\/daemmen\/produkte\/schalungsbahnen-und-fassadenbahnen\/wolfi-extrema-mono-220-dual-sk\/#primaryimage","url":"https:\/\/wolfinger.at\/daemmen\/wp-content\/uploads\/2026\/01\/schalungsbahn-extremamono200dsk.jpg","contentUrl":"https:\/\/wolfinger.at\/daemmen\/wp-content\/uploads\/2026\/01\/schalungsbahn-extremamono200dsk.jpg","width":1027,"height":684},{"@type":"BreadcrumbList","@id":"https:\/\/wolfinger.at\/daemmen\/produkte\/schalungsbahnen-und-fassadenbahnen\/wolfi-extrema-mono-220-dual-sk\/#breadcrumb","itemListElement":[{"@type":"ListItem","position":1,"name":"Startseite","item":"https:\/\/wolfinger.at\/daemmen\/"},{"@type":"ListItem","position":2,"name":"Produkte","item":"https:\/\/wolfinger.at\/daemmen\/produkte\/"},{"@type":"ListItem","position":3,"name":"Schalungsbahnen und Fassadenbahnen","item":"https:\/\/wolfinger.at\/daemmen\/produkte\/schalungsbahnen-und-fassadenbahnen\/"},{"@type":"ListItem","position":4,"name":"Wolfi Extrema Mono 220 Dual SK"}]},{"@type":"WebSite","@id":"https:\/\/wolfinger.at\/daemmen\/#website","url":"https:\/\/wolfinger.at\/daemmen\/","name":"Wolfinger Zellulosed\u00e4mmung","description":"Zellulosed\u00e4mmung","publisher":{"@id":"https:\/\/wolfinger.at\/daemmen\/#organization"},"potentialAction":[{"@type":"SearchAction","target":{"@type":"EntryPoint","urlTemplate":"https:\/\/wolfinger.at\/daemmen\/?s={search_term_string}"},"query-input":{"@type":"PropertyValueSpecification","valueRequired":true,"valueName":"search_term_string"}}],"inLanguage":"de"},{"@type":"Organization","@id":"https:\/\/wolfinger.at\/daemmen\/#organization","name":"Wolfinger GmbH","url":"https:\/\/wolfinger.at\/daemmen\/","logo":{"@type":"ImageObject","inLanguage":"de","@id":"https:\/\/wolfinger.at\/daemmen\/#\/schema\/logo\/image\/","url":"https:\/\/wolfinger.at\/daemmen\/wp-content\/uploads\/2024\/03\/wolfinger_fav_144.png","contentUrl":"https:\/\/wolfinger.at\/daemmen\/wp-content\/uploads\/2024\/03\/wolfinger_fav_144.png","width":1633,"height":1632,"caption":"Wolfinger GmbH"},"image":{"@id":"https:\/\/wolfinger.at\/daemmen\/#\/schema\/logo\/image\/"}}]}},"_links":{"self":[{"href":"https:\/\/wolfinger.at\/daemmen\/wp-json\/wp\/v2\/pages\/4764","targetHints":{"allow":["GET"]}}],"collection":[{"href":"https:\/\/wolfinger.at\/daemmen\/wp-json\/wp\/v2\/pages"}],"about":[{"href":"https:\/\/wolfinger.at\/daemmen\/wp-json\/wp\/v2\/types\/page"}],"author":[{"embeddable":true,"href":"https:\/\/wolfinger.at\/daemmen\/wp-json\/wp\/v2\/users\/12"}],"replies":[{"embeddable":true,"href":"https:\/\/wolfinger.at\/daemmen\/wp-json\/wp\/v2\/comments?post=4764"}],"version-history":[{"count":28,"href":"https:\/\/wolfinger.at\/daemmen\/wp-json\/wp\/v2\/pages\/4764\/revisions"}],"predecessor-version":[{"id":5641,"href":"https:\/\/wolfinger.at\/daemmen\/wp-json\/wp\/v2\/pages\/4764\/revisions\/5641"}],"up":[{"embeddable":true,"href":"https:\/\/wolfinger.at\/daemmen\/wp-json\/wp\/v2\/pages\/4232"}],"wp:attachment":[{"href":"https:\/\/wolfinger.at\/daemmen\/wp-json\/wp\/v2\/media?parent=4764"}],"curies":[{"name":"wp","href":"https:\/\/api.w.org\/{rel}","templated":true}]}}