{"id":4182,"date":"2026-01-15T09:01:36","date_gmt":"2026-01-15T07:01:36","guid":{"rendered":"https:\/\/wolfinger.at\/daemmen\/?page_id=4182"},"modified":"2026-02-11T12:52:48","modified_gmt":"2026-02-11T10:52:48","slug":"daemmstoffe","status":"publish","type":"page","link":"https:\/\/wolfinger.at\/daemmen\/produkte\/daemmstoffe\/","title":{"rendered":"D\u00e4mmstoffe"},"content":{"rendered":"\t\t<div data-elementor-type=\"wp-page\" data-elementor-id=\"4182\" class=\"elementor elementor-4182\" data-elementor-post-type=\"page\">\n\t\t\t\t<div class=\"elementor-element elementor-element-78db8fc e-flex e-con-boxed e-con e-parent\" data-id=\"78db8fc\" data-element_type=\"container\" data-e-type=\"container\">\n\t\t\t\t\t<div class=\"e-con-inner\">\n\t\t\t\t<div class=\"elementor-element elementor-element-54d422a elementor-widget elementor-widget-heading\" data-id=\"54d422a\" data-element_type=\"widget\" data-e-type=\"widget\" data-widget_type=\"heading.default\">\n\t\t\t\t\t<h1 class=\"elementor-heading-title elementor-size-default\">D\u00e4mmstoffe<\/h1>\t\t\t\t<\/div>\n\t\t\t\t\t<\/div>\n\t\t\t\t<\/div>\n\t\t<div class=\"elementor-element elementor-element-3cecf0e e-grid e-con-boxed e-con e-parent\" data-id=\"3cecf0e\" data-element_type=\"container\" data-e-type=\"container\">\n\t\t\t\t\t<div class=\"e-con-inner\">\n\t\t<a class=\"elementor-element elementor-element-4553eb24 e-con-full e-flex e-con e-child\" data-id=\"4553eb24\" data-element_type=\"container\" data-e-type=\"container\" href=\"https:\/\/wolfinger.at\/daemmen\/wolfinger-zellulosedaemmung\/\">\n\t\t\t\t<div class=\"elementor-element elementor-element-57a7df01 elementor-widget elementor-widget-image\" data-id=\"57a7df01\" data-element_type=\"widget\" data-e-type=\"widget\" data-widget_type=\"image.default\">\n\t\t\t\t\t\t\t\t\t\t\t\t\t\t\t<img fetchpriority=\"high\" decoding=\"async\" width=\"1025\" height=\"684\" src=\"https:\/\/wolfinger.at\/daemmen\/wp-content\/uploads\/2026\/01\/Zellulose-freigestellt-1025x684-2.png\" class=\"attachment-full size-full wp-image-4160\" alt=\"\" srcset=\"https:\/\/wolfinger.at\/daemmen\/wp-content\/uploads\/2026\/01\/Zellulose-freigestellt-1025x684-2.png 1025w, https:\/\/wolfinger.at\/daemmen\/wp-content\/uploads\/2026\/01\/Zellulose-freigestellt-1025x684-2-300x200.png 300w, https:\/\/wolfinger.at\/daemmen\/wp-content\/uploads\/2026\/01\/Zellulose-freigestellt-1025x684-2-768x512.png 768w, https:\/\/wolfinger.at\/daemmen\/wp-content\/uploads\/2026\/01\/Zellulose-freigestellt-1025x684-2-210x140.png 210w, https:\/\/wolfinger.at\/daemmen\/wp-content\/uploads\/2026\/01\/Zellulose-freigestellt-1025x684-2-578x386.png 578w, https:\/\/wolfinger.at\/daemmen\/wp-content\/uploads\/2026\/01\/Zellulose-freigestellt-1025x684-2-600x400.png 600w\" sizes=\"(max-width: 1025px) 100vw, 1025px\" \/>\t\t\t\t\t\t\t\t\t\t\t\t\t\t\t<\/div>\n\t\t\t\t<div class=\"elementor-element elementor-element-a98e5aa elementor-widget elementor-widget-heading\" data-id=\"a98e5aa\" data-element_type=\"widget\" data-e-type=\"widget\" data-widget_type=\"heading.default\">\n\t\t\t\t\t<h6 class=\"elementor-heading-title elementor-size-default\">Wolfinger Zellulosed\u00e4mmung<\/h6>\t\t\t\t<\/div>\n\t\t\t\t<div class=\"elementor-element elementor-element-f4cbdf7 elementor-widget elementor-widget-text-editor\" data-id=\"f4cbdf7\" data-element_type=\"widget\" data-e-type=\"widget\" data-widget_type=\"text-editor.default\">\n\t\t\t\t\t\t\t\t\t<p>Nachhaltiger Zellulosed\u00e4mmstoff aus sortenreinen Tageszeitungspapier<\/p>\t\t\t\t\t\t\t\t<\/div>\n\t\t\t\t<\/a>\n\t\t<a class=\"elementor-element elementor-element-a81a9d0 e-con-full e-flex e-con e-child\" data-id=\"a81a9d0\" data-element_type=\"container\" data-e-type=\"container\" href=\"https:\/\/wolfinger.at\/daemmen\/naturefill\/\">\n\t\t\t\t<div class=\"elementor-element elementor-element-49efff9 elementor-widget elementor-widget-image\" data-id=\"49efff9\" data-element_type=\"widget\" data-e-type=\"widget\" data-widget_type=\"image.default\">\n\t\t\t\t\t\t\t\t\t\t\t\t\t\t\t<img fetchpriority=\"high\" decoding=\"async\" width=\"1025\" height=\"684\" src=\"https:\/\/wolfinger.at\/daemmen\/wp-content\/uploads\/2026\/01\/Zellulose-freigestellt-1025x684-2.png\" class=\"attachment-full size-full wp-image-4160\" alt=\"\" srcset=\"https:\/\/wolfinger.at\/daemmen\/wp-content\/uploads\/2026\/01\/Zellulose-freigestellt-1025x684-2.png 1025w, https:\/\/wolfinger.at\/daemmen\/wp-content\/uploads\/2026\/01\/Zellulose-freigestellt-1025x684-2-300x200.png 300w, https:\/\/wolfinger.at\/daemmen\/wp-content\/uploads\/2026\/01\/Zellulose-freigestellt-1025x684-2-768x512.png 768w, https:\/\/wolfinger.at\/daemmen\/wp-content\/uploads\/2026\/01\/Zellulose-freigestellt-1025x684-2-210x140.png 210w, https:\/\/wolfinger.at\/daemmen\/wp-content\/uploads\/2026\/01\/Zellulose-freigestellt-1025x684-2-578x386.png 578w, https:\/\/wolfinger.at\/daemmen\/wp-content\/uploads\/2026\/01\/Zellulose-freigestellt-1025x684-2-600x400.png 600w\" sizes=\"(max-width: 1025px) 100vw, 1025px\" \/>\t\t\t\t\t\t\t\t\t\t\t\t\t\t\t<\/div>\n\t\t\t\t<div class=\"elementor-element elementor-element-1d2da5f elementor-widget elementor-widget-heading\" data-id=\"1d2da5f\" data-element_type=\"widget\" data-e-type=\"widget\" data-widget_type=\"heading.default\">\n\t\t\t\t\t<h6 class=\"elementor-heading-title elementor-size-default\">Wolfinger NatureFill<\/h6>\t\t\t\t<\/div>\n\t\t\t\t<div class=\"elementor-element elementor-element-ff3e801 elementor-widget elementor-widget-text-editor\" data-id=\"ff3e801\" data-element_type=\"widget\" data-e-type=\"widget\" data-widget_type=\"text-editor.default\">\n\t\t\t\t\t\t\t\t\t<p>Nachhaltiger Zellulosed\u00e4mmstoff aus sortenreinen Tageszeitungspapier ohne Borzus\u00e4tze<\/p>\t\t\t\t\t\t\t\t<\/div>\n\t\t\t\t<\/a>\n\t\t\t\t\t<\/div>\n\t\t\t\t<\/div>\n\t\t\t\t<\/div>\n\t\t","protected":false},"excerpt":{"rendered":"<p>D\u00e4mmstoffe Wolfinger Zellulosed\u00e4mmung Nachhaltiger Zellulosed\u00e4mmstoff aus sortenreinen Tageszeitungspapier Wolfinger NatureFill Nachhaltiger Zellulosed\u00e4mmstoff aus sortenreinen Tageszeitungspapier ohne Borzus\u00e4tze<\/p>\n","protected":false},"author":12,"featured_media":0,"parent":2732,"menu_order":0,"comment_status":"closed","ping_status":"closed","template":"","meta":{"footnotes":""},"class_list":["post-4182","page","type-page","status-publish","hentry"],"yoast_head":"<!-- This site is optimized with the Yoast SEO plugin v27.4 - https:\/\/yoast.com\/product\/yoast-seo-wordpress\/ -->\n<title>D\u00e4mmstoffe - WOLFINGER<\/title>\n<meta name=\"robots\" content=\"index, follow, max-snippet:-1, max-image-preview:large, max-video-preview:-1\" \/>\n<link rel=\"canonical\" href=\"https:\/\/wolfinger.at\/daemmen\/produkte\/daemmstoffe\/\" \/>\n<meta property=\"og:locale\" content=\"de_DE\" \/>\n<meta property=\"og:type\" content=\"article\" \/>\n<meta property=\"og:title\" content=\"D\u00e4mmstoffe - WOLFINGER\" \/>\n<meta property=\"og:description\" content=\"D\u00e4mmstoffe Wolfinger Zellulosed\u00e4mmung Nachhaltiger Zellulosed\u00e4mmstoff aus sortenreinen Tageszeitungspapier Wolfinger NatureFill Nachhaltiger Zellulosed\u00e4mmstoff aus sortenreinen Tageszeitungspapier ohne Borzus\u00e4tze\" \/>\n<meta property=\"og:url\" content=\"https:\/\/wolfinger.at\/daemmen\/produkte\/daemmstoffe\/\" \/>\n<meta property=\"og:site_name\" content=\"WOLFINGER\" \/>\n<meta property=\"article:modified_time\" content=\"2026-02-11T10:52:48+00:00\" \/>\n<meta property=\"og:image\" content=\"https:\/\/wolfinger.at\/daemmen\/wp-content\/uploads\/2026\/01\/Zellulose-freigestellt-1025x684-2.png\" \/>\n\t<meta property=\"og:image:width\" content=\"1025\" \/>\n\t<meta property=\"og:image:height\" content=\"684\" \/>\n\t<meta property=\"og:image:type\" content=\"image\/png\" \/>\n<meta name=\"twitter:card\" content=\"summary_large_image\" \/>\n<meta name=\"twitter:label1\" content=\"Gesch\u00e4tzte Lesezeit\" \/>\n\t<meta name=\"twitter:data1\" content=\"1\u00a0Minute\" \/>\n<script type=\"application\/ld+json\" class=\"yoast-schema-graph\">{\"@context\":\"https:\\\/\\\/schema.org\",\"@graph\":[{\"@type\":\"WebPage\",\"@id\":\"https:\\\/\\\/wolfinger.at\\\/daemmen\\\/produkte\\\/daemmstoffe\\\/\",\"url\":\"https:\\\/\\\/wolfinger.at\\\/daemmen\\\/produkte\\\/daemmstoffe\\\/\",\"name\":\"D\u00e4mmstoffe - WOLFINGER\",\"isPartOf\":{\"@id\":\"https:\\\/\\\/wolfinger.at\\\/daemmen\\\/#website\"},\"primaryImageOfPage\":{\"@id\":\"https:\\\/\\\/wolfinger.at\\\/daemmen\\\/produkte\\\/daemmstoffe\\\/#primaryimage\"},\"image\":{\"@id\":\"https:\\\/\\\/wolfinger.at\\\/daemmen\\\/produkte\\\/daemmstoffe\\\/#primaryimage\"},\"thumbnailUrl\":\"https:\\\/\\\/wolfinger.at\\\/daemmen\\\/wp-content\\\/uploads\\\/2026\\\/01\\\/Zellulose-freigestellt-1025x684-2.png\",\"datePublished\":\"2026-01-15T07:01:36+00:00\",\"dateModified\":\"2026-02-11T10:52:48+00:00\",\"breadcrumb\":{\"@id\":\"https:\\\/\\\/wolfinger.at\\\/daemmen\\\/produkte\\\/daemmstoffe\\\/#breadcrumb\"},\"inLanguage\":\"de\",\"potentialAction\":[{\"@type\":\"ReadAction\",\"target\":[\"https:\\\/\\\/wolfinger.at\\\/daemmen\\\/produkte\\\/daemmstoffe\\\/\"]}]},{\"@type\":\"ImageObject\",\"inLanguage\":\"de\",\"@id\":\"https:\\\/\\\/wolfinger.at\\\/daemmen\\\/produkte\\\/daemmstoffe\\\/#primaryimage\",\"url\":\"https:\\\/\\\/wolfinger.at\\\/daemmen\\\/wp-content\\\/uploads\\\/2026\\\/01\\\/Zellulose-freigestellt-1025x684-2.png\",\"contentUrl\":\"https:\\\/\\\/wolfinger.at\\\/daemmen\\\/wp-content\\\/uploads\\\/2026\\\/01\\\/Zellulose-freigestellt-1025x684-2.png\",\"width\":1025,\"height\":684},{\"@type\":\"BreadcrumbList\",\"@id\":\"https:\\\/\\\/wolfinger.at\\\/daemmen\\\/produkte\\\/daemmstoffe\\\/#breadcrumb\",\"itemListElement\":[{\"@type\":\"ListItem\",\"position\":1,\"name\":\"Startseite\",\"item\":\"https:\\\/\\\/wolfinger.at\\\/daemmen\\\/\"},{\"@type\":\"ListItem\",\"position\":2,\"name\":\"Produkte\",\"item\":\"https:\\\/\\\/wolfinger.at\\\/daemmen\\\/produkte\\\/\"},{\"@type\":\"ListItem\",\"position\":3,\"name\":\"D\u00e4mmstoffe\"}]},{\"@type\":\"WebSite\",\"@id\":\"https:\\\/\\\/wolfinger.at\\\/daemmen\\\/#website\",\"url\":\"https:\\\/\\\/wolfinger.at\\\/daemmen\\\/\",\"name\":\"Wolfinger Zellulosed\u00e4mmung\",\"description\":\"Zellulosed\u00e4mmung\",\"publisher\":{\"@id\":\"https:\\\/\\\/wolfinger.at\\\/daemmen\\\/#organization\"},\"potentialAction\":[{\"@type\":\"SearchAction\",\"target\":{\"@type\":\"EntryPoint\",\"urlTemplate\":\"https:\\\/\\\/wolfinger.at\\\/daemmen\\\/?s={search_term_string}\"},\"query-input\":{\"@type\":\"PropertyValueSpecification\",\"valueRequired\":true,\"valueName\":\"search_term_string\"}}],\"inLanguage\":\"de\"},{\"@type\":\"Organization\",\"@id\":\"https:\\\/\\\/wolfinger.at\\\/daemmen\\\/#organization\",\"name\":\"Wolfinger GmbH\",\"url\":\"https:\\\/\\\/wolfinger.at\\\/daemmen\\\/\",\"logo\":{\"@type\":\"ImageObject\",\"inLanguage\":\"de\",\"@id\":\"https:\\\/\\\/wolfinger.at\\\/daemmen\\\/#\\\/schema\\\/logo\\\/image\\\/\",\"url\":\"https:\\\/\\\/wolfinger.at\\\/daemmen\\\/wp-content\\\/uploads\\\/2024\\\/03\\\/wolfinger_fav_144.png\",\"contentUrl\":\"https:\\\/\\\/wolfinger.at\\\/daemmen\\\/wp-content\\\/uploads\\\/2024\\\/03\\\/wolfinger_fav_144.png\",\"width\":1633,\"height\":1632,\"caption\":\"Wolfinger GmbH\"},\"image\":{\"@id\":\"https:\\\/\\\/wolfinger.at\\\/daemmen\\\/#\\\/schema\\\/logo\\\/image\\\/\"}}]}<\/script>\n<!-- \/ Yoast SEO plugin. -->","yoast_head_json":{"title":"D\u00e4mmstoffe - WOLFINGER","robots":{"index":"index","follow":"follow","max-snippet":"max-snippet:-1","max-image-preview":"max-image-preview:large","max-video-preview":"max-video-preview:-1"},"canonical":"https:\/\/wolfinger.at\/daemmen\/produkte\/daemmstoffe\/","og_locale":"de_DE","og_type":"article","og_title":"D\u00e4mmstoffe - WOLFINGER","og_description":"D\u00e4mmstoffe Wolfinger Zellulosed\u00e4mmung Nachhaltiger Zellulosed\u00e4mmstoff aus sortenreinen Tageszeitungspapier Wolfinger NatureFill Nachhaltiger Zellulosed\u00e4mmstoff aus sortenreinen Tageszeitungspapier ohne Borzus\u00e4tze","og_url":"https:\/\/wolfinger.at\/daemmen\/produkte\/daemmstoffe\/","og_site_name":"WOLFINGER","article_modified_time":"2026-02-11T10:52:48+00:00","og_image":[{"width":1025,"height":684,"url":"https:\/\/wolfinger.at\/daemmen\/wp-content\/uploads\/2026\/01\/Zellulose-freigestellt-1025x684-2.png","type":"image\/png"}],"twitter_card":"summary_large_image","twitter_misc":{"Gesch\u00e4tzte Lesezeit":"1\u00a0Minute"},"schema":{"@context":"https:\/\/schema.org","@graph":[{"@type":"WebPage","@id":"https:\/\/wolfinger.at\/daemmen\/produkte\/daemmstoffe\/","url":"https:\/\/wolfinger.at\/daemmen\/produkte\/daemmstoffe\/","name":"D\u00e4mmstoffe - WOLFINGER","isPartOf":{"@id":"https:\/\/wolfinger.at\/daemmen\/#website"},"primaryImageOfPage":{"@id":"https:\/\/wolfinger.at\/daemmen\/produkte\/daemmstoffe\/#primaryimage"},"image":{"@id":"https:\/\/wolfinger.at\/daemmen\/produkte\/daemmstoffe\/#primaryimage"},"thumbnailUrl":"https:\/\/wolfinger.at\/daemmen\/wp-content\/uploads\/2026\/01\/Zellulose-freigestellt-1025x684-2.png","datePublished":"2026-01-15T07:01:36+00:00","dateModified":"2026-02-11T10:52:48+00:00","breadcrumb":{"@id":"https:\/\/wolfinger.at\/daemmen\/produkte\/daemmstoffe\/#breadcrumb"},"inLanguage":"de","potentialAction":[{"@type":"ReadAction","target":["https:\/\/wolfinger.at\/daemmen\/produkte\/daemmstoffe\/"]}]},{"@type":"ImageObject","inLanguage":"de","@id":"https:\/\/wolfinger.at\/daemmen\/produkte\/daemmstoffe\/#primaryimage","url":"https:\/\/wolfinger.at\/daemmen\/wp-content\/uploads\/2026\/01\/Zellulose-freigestellt-1025x684-2.png","contentUrl":"https:\/\/wolfinger.at\/daemmen\/wp-content\/uploads\/2026\/01\/Zellulose-freigestellt-1025x684-2.png","width":1025,"height":684},{"@type":"BreadcrumbList","@id":"https:\/\/wolfinger.at\/daemmen\/produkte\/daemmstoffe\/#breadcrumb","itemListElement":[{"@type":"ListItem","position":1,"name":"Startseite","item":"https:\/\/wolfinger.at\/daemmen\/"},{"@type":"ListItem","position":2,"name":"Produkte","item":"https:\/\/wolfinger.at\/daemmen\/produkte\/"},{"@type":"ListItem","position":3,"name":"D\u00e4mmstoffe"}]},{"@type":"WebSite","@id":"https:\/\/wolfinger.at\/daemmen\/#website","url":"https:\/\/wolfinger.at\/daemmen\/","name":"Wolfinger Zellulosed\u00e4mmung","description":"Zellulosed\u00e4mmung","publisher":{"@id":"https:\/\/wolfinger.at\/daemmen\/#organization"},"potentialAction":[{"@type":"SearchAction","target":{"@type":"EntryPoint","urlTemplate":"https:\/\/wolfinger.at\/daemmen\/?s={search_term_string}"},"query-input":{"@type":"PropertyValueSpecification","valueRequired":true,"valueName":"search_term_string"}}],"inLanguage":"de"},{"@type":"Organization","@id":"https:\/\/wolfinger.at\/daemmen\/#organization","name":"Wolfinger GmbH","url":"https:\/\/wolfinger.at\/daemmen\/","logo":{"@type":"ImageObject","inLanguage":"de","@id":"https:\/\/wolfinger.at\/daemmen\/#\/schema\/logo\/image\/","url":"https:\/\/wolfinger.at\/daemmen\/wp-content\/uploads\/2024\/03\/wolfinger_fav_144.png","contentUrl":"https:\/\/wolfinger.at\/daemmen\/wp-content\/uploads\/2024\/03\/wolfinger_fav_144.png","width":1633,"height":1632,"caption":"Wolfinger GmbH"},"image":{"@id":"https:\/\/wolfinger.at\/daemmen\/#\/schema\/logo\/image\/"}}]}},"_links":{"self":[{"href":"https:\/\/wolfinger.at\/daemmen\/wp-json\/wp\/v2\/pages\/4182","targetHints":{"allow":["GET"]}}],"collection":[{"href":"https:\/\/wolfinger.at\/daemmen\/wp-json\/wp\/v2\/pages"}],"about":[{"href":"https:\/\/wolfinger.at\/daemmen\/wp-json\/wp\/v2\/types\/page"}],"author":[{"embeddable":true,"href":"https:\/\/wolfinger.at\/daemmen\/wp-json\/wp\/v2\/users\/12"}],"replies":[{"embeddable":true,"href":"https:\/\/wolfinger.at\/daemmen\/wp-json\/wp\/v2\/comments?post=4182"}],"version-history":[{"count":19,"href":"https:\/\/wolfinger.at\/daemmen\/wp-json\/wp\/v2\/pages\/4182\/revisions"}],"predecessor-version":[{"id":5117,"href":"https:\/\/wolfinger.at\/daemmen\/wp-json\/wp\/v2\/pages\/4182\/revisions\/5117"}],"up":[{"embeddable":true,"href":"https:\/\/wolfinger.at\/daemmen\/wp-json\/wp\/v2\/pages\/2732"}],"wp:attachment":[{"href":"https:\/\/wolfinger.at\/daemmen\/wp-json\/wp\/v2\/media?parent=4182"}],"curies":[{"name":"wp","href":"https:\/\/api.w.org\/{rel}","templated":true}]}}