{"id":4039,"date":"2026-01-29T13:57:13","date_gmt":"2026-01-29T11:57:13","guid":{"rendered":"https:\/\/wolfinger.at\/daemmen\/?page_id=4039"},"modified":"2026-04-29T08:19:01","modified_gmt":"2026-04-29T06:19:01","slug":"wolfi-nageldichtband-soft-dual","status":"publish","type":"page","link":"https:\/\/wolfinger.at\/daemmen\/produkte\/nageldichtheit\/wolfi-nageldichtband-soft-dual\/","title":{"rendered":"Wolfi Nageldichtband Soft Dual"},"content":{"rendered":"\t\t<div data-elementor-type=\"wp-page\" data-elementor-id=\"4039\" class=\"elementor elementor-4039\" data-elementor-post-type=\"page\">\n\t\t\t\t<div class=\"elementor-element elementor-element-4e0e464b e-grid e-con-boxed e-con e-parent\" data-id=\"4e0e464b\" data-element_type=\"container\" data-e-type=\"container\">\n\t\t\t\t\t<div class=\"e-con-inner\">\n\t\t<div class=\"elementor-element elementor-element-2a4b364d e-con-full e-flex e-con e-child\" data-id=\"2a4b364d\" data-element_type=\"container\" data-e-type=\"container\">\n\t\t\t\t<div class=\"elementor-element elementor-element-1d5c78c1 elementor-widget elementor-widget-heading\" data-id=\"1d5c78c1\" data-element_type=\"widget\" data-e-type=\"widget\" data-widget_type=\"heading.default\">\n\t\t\t\t\t<h1 class=\"elementor-heading-title elementor-size-default\">Wolfi Nageldichtband Soft Dual<\/h1>\t\t\t\t<\/div>\n\t\t\t\t<div class=\"elementor-element elementor-element-7503abb5 elementor-widget elementor-widget-text-editor\" data-id=\"7503abb5\" data-element_type=\"widget\" data-e-type=\"widget\" data-widget_type=\"text-editor.default\">\n\t\t\t\t\t\t\t\t\t<p><strong>Wolfi Nageldichtband Soft Dual<\/strong> ist ein beidseitig klebendes Schaum-Dichtband zur sicheren Abdichtung von Nageldurchdringungen bei regensicheren und erh\u00f6ht regensicheren Unterd\u00e4chern.<\/p>\t\t\t\t\t\t\t\t<\/div>\n\t\t\t\t<div class=\"elementor-element elementor-element-41aaf614 elementor-widget elementor-widget-button\" data-id=\"41aaf614\" data-element_type=\"widget\" data-e-type=\"widget\" data-widget_type=\"button.default\">\n\t\t\t\t\t\t\t\t\t\t<a class=\"elementor-button elementor-button-link elementor-size-sm\" href=\"https:\/\/shop.wolfinger.at\/c\/ola1-6\/a\/ola1-451\/Nageldichtheit\/Wolfi-Nageldichtband-Soft-Dual-70-mm.html\" target=\"_blank\">\n\t\t\t\t\t\t<span class=\"elementor-button-content-wrapper\">\n\t\t\t\t\t\t\t\t\t<span class=\"elementor-button-text\">IM SHOP ANSEHEN<\/span>\n\t\t\t\t\t<\/span>\n\t\t\t\t\t<\/a>\n\t\t\t\t\t\t\t\t<\/div>\n\t\t\t\t<div class=\"elementor-element elementor-element-66eb5053 elementor-widget elementor-widget-image\" data-id=\"66eb5053\" data-element_type=\"widget\" data-e-type=\"widget\" data-widget_type=\"image.default\">\n\t\t\t\t\t\t\t\t\t\t\t\t\t\t\t\t<a href=\"https:\/\/www.baubook.at\/m\/PHP\/Info.php?SI=2142748674&#038;SW=5\" target=\"_blank\">\n\t\t\t\t\t\t\t<img decoding=\"async\" width=\"160\" height=\"36\" src=\"https:\/\/wolfinger.at\/daemmen\/wp-content\/uploads\/2026\/01\/Baubook.svg\" class=\"attachment-large size-large wp-image-3885\" alt=\"\" \/>\t\t\t\t\t\t\t\t<\/a>\n\t\t\t\t\t\t\t\t\t\t\t\t\t\t\t<\/div>\n\t\t\t\t<\/div>\n\t\t<div class=\"elementor-element elementor-element-5512dc46 e-con-full e-flex e-con e-child\" data-id=\"5512dc46\" data-element_type=\"container\" data-e-type=\"container\">\n\t\t\t\t<div class=\"elementor-element elementor-element-528a8f00 elementor-widget elementor-widget-image\" data-id=\"528a8f00\" data-element_type=\"widget\" data-e-type=\"widget\" data-widget_type=\"image.default\">\n\t\t\t\t\t\t\t\t\t\t\t\t\t\t\t<img fetchpriority=\"high\" decoding=\"async\" width=\"600\" height=\"376\" src=\"https:\/\/wolfinger.at\/daemmen\/wp-content\/uploads\/2026\/01\/nageldichtband-gelb-2-201.jpg\" class=\"attachment-large size-large wp-image-4035\" alt=\"\" srcset=\"https:\/\/wolfinger.at\/daemmen\/wp-content\/uploads\/2026\/01\/nageldichtband-gelb-2-201.jpg 600w, https:\/\/wolfinger.at\/daemmen\/wp-content\/uploads\/2026\/01\/nageldichtband-gelb-2-201-300x188.jpg 300w\" sizes=\"(max-width: 600px) 100vw, 600px\" \/>\t\t\t\t\t\t\t\t\t\t\t\t\t\t\t<\/div>\n\t\t\t\t<\/div>\n\t\t\t\t\t<\/div>\n\t\t\t\t<\/div>\n\t\t<div class=\"elementor-element elementor-element-249c82f3 e-flex e-con-boxed e-con e-parent\" data-id=\"249c82f3\" data-element_type=\"container\" data-e-type=\"container\">\n\t\t\t\t\t<div class=\"e-con-inner\">\n\t\t\t\t<div class=\"elementor-element elementor-element-52207ea0 elementor-widget elementor-widget-text-editor\" data-id=\"52207ea0\" data-element_type=\"widget\" data-e-type=\"widget\" data-widget_type=\"text-editor.default\">\n\t\t\t\t\t\t\t\t\t<p><strong>Wolfi Nageldichtband Soft Dual<\/strong> ist ein zweiseitig klebendes, weiches Polyethylenschaum-Dichtklebeband, das speziell f\u00fcr die Abdichtung von Nageldurchdringungen beim Befestigen von Konterlatten entwickelt wurde. Durch die beidseitige Klebeschicht entsteht eine besonders sichere Verbindung zwischen Schalungsbahn und Konterlatte, wodurch das Eindringen von Wasser zuverl\u00e4ssig verhindert wird.<\/p><p>Das Dichtband wird direkt auf der Schalungs- oder Unterspannbahn angebracht und nicht auf der Latte. Beim Nageln umschlie\u00dft das Material den Nagel vollst\u00e4ndig und bildet eine dauerhaft dichte Durchdringungsstelle &#8211; auch bei unebenen Untergr\u00fcnden. Wolfi Nageldichtband Soft Dual eignet sich sowohl f\u00fcr regensichere als auch f\u00fcr erh\u00f6ht regensichere Unterd\u00e4cher gem\u00e4\u00df \u00d6NORM B 4119.<\/p><p>Dank seiner wichen, geschlossenzelligen Struktur unterst\u00fctzt das Dichtband eine langfristige sichere Ausf\u00fchrung von Unterdachkonstruktionen und ist f\u00fcr Dachneigungen ab 5\u00b0 vorgesehen. F\u00fcr eine zuverl\u00e4ssige Funktion sind Untergrundvorbereitungen und eine fachgerechte Verarbeitung gem\u00e4\u00df den Verarbeitungsrichtlinien einzuhalten.<\/p>\t\t\t\t\t\t\t\t<\/div>\n\t\t<div class=\"elementor-element elementor-element-3859146b e-con-full e-flex e-con e-child\" data-id=\"3859146b\" data-element_type=\"container\" data-e-type=\"container\">\n\t\t\t\t<div class=\"elementor-element elementor-element-39fcfe49 elementor-widget elementor-widget-heading\" data-id=\"39fcfe49\" data-element_type=\"widget\" data-e-type=\"widget\" data-widget_type=\"heading.default\">\n\t\t\t\t\t<h5 class=\"elementor-heading-title elementor-size-default\">Downloads<\/h5>\t\t\t\t<\/div>\n\t\t\t\t<div class=\"elementor-element elementor-element-81cf55d elementor-widget-divider--view-line elementor-widget elementor-widget-divider\" data-id=\"81cf55d\" data-element_type=\"widget\" data-e-type=\"widget\" data-widget_type=\"divider.default\">\n\t\t\t\t\t\t\t<div class=\"elementor-divider\">\n\t\t\t<span class=\"elementor-divider-separator\">\n\t\t\t\t\t\t<\/span>\n\t\t<\/div>\n\t\t\t\t\t\t<\/div>\n\t\t\t\t<div class=\"elementor-element elementor-element-7686bcb1 elementor-position-inline-start elementor-view-default elementor-mobile-position-block-start elementor-widget elementor-widget-icon-box\" data-id=\"7686bcb1\" data-element_type=\"widget\" data-e-type=\"widget\" data-widget_type=\"icon-box.default\">\n\t\t\t\t\t\t\t<div class=\"elementor-icon-box-wrapper\">\n\n\t\t\t\t\t\t<div class=\"elementor-icon-box-icon\">\n\t\t\t\t<a href=\"https:\/\/downloads.wolfinger.at\/de\/Verarbeitungsrichtlinien\/Fassaden-%20Schalungsbahnen%20Nageldichb%C3%A4nder\/Verarbeitungsrichtlinie%20Nageldichtband%20Soft%20Dual.pdf\" target=\"_blank\" class=\"elementor-icon\" tabindex=\"-1\" aria-label=\"Verarbeitungsrichtlinien\">\n\t\t\t\t<svg aria-hidden=\"true\" class=\"e-font-icon-svg e-far-file-pdf\" viewBox=\"0 0 384 512\" xmlns=\"http:\/\/www.w3.org\/2000\/svg\"><path d=\"M369.9 97.9L286 14C277 5 264.8-.1 252.1-.1H48C21.5 0 0 21.5 0 48v416c0 26.5 21.5 48 48 48h288c26.5 0 48-21.5 48-48V131.9c0-12.7-5.1-25-14.1-34zM332.1 128H256V51.9l76.1 76.1zM48 464V48h160v104c0 13.3 10.7 24 24 24h104v288H48zm250.2-143.7c-12.2-12-47-8.7-64.4-6.5-17.2-10.5-28.7-25-36.8-46.3 3.9-16.1 10.1-40.6 5.4-56-4.2-26.2-37.8-23.6-42.6-5.9-4.4 16.1-.4 38.5 7 67.1-10 23.9-24.9 56-35.4 74.4-20 10.3-47 26.2-51 46.2-3.3 15.8 26 55.2 76.1-31.2 22.4-7.4 46.8-16.5 68.4-20.1 18.9 10.2 41 17 55.8 17 25.5 0 28-28.2 17.5-38.7zm-198.1 77.8c5.1-13.7 24.5-29.5 30.4-35-19 30.3-30.4 35.7-30.4 35zm81.6-190.6c7.4 0 6.7 32.1 1.8 40.8-4.4-13.9-4.3-40.8-1.8-40.8zm-24.4 136.6c9.7-16.9 18-37 24.7-54.7 8.3 15.1 18.9 27.2 30.1 35.5-20.8 4.3-38.9 13.1-54.8 19.2zm131.6-5s-5 6-37.3-7.8c35.1-2.6 40.9 5.4 37.3 7.8z\"><\/path><\/svg>\t\t\t\t<\/a>\n\t\t\t<\/div>\n\t\t\t\n\t\t\t\t\t\t<div class=\"elementor-icon-box-content\">\n\n\t\t\t\t\t\t\t\t\t<h5 class=\"elementor-icon-box-title\">\n\t\t\t\t\t\t<a href=\"https:\/\/downloads.wolfinger.at\/de\/Verarbeitungsrichtlinien\/Fassaden-%20Schalungsbahnen%20Nageldichb%C3%A4nder\/Verarbeitungsrichtlinie%20Nageldichtband%20Soft%20Dual.pdf\" target=\"_blank\" >\n\t\t\t\t\t\t\tVerarbeitungsrichtlinien\t\t\t\t\t\t<\/a>\n\t\t\t\t\t<\/h5>\n\t\t\t\t\n\t\t\t\t\n\t\t\t<\/div>\n\t\t\t\n\t\t<\/div>\n\t\t\t\t\t\t<\/div>\n\t\t\t\t<\/div>\n\t\t\t\t\t<\/div>\n\t\t\t\t<\/div>\n\t\t\t\t<\/div>\n\t\t","protected":false},"excerpt":{"rendered":"<p>Wolfi Nageldichtband Soft Dual Wolfi Nageldichtband Soft Dual ist ein beidseitig klebendes Schaum-Dichtband zur sicheren Abdichtung von Nageldurchdringungen bei regensicheren und erh\u00f6ht regensicheren Unterd\u00e4chern. IM SHOP ANSEHEN Wolfi Nageldichtband Soft Dual ist ein zweiseitig klebendes, weiches Polyethylenschaum-Dichtklebeband, das speziell f\u00fcr die Abdichtung von Nageldurchdringungen beim Befestigen von Konterlatten entwickelt wurde. Durch die beidseitige Klebeschicht entsteht [&hellip;]<\/p>\n","protected":false},"author":12,"featured_media":0,"parent":4241,"menu_order":0,"comment_status":"closed","ping_status":"closed","template":"","meta":{"footnotes":""},"class_list":["post-4039","page","type-page","status-publish","hentry"],"yoast_head":"<!-- This site is optimized with the Yoast SEO plugin v27.6 - https:\/\/yoast.com\/product\/yoast-seo-wordpress\/ -->\n<title>Wolfi Nageldichtband Soft Dual - WOLFINGER<\/title>\n<meta name=\"robots\" content=\"index, follow, max-snippet:-1, max-image-preview:large, max-video-preview:-1\" \/>\n<link rel=\"canonical\" href=\"https:\/\/wolfinger.at\/daemmen\/produkte\/nageldichtheit\/wolfi-nageldichtband-soft-dual\/\" \/>\n<meta property=\"og:locale\" content=\"de_DE\" \/>\n<meta property=\"og:type\" content=\"article\" \/>\n<meta property=\"og:title\" content=\"Wolfi Nageldichtband Soft Dual - WOLFINGER\" \/>\n<meta property=\"og:description\" content=\"Wolfi Nageldichtband Soft Dual Wolfi Nageldichtband Soft Dual ist ein beidseitig klebendes Schaum-Dichtband zur sicheren Abdichtung von Nageldurchdringungen bei regensicheren und erh\u00f6ht regensicheren Unterd\u00e4chern. IM SHOP ANSEHEN Wolfi Nageldichtband Soft Dual ist ein zweiseitig klebendes, weiches Polyethylenschaum-Dichtklebeband, das speziell f\u00fcr die Abdichtung von Nageldurchdringungen beim Befestigen von Konterlatten entwickelt wurde. Durch die beidseitige Klebeschicht entsteht [&hellip;]\" \/>\n<meta property=\"og:url\" content=\"https:\/\/wolfinger.at\/daemmen\/produkte\/nageldichtheit\/wolfi-nageldichtband-soft-dual\/\" \/>\n<meta property=\"og:site_name\" content=\"WOLFINGER\" \/>\n<meta property=\"article:modified_time\" content=\"2026-04-29T06:19:01+00:00\" \/>\n<meta name=\"twitter:card\" content=\"summary_large_image\" \/>\n<meta name=\"twitter:label1\" content=\"Gesch\u00e4tzte Lesezeit\" \/>\n\t<meta name=\"twitter:data1\" content=\"2\u00a0Minuten\" \/>\n<script type=\"application\/ld+json\" class=\"yoast-schema-graph\">{\"@context\":\"https:\\\/\\\/schema.org\",\"@graph\":[{\"@type\":\"WebPage\",\"@id\":\"https:\\\/\\\/wolfinger.at\\\/daemmen\\\/produkte\\\/nageldichtheit\\\/wolfi-nageldichtband-soft-dual\\\/\",\"url\":\"https:\\\/\\\/wolfinger.at\\\/daemmen\\\/produkte\\\/nageldichtheit\\\/wolfi-nageldichtband-soft-dual\\\/\",\"name\":\"Wolfi Nageldichtband Soft Dual - WOLFINGER\",\"isPartOf\":{\"@id\":\"https:\\\/\\\/wolfinger.at\\\/daemmen\\\/#website\"},\"primaryImageOfPage\":{\"@id\":\"https:\\\/\\\/wolfinger.at\\\/daemmen\\\/produkte\\\/nageldichtheit\\\/wolfi-nageldichtband-soft-dual\\\/#primaryimage\"},\"image\":{\"@id\":\"https:\\\/\\\/wolfinger.at\\\/daemmen\\\/produkte\\\/nageldichtheit\\\/wolfi-nageldichtband-soft-dual\\\/#primaryimage\"},\"thumbnailUrl\":\"https:\\\/\\\/wolfinger.at\\\/daemmen\\\/wp-content\\\/uploads\\\/2026\\\/01\\\/Baubook.svg\",\"datePublished\":\"2026-01-29T11:57:13+00:00\",\"dateModified\":\"2026-04-29T06:19:01+00:00\",\"breadcrumb\":{\"@id\":\"https:\\\/\\\/wolfinger.at\\\/daemmen\\\/produkte\\\/nageldichtheit\\\/wolfi-nageldichtband-soft-dual\\\/#breadcrumb\"},\"inLanguage\":\"de\",\"potentialAction\":[{\"@type\":\"ReadAction\",\"target\":[\"https:\\\/\\\/wolfinger.at\\\/daemmen\\\/produkte\\\/nageldichtheit\\\/wolfi-nageldichtband-soft-dual\\\/\"]}]},{\"@type\":\"ImageObject\",\"inLanguage\":\"de\",\"@id\":\"https:\\\/\\\/wolfinger.at\\\/daemmen\\\/produkte\\\/nageldichtheit\\\/wolfi-nageldichtband-soft-dual\\\/#primaryimage\",\"url\":\"https:\\\/\\\/wolfinger.at\\\/daemmen\\\/wp-content\\\/uploads\\\/2026\\\/01\\\/Baubook.svg\",\"contentUrl\":\"https:\\\/\\\/wolfinger.at\\\/daemmen\\\/wp-content\\\/uploads\\\/2026\\\/01\\\/Baubook.svg\",\"width\":160,\"height\":36},{\"@type\":\"BreadcrumbList\",\"@id\":\"https:\\\/\\\/wolfinger.at\\\/daemmen\\\/produkte\\\/nageldichtheit\\\/wolfi-nageldichtband-soft-dual\\\/#breadcrumb\",\"itemListElement\":[{\"@type\":\"ListItem\",\"position\":1,\"name\":\"Startseite\",\"item\":\"https:\\\/\\\/wolfinger.at\\\/daemmen\\\/\"},{\"@type\":\"ListItem\",\"position\":2,\"name\":\"Produkte\",\"item\":\"https:\\\/\\\/wolfinger.at\\\/daemmen\\\/produkte\\\/\"},{\"@type\":\"ListItem\",\"position\":3,\"name\":\"Nageldichtheit\",\"item\":\"https:\\\/\\\/wolfinger.at\\\/daemmen\\\/produkte\\\/nageldichtheit\\\/\"},{\"@type\":\"ListItem\",\"position\":4,\"name\":\"Wolfi Nageldichtband Soft Dual\"}]},{\"@type\":\"WebSite\",\"@id\":\"https:\\\/\\\/wolfinger.at\\\/daemmen\\\/#website\",\"url\":\"https:\\\/\\\/wolfinger.at\\\/daemmen\\\/\",\"name\":\"Wolfinger Zellulosed\u00e4mmung\",\"description\":\"Zellulosed\u00e4mmung\",\"publisher\":{\"@id\":\"https:\\\/\\\/wolfinger.at\\\/daemmen\\\/#organization\"},\"potentialAction\":[{\"@type\":\"SearchAction\",\"target\":{\"@type\":\"EntryPoint\",\"urlTemplate\":\"https:\\\/\\\/wolfinger.at\\\/daemmen\\\/?s={search_term_string}\"},\"query-input\":{\"@type\":\"PropertyValueSpecification\",\"valueRequired\":true,\"valueName\":\"search_term_string\"}}],\"inLanguage\":\"de\"},{\"@type\":\"Organization\",\"@id\":\"https:\\\/\\\/wolfinger.at\\\/daemmen\\\/#organization\",\"name\":\"Wolfinger GmbH\",\"url\":\"https:\\\/\\\/wolfinger.at\\\/daemmen\\\/\",\"logo\":{\"@type\":\"ImageObject\",\"inLanguage\":\"de\",\"@id\":\"https:\\\/\\\/wolfinger.at\\\/daemmen\\\/#\\\/schema\\\/logo\\\/image\\\/\",\"url\":\"https:\\\/\\\/wolfinger.at\\\/daemmen\\\/wp-content\\\/uploads\\\/2024\\\/03\\\/wolfinger_fav_144.png\",\"contentUrl\":\"https:\\\/\\\/wolfinger.at\\\/daemmen\\\/wp-content\\\/uploads\\\/2024\\\/03\\\/wolfinger_fav_144.png\",\"width\":1633,\"height\":1632,\"caption\":\"Wolfinger GmbH\"},\"image\":{\"@id\":\"https:\\\/\\\/wolfinger.at\\\/daemmen\\\/#\\\/schema\\\/logo\\\/image\\\/\"}}]}<\/script>\n<!-- \/ Yoast SEO plugin. -->","yoast_head_json":{"title":"Wolfi Nageldichtband Soft Dual - WOLFINGER","robots":{"index":"index","follow":"follow","max-snippet":"max-snippet:-1","max-image-preview":"max-image-preview:large","max-video-preview":"max-video-preview:-1"},"canonical":"https:\/\/wolfinger.at\/daemmen\/produkte\/nageldichtheit\/wolfi-nageldichtband-soft-dual\/","og_locale":"de_DE","og_type":"article","og_title":"Wolfi Nageldichtband Soft Dual - WOLFINGER","og_description":"Wolfi Nageldichtband Soft Dual Wolfi Nageldichtband Soft Dual ist ein beidseitig klebendes Schaum-Dichtband zur sicheren Abdichtung von Nageldurchdringungen bei regensicheren und erh\u00f6ht regensicheren Unterd\u00e4chern. IM SHOP ANSEHEN Wolfi Nageldichtband Soft Dual ist ein zweiseitig klebendes, weiches Polyethylenschaum-Dichtklebeband, das speziell f\u00fcr die Abdichtung von Nageldurchdringungen beim Befestigen von Konterlatten entwickelt wurde. Durch die beidseitige Klebeschicht entsteht [&hellip;]","og_url":"https:\/\/wolfinger.at\/daemmen\/produkte\/nageldichtheit\/wolfi-nageldichtband-soft-dual\/","og_site_name":"WOLFINGER","article_modified_time":"2026-04-29T06:19:01+00:00","twitter_card":"summary_large_image","twitter_misc":{"Gesch\u00e4tzte Lesezeit":"2\u00a0Minuten"},"schema":{"@context":"https:\/\/schema.org","@graph":[{"@type":"WebPage","@id":"https:\/\/wolfinger.at\/daemmen\/produkte\/nageldichtheit\/wolfi-nageldichtband-soft-dual\/","url":"https:\/\/wolfinger.at\/daemmen\/produkte\/nageldichtheit\/wolfi-nageldichtband-soft-dual\/","name":"Wolfi Nageldichtband Soft Dual - WOLFINGER","isPartOf":{"@id":"https:\/\/wolfinger.at\/daemmen\/#website"},"primaryImageOfPage":{"@id":"https:\/\/wolfinger.at\/daemmen\/produkte\/nageldichtheit\/wolfi-nageldichtband-soft-dual\/#primaryimage"},"image":{"@id":"https:\/\/wolfinger.at\/daemmen\/produkte\/nageldichtheit\/wolfi-nageldichtband-soft-dual\/#primaryimage"},"thumbnailUrl":"https:\/\/wolfinger.at\/daemmen\/wp-content\/uploads\/2026\/01\/Baubook.svg","datePublished":"2026-01-29T11:57:13+00:00","dateModified":"2026-04-29T06:19:01+00:00","breadcrumb":{"@id":"https:\/\/wolfinger.at\/daemmen\/produkte\/nageldichtheit\/wolfi-nageldichtband-soft-dual\/#breadcrumb"},"inLanguage":"de","potentialAction":[{"@type":"ReadAction","target":["https:\/\/wolfinger.at\/daemmen\/produkte\/nageldichtheit\/wolfi-nageldichtband-soft-dual\/"]}]},{"@type":"ImageObject","inLanguage":"de","@id":"https:\/\/wolfinger.at\/daemmen\/produkte\/nageldichtheit\/wolfi-nageldichtband-soft-dual\/#primaryimage","url":"https:\/\/wolfinger.at\/daemmen\/wp-content\/uploads\/2026\/01\/Baubook.svg","contentUrl":"https:\/\/wolfinger.at\/daemmen\/wp-content\/uploads\/2026\/01\/Baubook.svg","width":160,"height":36},{"@type":"BreadcrumbList","@id":"https:\/\/wolfinger.at\/daemmen\/produkte\/nageldichtheit\/wolfi-nageldichtband-soft-dual\/#breadcrumb","itemListElement":[{"@type":"ListItem","position":1,"name":"Startseite","item":"https:\/\/wolfinger.at\/daemmen\/"},{"@type":"ListItem","position":2,"name":"Produkte","item":"https:\/\/wolfinger.at\/daemmen\/produkte\/"},{"@type":"ListItem","position":3,"name":"Nageldichtheit","item":"https:\/\/wolfinger.at\/daemmen\/produkte\/nageldichtheit\/"},{"@type":"ListItem","position":4,"name":"Wolfi Nageldichtband Soft Dual"}]},{"@type":"WebSite","@id":"https:\/\/wolfinger.at\/daemmen\/#website","url":"https:\/\/wolfinger.at\/daemmen\/","name":"Wolfinger Zellulosed\u00e4mmung","description":"Zellulosed\u00e4mmung","publisher":{"@id":"https:\/\/wolfinger.at\/daemmen\/#organization"},"potentialAction":[{"@type":"SearchAction","target":{"@type":"EntryPoint","urlTemplate":"https:\/\/wolfinger.at\/daemmen\/?s={search_term_string}"},"query-input":{"@type":"PropertyValueSpecification","valueRequired":true,"valueName":"search_term_string"}}],"inLanguage":"de"},{"@type":"Organization","@id":"https:\/\/wolfinger.at\/daemmen\/#organization","name":"Wolfinger GmbH","url":"https:\/\/wolfinger.at\/daemmen\/","logo":{"@type":"ImageObject","inLanguage":"de","@id":"https:\/\/wolfinger.at\/daemmen\/#\/schema\/logo\/image\/","url":"https:\/\/wolfinger.at\/daemmen\/wp-content\/uploads\/2024\/03\/wolfinger_fav_144.png","contentUrl":"https:\/\/wolfinger.at\/daemmen\/wp-content\/uploads\/2024\/03\/wolfinger_fav_144.png","width":1633,"height":1632,"caption":"Wolfinger GmbH"},"image":{"@id":"https:\/\/wolfinger.at\/daemmen\/#\/schema\/logo\/image\/"}}]}},"_links":{"self":[{"href":"https:\/\/wolfinger.at\/daemmen\/wp-json\/wp\/v2\/pages\/4039","targetHints":{"allow":["GET"]}}],"collection":[{"href":"https:\/\/wolfinger.at\/daemmen\/wp-json\/wp\/v2\/pages"}],"about":[{"href":"https:\/\/wolfinger.at\/daemmen\/wp-json\/wp\/v2\/types\/page"}],"author":[{"embeddable":true,"href":"https:\/\/wolfinger.at\/daemmen\/wp-json\/wp\/v2\/users\/12"}],"replies":[{"embeddable":true,"href":"https:\/\/wolfinger.at\/daemmen\/wp-json\/wp\/v2\/comments?post=4039"}],"version-history":[{"count":19,"href":"https:\/\/wolfinger.at\/daemmen\/wp-json\/wp\/v2\/pages\/4039\/revisions"}],"predecessor-version":[{"id":5632,"href":"https:\/\/wolfinger.at\/daemmen\/wp-json\/wp\/v2\/pages\/4039\/revisions\/5632"}],"up":[{"embeddable":true,"href":"https:\/\/wolfinger.at\/daemmen\/wp-json\/wp\/v2\/pages\/4241"}],"wp:attachment":[{"href":"https:\/\/wolfinger.at\/daemmen\/wp-json\/wp\/v2\/media?parent=4039"}],"curies":[{"name":"wp","href":"https:\/\/api.w.org\/{rel}","templated":true}]}}