{"id":4021,"date":"2026-01-29T12:06:31","date_gmt":"2026-01-29T10:06:31","guid":{"rendered":"https:\/\/wolfinger.at\/daemmen\/?page_id=4021"},"modified":"2026-04-29T08:22:58","modified_gmt":"2026-04-29T06:22:58","slug":"wolfi-fassadenbahn-uv-dual-sk","status":"publish","type":"page","link":"https:\/\/wolfinger.at\/daemmen\/produkte\/schalungsbahnen-und-fassadenbahnen\/wolfi-fassadenbahn-uv-dual-sk\/","title":{"rendered":"Wolfi Fassadenbahn UV Dual SK"},"content":{"rendered":"\t\t<div data-elementor-type=\"wp-page\" data-elementor-id=\"4021\" class=\"elementor elementor-4021\" data-elementor-post-type=\"page\">\n\t\t\t\t<div class=\"elementor-element elementor-element-5f849ed7 e-grid e-con-boxed e-con e-parent\" data-id=\"5f849ed7\" data-element_type=\"container\" data-e-type=\"container\">\n\t\t\t\t\t<div class=\"e-con-inner\">\n\t\t<div class=\"elementor-element elementor-element-561670e8 e-con-full e-flex e-con e-child\" data-id=\"561670e8\" data-element_type=\"container\" data-e-type=\"container\">\n\t\t\t\t<div class=\"elementor-element elementor-element-174a9582 elementor-widget elementor-widget-heading\" data-id=\"174a9582\" data-element_type=\"widget\" data-e-type=\"widget\" data-widget_type=\"heading.default\">\n\t\t\t\t\t<h1 class=\"elementor-heading-title elementor-size-default\">Wolfi Fassadenbahn UV DSK<\/h1>\t\t\t\t<\/div>\n\t\t\t\t<div class=\"elementor-element elementor-element-5f9eb6e6 elementor-widget elementor-widget-text-editor\" data-id=\"5f9eb6e6\" data-element_type=\"widget\" data-e-type=\"widget\" data-widget_type=\"text-editor.default\">\n\t\t\t\t\t\t\t\t\t<p><strong>Wolfi Fassadenbahn UV Dual SK<\/strong> ist eine dauerhaft UV-best\u00e4ndige, diffusionsoffene Fassadenbahn mit integrierten Selbstklebestreifen f\u00fcr hinterl\u00fcftete Fassaden und konstruktiven Holzbau &#8211; auch bei voller Freibewitterung.<\/p>\t\t\t\t\t\t\t\t<\/div>\n\t\t\t\t<div class=\"elementor-element elementor-element-4c6a6929 elementor-widget elementor-widget-button\" data-id=\"4c6a6929\" data-element_type=\"widget\" data-e-type=\"widget\" data-widget_type=\"button.default\">\n\t\t\t\t\t\t\t\t\t\t<a class=\"elementor-button elementor-button-link elementor-size-sm\" href=\"https:\/\/shop.wolfinger.at\/c\/ola1-5\/a\/ola1-151\/Schalungs--und-Fassadenbahnen\/Wolfi-Fassadenbahn-UV-SK.html\" target=\"_blank\">\n\t\t\t\t\t\t<span class=\"elementor-button-content-wrapper\">\n\t\t\t\t\t\t\t\t\t<span class=\"elementor-button-text\">IM SHOP ANSEHEN<\/span>\n\t\t\t\t\t<\/span>\n\t\t\t\t\t<\/a>\n\t\t\t\t\t\t\t\t<\/div>\n\t\t\t\t<div class=\"elementor-element elementor-element-65d10d4b elementor-widget elementor-widget-image\" data-id=\"65d10d4b\" data-element_type=\"widget\" data-e-type=\"widget\" data-widget_type=\"image.default\">\n\t\t\t\t\t\t\t\t\t\t\t\t\t\t\t\t<a href=\"https:\/\/www.baubook.at\/m\/PHP\/Info.php?SI=2142748649&#038;SW=5\" target=\"_blank\">\n\t\t\t\t\t\t\t<img decoding=\"async\" width=\"160\" height=\"36\" src=\"https:\/\/wolfinger.at\/daemmen\/wp-content\/uploads\/2026\/01\/Baubook.svg\" class=\"attachment-large size-large wp-image-3885\" alt=\"\" \/>\t\t\t\t\t\t\t\t<\/a>\n\t\t\t\t\t\t\t\t\t\t\t\t\t\t\t<\/div>\n\t\t\t\t<\/div>\n\t\t<div class=\"elementor-element elementor-element-421ece8e e-con-full e-flex e-con e-child\" data-id=\"421ece8e\" data-element_type=\"container\" data-e-type=\"container\">\n\t\t\t\t<div class=\"elementor-element elementor-element-57b2b017 elementor-widget elementor-widget-image\" data-id=\"57b2b017\" data-element_type=\"widget\" data-e-type=\"widget\" data-widget_type=\"image.default\">\n\t\t\t\t\t\t\t\t\t\t\t\t\t\t\t<img fetchpriority=\"high\" decoding=\"async\" width=\"800\" height=\"225\" src=\"https:\/\/wolfinger.at\/daemmen\/wp-content\/uploads\/2026\/01\/Wolfi-Fassadenbahn-UV.jpg\" class=\"attachment-large size-large wp-image-4023\" alt=\"\" srcset=\"https:\/\/wolfinger.at\/daemmen\/wp-content\/uploads\/2026\/01\/Wolfi-Fassadenbahn-UV.jpg 836w, https:\/\/wolfinger.at\/daemmen\/wp-content\/uploads\/2026\/01\/Wolfi-Fassadenbahn-UV-300x84.jpg 300w, https:\/\/wolfinger.at\/daemmen\/wp-content\/uploads\/2026\/01\/Wolfi-Fassadenbahn-UV-768x216.jpg 768w, https:\/\/wolfinger.at\/daemmen\/wp-content\/uploads\/2026\/01\/Wolfi-Fassadenbahn-UV-600x169.jpg 600w\" sizes=\"(max-width: 800px) 100vw, 800px\" \/>\t\t\t\t\t\t\t\t\t\t\t\t\t\t\t<\/div>\n\t\t\t\t<\/div>\n\t\t\t\t\t<\/div>\n\t\t\t\t<\/div>\n\t\t<div class=\"elementor-element elementor-element-1748d7d4 e-flex e-con-boxed e-con e-parent\" data-id=\"1748d7d4\" data-element_type=\"container\" data-e-type=\"container\">\n\t\t\t\t\t<div class=\"e-con-inner\">\n\t\t\t\t<div class=\"elementor-element elementor-element-4b49068b elementor-widget elementor-widget-text-editor\" data-id=\"4b49068b\" data-element_type=\"widget\" data-e-type=\"widget\" data-widget_type=\"text-editor.default\">\n\t\t\t\t\t\t\t\t\t<p><strong>Wolfi Fassadenbahn UV Dual SK<\/strong> ist eine winddichte, PU-beschichtete Fassadenbahn PES-Vlies, die speziell f\u00fcr den Einsatz im konstruktiven Fassadenbau entwickelt wurde. Die dauerhaft UV-stabilisierte schwarze Oberfl\u00e4che erm\u00f6glicht den Einsatz bei offenen Schattenfugen sowie bei vollst\u00e4ndig freibewitterten Fassaden ohne zeitliche Belichtungseinschr\u00e4nkung.<\/p><p>Die diffusionsoffene Struktur unterst\u00fctzt den Feuchtetransport nach au\u00dfen und sch\u00fctzt die darunterliegende W\u00e4rmed\u00e4mmung sowie die tragende Bauteile zuverl\u00e4ssig vor Witterungseinfl\u00fcssen und Feuchteeintrag. Dank der beidseitige gegenl\u00e4ufig angeordneten Selbstklebestreifen lassen sich \u00dcberlappungen einfach und sicher im System &#8222;Kleber auf Kleber&#8220; winddicht ausf\u00fchren.<\/p><p>Wolfi Fassadenbahn UV Dual SK wird horizontal verlegt, verdeckt befestigt und zeichnet sich durch eine hohe Rei\u00dffestigkeit sowie eine sehr verlegefreundliche Verarbeitung aus. F\u00fcr eine dauerhaft sichere Ausf\u00fchrung sind Durchdringungen, Anschl\u00fcsse und sichtbare \u00dcberlappungen fachgerecht mit Wolfi Polymer PLUS Folien Kleb- und Dichtstoff abzudichten.<\/p>\t\t\t\t\t\t\t\t<\/div>\n\t\t<div class=\"elementor-element elementor-element-58d570fc e-con-full e-flex e-con e-child\" data-id=\"58d570fc\" data-element_type=\"container\" data-e-type=\"container\">\n\t\t\t\t<div class=\"elementor-element elementor-element-339512a6 elementor-widget elementor-widget-heading\" data-id=\"339512a6\" data-element_type=\"widget\" data-e-type=\"widget\" data-widget_type=\"heading.default\">\n\t\t\t\t\t<h5 class=\"elementor-heading-title elementor-size-default\">Downloads<\/h5>\t\t\t\t<\/div>\n\t\t\t\t<div class=\"elementor-element elementor-element-c08fe9a elementor-widget-divider--view-line elementor-widget elementor-widget-divider\" data-id=\"c08fe9a\" data-element_type=\"widget\" data-e-type=\"widget\" data-widget_type=\"divider.default\">\n\t\t\t\t\t\t\t<div class=\"elementor-divider\">\n\t\t\t<span class=\"elementor-divider-separator\">\n\t\t\t\t\t\t<\/span>\n\t\t<\/div>\n\t\t\t\t\t\t<\/div>\n\t\t\t\t<div class=\"elementor-element elementor-element-199caea elementor-position-inline-start elementor-view-default elementor-mobile-position-block-start elementor-widget elementor-widget-icon-box\" data-id=\"199caea\" data-element_type=\"widget\" data-e-type=\"widget\" data-widget_type=\"icon-box.default\">\n\t\t\t\t\t\t\t<div class=\"elementor-icon-box-wrapper\">\n\n\t\t\t\t\t\t<div class=\"elementor-icon-box-icon\">\n\t\t\t\t<a href=\"https:\/\/downloads.wolfinger.at\/de\/Leistungserkl%C3%A4rungen\/Leistungserkl%C3%A4rung%20Fassade%20UV.pdf\" target=\"_blank\" class=\"elementor-icon\" tabindex=\"-1\" aria-label=\"Leistungserkl\u00e4rung\">\n\t\t\t\t<svg aria-hidden=\"true\" class=\"e-font-icon-svg e-far-file-pdf\" viewBox=\"0 0 384 512\" xmlns=\"http:\/\/www.w3.org\/2000\/svg\"><path d=\"M369.9 97.9L286 14C277 5 264.8-.1 252.1-.1H48C21.5 0 0 21.5 0 48v416c0 26.5 21.5 48 48 48h288c26.5 0 48-21.5 48-48V131.9c0-12.7-5.1-25-14.1-34zM332.1 128H256V51.9l76.1 76.1zM48 464V48h160v104c0 13.3 10.7 24 24 24h104v288H48zm250.2-143.7c-12.2-12-47-8.7-64.4-6.5-17.2-10.5-28.7-25-36.8-46.3 3.9-16.1 10.1-40.6 5.4-56-4.2-26.2-37.8-23.6-42.6-5.9-4.4 16.1-.4 38.5 7 67.1-10 23.9-24.9 56-35.4 74.4-20 10.3-47 26.2-51 46.2-3.3 15.8 26 55.2 76.1-31.2 22.4-7.4 46.8-16.5 68.4-20.1 18.9 10.2 41 17 55.8 17 25.5 0 28-28.2 17.5-38.7zm-198.1 77.8c5.1-13.7 24.5-29.5 30.4-35-19 30.3-30.4 35.7-30.4 35zm81.6-190.6c7.4 0 6.7 32.1 1.8 40.8-4.4-13.9-4.3-40.8-1.8-40.8zm-24.4 136.6c9.7-16.9 18-37 24.7-54.7 8.3 15.1 18.9 27.2 30.1 35.5-20.8 4.3-38.9 13.1-54.8 19.2zm131.6-5s-5 6-37.3-7.8c35.1-2.6 40.9 5.4 37.3 7.8z\"><\/path><\/svg>\t\t\t\t<\/a>\n\t\t\t<\/div>\n\t\t\t\n\t\t\t\t\t\t<div class=\"elementor-icon-box-content\">\n\n\t\t\t\t\t\t\t\t\t<h5 class=\"elementor-icon-box-title\">\n\t\t\t\t\t\t<a href=\"https:\/\/downloads.wolfinger.at\/de\/Leistungserkl%C3%A4rungen\/Leistungserkl%C3%A4rung%20Fassade%20UV.pdf\" target=\"_blank\" >\n\t\t\t\t\t\t\tLeistungserkl\u00e4rung\t\t\t\t\t\t<\/a>\n\t\t\t\t\t<\/h5>\n\t\t\t\t\n\t\t\t\t\n\t\t\t<\/div>\n\t\t\t\n\t\t<\/div>\n\t\t\t\t\t\t<\/div>\n\t\t\t\t<div class=\"elementor-element elementor-element-2b12f46 elementor-position-inline-start elementor-view-default elementor-mobile-position-block-start elementor-widget elementor-widget-icon-box\" data-id=\"2b12f46\" data-element_type=\"widget\" data-e-type=\"widget\" data-widget_type=\"icon-box.default\">\n\t\t\t\t\t\t\t<div class=\"elementor-icon-box-wrapper\">\n\n\t\t\t\t\t\t<div class=\"elementor-icon-box-icon\">\n\t\t\t\t<a href=\"https:\/\/downloads.wolfinger.at\/de\/Verarbeitungsrichtlinien\/Fassaden-%20Schalungsbahnen%20Nageldichb%C3%A4nder\/Verarbeitungsrichtlinie%20Fassadenbahn%20UV%20SK.pdf\" target=\"_blank\" class=\"elementor-icon\" tabindex=\"-1\" aria-label=\"Verarbeitungsrichtlinien\">\n\t\t\t\t<svg aria-hidden=\"true\" class=\"e-font-icon-svg e-far-file-pdf\" viewBox=\"0 0 384 512\" xmlns=\"http:\/\/www.w3.org\/2000\/svg\"><path d=\"M369.9 97.9L286 14C277 5 264.8-.1 252.1-.1H48C21.5 0 0 21.5 0 48v416c0 26.5 21.5 48 48 48h288c26.5 0 48-21.5 48-48V131.9c0-12.7-5.1-25-14.1-34zM332.1 128H256V51.9l76.1 76.1zM48 464V48h160v104c0 13.3 10.7 24 24 24h104v288H48zm250.2-143.7c-12.2-12-47-8.7-64.4-6.5-17.2-10.5-28.7-25-36.8-46.3 3.9-16.1 10.1-40.6 5.4-56-4.2-26.2-37.8-23.6-42.6-5.9-4.4 16.1-.4 38.5 7 67.1-10 23.9-24.9 56-35.4 74.4-20 10.3-47 26.2-51 46.2-3.3 15.8 26 55.2 76.1-31.2 22.4-7.4 46.8-16.5 68.4-20.1 18.9 10.2 41 17 55.8 17 25.5 0 28-28.2 17.5-38.7zm-198.1 77.8c5.1-13.7 24.5-29.5 30.4-35-19 30.3-30.4 35.7-30.4 35zm81.6-190.6c7.4 0 6.7 32.1 1.8 40.8-4.4-13.9-4.3-40.8-1.8-40.8zm-24.4 136.6c9.7-16.9 18-37 24.7-54.7 8.3 15.1 18.9 27.2 30.1 35.5-20.8 4.3-38.9 13.1-54.8 19.2zm131.6-5s-5 6-37.3-7.8c35.1-2.6 40.9 5.4 37.3 7.8z\"><\/path><\/svg>\t\t\t\t<\/a>\n\t\t\t<\/div>\n\t\t\t\n\t\t\t\t\t\t<div class=\"elementor-icon-box-content\">\n\n\t\t\t\t\t\t\t\t\t<h5 class=\"elementor-icon-box-title\">\n\t\t\t\t\t\t<a href=\"https:\/\/downloads.wolfinger.at\/de\/Verarbeitungsrichtlinien\/Fassaden-%20Schalungsbahnen%20Nageldichb%C3%A4nder\/Verarbeitungsrichtlinie%20Fassadenbahn%20UV%20SK.pdf\" target=\"_blank\" >\n\t\t\t\t\t\t\tVerarbeitungsrichtlinien\t\t\t\t\t\t<\/a>\n\t\t\t\t\t<\/h5>\n\t\t\t\t\n\t\t\t\t\n\t\t\t<\/div>\n\t\t\t\n\t\t<\/div>\n\t\t\t\t\t\t<\/div>\n\t\t\t\t<\/div>\n\t\t\t\t\t<\/div>\n\t\t\t\t<\/div>\n\t\t<div class=\"elementor-element elementor-element-a6b420b e-flex e-con-boxed e-con e-parent\" data-id=\"a6b420b\" data-element_type=\"container\" data-e-type=\"container\">\n\t\t\t\t\t<div class=\"e-con-inner\">\n\t\t\t\t\t<\/div>\n\t\t\t\t<\/div>\n\t\t\t\t<\/div>\n\t\t","protected":false},"excerpt":{"rendered":"<p>Wolfi Fassadenbahn UV DSK Wolfi Fassadenbahn UV Dual SK ist eine dauerhaft UV-best\u00e4ndige, diffusionsoffene Fassadenbahn mit integrierten Selbstklebestreifen f\u00fcr hinterl\u00fcftete Fassaden und konstruktiven Holzbau &#8211; auch bei voller Freibewitterung. IM SHOP ANSEHEN Wolfi Fassadenbahn UV Dual SK ist eine winddichte, PU-beschichtete Fassadenbahn PES-Vlies, die speziell f\u00fcr den Einsatz im konstruktiven Fassadenbau entwickelt wurde. Die dauerhaft [&hellip;]<\/p>\n","protected":false},"author":12,"featured_media":0,"parent":4232,"menu_order":0,"comment_status":"closed","ping_status":"closed","template":"","meta":{"footnotes":""},"class_list":["post-4021","page","type-page","status-publish","hentry"],"yoast_head":"<!-- This site is optimized with the Yoast SEO plugin v27.5 - https:\/\/yoast.com\/product\/yoast-seo-wordpress\/ -->\n<title>Wolfi Fassadenbahn UV Dual SK - WOLFINGER<\/title>\n<meta name=\"robots\" content=\"index, follow, max-snippet:-1, max-image-preview:large, max-video-preview:-1\" \/>\n<link rel=\"canonical\" href=\"https:\/\/wolfinger.at\/daemmen\/produkte\/schalungsbahnen-und-fassadenbahnen\/wolfi-fassadenbahn-uv-dual-sk\/\" \/>\n<meta property=\"og:locale\" content=\"de_DE\" \/>\n<meta property=\"og:type\" content=\"article\" \/>\n<meta property=\"og:title\" content=\"Wolfi Fassadenbahn UV Dual SK - WOLFINGER\" \/>\n<meta property=\"og:description\" content=\"Wolfi Fassadenbahn UV DSK Wolfi Fassadenbahn UV Dual SK ist eine dauerhaft UV-best\u00e4ndige, diffusionsoffene Fassadenbahn mit integrierten Selbstklebestreifen f\u00fcr hinterl\u00fcftete Fassaden und konstruktiven Holzbau &#8211; auch bei voller Freibewitterung. IM SHOP ANSEHEN Wolfi Fassadenbahn UV Dual SK ist eine winddichte, PU-beschichtete Fassadenbahn PES-Vlies, die speziell f\u00fcr den Einsatz im konstruktiven Fassadenbau entwickelt wurde. Die dauerhaft [&hellip;]\" \/>\n<meta property=\"og:url\" content=\"https:\/\/wolfinger.at\/daemmen\/produkte\/schalungsbahnen-und-fassadenbahnen\/wolfi-fassadenbahn-uv-dual-sk\/\" \/>\n<meta property=\"og:site_name\" content=\"WOLFINGER\" \/>\n<meta property=\"article:modified_time\" content=\"2026-04-29T06:22:58+00:00\" \/>\n<meta name=\"twitter:card\" content=\"summary_large_image\" \/>\n<meta name=\"twitter:label1\" content=\"Gesch\u00e4tzte Lesezeit\" \/>\n\t<meta name=\"twitter:data1\" content=\"2\u00a0Minuten\" \/>\n<script type=\"application\/ld+json\" class=\"yoast-schema-graph\">{\"@context\":\"https:\\\/\\\/schema.org\",\"@graph\":[{\"@type\":\"WebPage\",\"@id\":\"https:\\\/\\\/wolfinger.at\\\/daemmen\\\/produkte\\\/schalungsbahnen-und-fassadenbahnen\\\/wolfi-fassadenbahn-uv-dual-sk\\\/\",\"url\":\"https:\\\/\\\/wolfinger.at\\\/daemmen\\\/produkte\\\/schalungsbahnen-und-fassadenbahnen\\\/wolfi-fassadenbahn-uv-dual-sk\\\/\",\"name\":\"Wolfi Fassadenbahn UV Dual SK - WOLFINGER\",\"isPartOf\":{\"@id\":\"https:\\\/\\\/wolfinger.at\\\/daemmen\\\/#website\"},\"primaryImageOfPage\":{\"@id\":\"https:\\\/\\\/wolfinger.at\\\/daemmen\\\/produkte\\\/schalungsbahnen-und-fassadenbahnen\\\/wolfi-fassadenbahn-uv-dual-sk\\\/#primaryimage\"},\"image\":{\"@id\":\"https:\\\/\\\/wolfinger.at\\\/daemmen\\\/produkte\\\/schalungsbahnen-und-fassadenbahnen\\\/wolfi-fassadenbahn-uv-dual-sk\\\/#primaryimage\"},\"thumbnailUrl\":\"https:\\\/\\\/wolfinger.at\\\/daemmen\\\/wp-content\\\/uploads\\\/2026\\\/01\\\/Baubook.svg\",\"datePublished\":\"2026-01-29T10:06:31+00:00\",\"dateModified\":\"2026-04-29T06:22:58+00:00\",\"breadcrumb\":{\"@id\":\"https:\\\/\\\/wolfinger.at\\\/daemmen\\\/produkte\\\/schalungsbahnen-und-fassadenbahnen\\\/wolfi-fassadenbahn-uv-dual-sk\\\/#breadcrumb\"},\"inLanguage\":\"de\",\"potentialAction\":[{\"@type\":\"ReadAction\",\"target\":[\"https:\\\/\\\/wolfinger.at\\\/daemmen\\\/produkte\\\/schalungsbahnen-und-fassadenbahnen\\\/wolfi-fassadenbahn-uv-dual-sk\\\/\"]}]},{\"@type\":\"ImageObject\",\"inLanguage\":\"de\",\"@id\":\"https:\\\/\\\/wolfinger.at\\\/daemmen\\\/produkte\\\/schalungsbahnen-und-fassadenbahnen\\\/wolfi-fassadenbahn-uv-dual-sk\\\/#primaryimage\",\"url\":\"https:\\\/\\\/wolfinger.at\\\/daemmen\\\/wp-content\\\/uploads\\\/2026\\\/01\\\/Baubook.svg\",\"contentUrl\":\"https:\\\/\\\/wolfinger.at\\\/daemmen\\\/wp-content\\\/uploads\\\/2026\\\/01\\\/Baubook.svg\",\"width\":160,\"height\":36},{\"@type\":\"BreadcrumbList\",\"@id\":\"https:\\\/\\\/wolfinger.at\\\/daemmen\\\/produkte\\\/schalungsbahnen-und-fassadenbahnen\\\/wolfi-fassadenbahn-uv-dual-sk\\\/#breadcrumb\",\"itemListElement\":[{\"@type\":\"ListItem\",\"position\":1,\"name\":\"Startseite\",\"item\":\"https:\\\/\\\/wolfinger.at\\\/daemmen\\\/\"},{\"@type\":\"ListItem\",\"position\":2,\"name\":\"Produkte\",\"item\":\"https:\\\/\\\/wolfinger.at\\\/daemmen\\\/produkte\\\/\"},{\"@type\":\"ListItem\",\"position\":3,\"name\":\"Schalungsbahnen und Fassadenbahnen\",\"item\":\"https:\\\/\\\/wolfinger.at\\\/daemmen\\\/produkte\\\/schalungsbahnen-und-fassadenbahnen\\\/\"},{\"@type\":\"ListItem\",\"position\":4,\"name\":\"Wolfi Fassadenbahn UV Dual SK\"}]},{\"@type\":\"WebSite\",\"@id\":\"https:\\\/\\\/wolfinger.at\\\/daemmen\\\/#website\",\"url\":\"https:\\\/\\\/wolfinger.at\\\/daemmen\\\/\",\"name\":\"Wolfinger Zellulosed\u00e4mmung\",\"description\":\"Zellulosed\u00e4mmung\",\"publisher\":{\"@id\":\"https:\\\/\\\/wolfinger.at\\\/daemmen\\\/#organization\"},\"potentialAction\":[{\"@type\":\"SearchAction\",\"target\":{\"@type\":\"EntryPoint\",\"urlTemplate\":\"https:\\\/\\\/wolfinger.at\\\/daemmen\\\/?s={search_term_string}\"},\"query-input\":{\"@type\":\"PropertyValueSpecification\",\"valueRequired\":true,\"valueName\":\"search_term_string\"}}],\"inLanguage\":\"de\"},{\"@type\":\"Organization\",\"@id\":\"https:\\\/\\\/wolfinger.at\\\/daemmen\\\/#organization\",\"name\":\"Wolfinger GmbH\",\"url\":\"https:\\\/\\\/wolfinger.at\\\/daemmen\\\/\",\"logo\":{\"@type\":\"ImageObject\",\"inLanguage\":\"de\",\"@id\":\"https:\\\/\\\/wolfinger.at\\\/daemmen\\\/#\\\/schema\\\/logo\\\/image\\\/\",\"url\":\"https:\\\/\\\/wolfinger.at\\\/daemmen\\\/wp-content\\\/uploads\\\/2024\\\/03\\\/wolfinger_fav_144.png\",\"contentUrl\":\"https:\\\/\\\/wolfinger.at\\\/daemmen\\\/wp-content\\\/uploads\\\/2024\\\/03\\\/wolfinger_fav_144.png\",\"width\":1633,\"height\":1632,\"caption\":\"Wolfinger GmbH\"},\"image\":{\"@id\":\"https:\\\/\\\/wolfinger.at\\\/daemmen\\\/#\\\/schema\\\/logo\\\/image\\\/\"}}]}<\/script>\n<!-- \/ Yoast SEO plugin. -->","yoast_head_json":{"title":"Wolfi Fassadenbahn UV Dual SK - WOLFINGER","robots":{"index":"index","follow":"follow","max-snippet":"max-snippet:-1","max-image-preview":"max-image-preview:large","max-video-preview":"max-video-preview:-1"},"canonical":"https:\/\/wolfinger.at\/daemmen\/produkte\/schalungsbahnen-und-fassadenbahnen\/wolfi-fassadenbahn-uv-dual-sk\/","og_locale":"de_DE","og_type":"article","og_title":"Wolfi Fassadenbahn UV Dual SK - WOLFINGER","og_description":"Wolfi Fassadenbahn UV DSK Wolfi Fassadenbahn UV Dual SK ist eine dauerhaft UV-best\u00e4ndige, diffusionsoffene Fassadenbahn mit integrierten Selbstklebestreifen f\u00fcr hinterl\u00fcftete Fassaden und konstruktiven Holzbau &#8211; auch bei voller Freibewitterung. IM SHOP ANSEHEN Wolfi Fassadenbahn UV Dual SK ist eine winddichte, PU-beschichtete Fassadenbahn PES-Vlies, die speziell f\u00fcr den Einsatz im konstruktiven Fassadenbau entwickelt wurde. Die dauerhaft [&hellip;]","og_url":"https:\/\/wolfinger.at\/daemmen\/produkte\/schalungsbahnen-und-fassadenbahnen\/wolfi-fassadenbahn-uv-dual-sk\/","og_site_name":"WOLFINGER","article_modified_time":"2026-04-29T06:22:58+00:00","twitter_card":"summary_large_image","twitter_misc":{"Gesch\u00e4tzte Lesezeit":"2\u00a0Minuten"},"schema":{"@context":"https:\/\/schema.org","@graph":[{"@type":"WebPage","@id":"https:\/\/wolfinger.at\/daemmen\/produkte\/schalungsbahnen-und-fassadenbahnen\/wolfi-fassadenbahn-uv-dual-sk\/","url":"https:\/\/wolfinger.at\/daemmen\/produkte\/schalungsbahnen-und-fassadenbahnen\/wolfi-fassadenbahn-uv-dual-sk\/","name":"Wolfi Fassadenbahn UV Dual SK - WOLFINGER","isPartOf":{"@id":"https:\/\/wolfinger.at\/daemmen\/#website"},"primaryImageOfPage":{"@id":"https:\/\/wolfinger.at\/daemmen\/produkte\/schalungsbahnen-und-fassadenbahnen\/wolfi-fassadenbahn-uv-dual-sk\/#primaryimage"},"image":{"@id":"https:\/\/wolfinger.at\/daemmen\/produkte\/schalungsbahnen-und-fassadenbahnen\/wolfi-fassadenbahn-uv-dual-sk\/#primaryimage"},"thumbnailUrl":"https:\/\/wolfinger.at\/daemmen\/wp-content\/uploads\/2026\/01\/Baubook.svg","datePublished":"2026-01-29T10:06:31+00:00","dateModified":"2026-04-29T06:22:58+00:00","breadcrumb":{"@id":"https:\/\/wolfinger.at\/daemmen\/produkte\/schalungsbahnen-und-fassadenbahnen\/wolfi-fassadenbahn-uv-dual-sk\/#breadcrumb"},"inLanguage":"de","potentialAction":[{"@type":"ReadAction","target":["https:\/\/wolfinger.at\/daemmen\/produkte\/schalungsbahnen-und-fassadenbahnen\/wolfi-fassadenbahn-uv-dual-sk\/"]}]},{"@type":"ImageObject","inLanguage":"de","@id":"https:\/\/wolfinger.at\/daemmen\/produkte\/schalungsbahnen-und-fassadenbahnen\/wolfi-fassadenbahn-uv-dual-sk\/#primaryimage","url":"https:\/\/wolfinger.at\/daemmen\/wp-content\/uploads\/2026\/01\/Baubook.svg","contentUrl":"https:\/\/wolfinger.at\/daemmen\/wp-content\/uploads\/2026\/01\/Baubook.svg","width":160,"height":36},{"@type":"BreadcrumbList","@id":"https:\/\/wolfinger.at\/daemmen\/produkte\/schalungsbahnen-und-fassadenbahnen\/wolfi-fassadenbahn-uv-dual-sk\/#breadcrumb","itemListElement":[{"@type":"ListItem","position":1,"name":"Startseite","item":"https:\/\/wolfinger.at\/daemmen\/"},{"@type":"ListItem","position":2,"name":"Produkte","item":"https:\/\/wolfinger.at\/daemmen\/produkte\/"},{"@type":"ListItem","position":3,"name":"Schalungsbahnen und Fassadenbahnen","item":"https:\/\/wolfinger.at\/daemmen\/produkte\/schalungsbahnen-und-fassadenbahnen\/"},{"@type":"ListItem","position":4,"name":"Wolfi Fassadenbahn UV Dual SK"}]},{"@type":"WebSite","@id":"https:\/\/wolfinger.at\/daemmen\/#website","url":"https:\/\/wolfinger.at\/daemmen\/","name":"Wolfinger Zellulosed\u00e4mmung","description":"Zellulosed\u00e4mmung","publisher":{"@id":"https:\/\/wolfinger.at\/daemmen\/#organization"},"potentialAction":[{"@type":"SearchAction","target":{"@type":"EntryPoint","urlTemplate":"https:\/\/wolfinger.at\/daemmen\/?s={search_term_string}"},"query-input":{"@type":"PropertyValueSpecification","valueRequired":true,"valueName":"search_term_string"}}],"inLanguage":"de"},{"@type":"Organization","@id":"https:\/\/wolfinger.at\/daemmen\/#organization","name":"Wolfinger GmbH","url":"https:\/\/wolfinger.at\/daemmen\/","logo":{"@type":"ImageObject","inLanguage":"de","@id":"https:\/\/wolfinger.at\/daemmen\/#\/schema\/logo\/image\/","url":"https:\/\/wolfinger.at\/daemmen\/wp-content\/uploads\/2024\/03\/wolfinger_fav_144.png","contentUrl":"https:\/\/wolfinger.at\/daemmen\/wp-content\/uploads\/2024\/03\/wolfinger_fav_144.png","width":1633,"height":1632,"caption":"Wolfinger GmbH"},"image":{"@id":"https:\/\/wolfinger.at\/daemmen\/#\/schema\/logo\/image\/"}}]}},"_links":{"self":[{"href":"https:\/\/wolfinger.at\/daemmen\/wp-json\/wp\/v2\/pages\/4021","targetHints":{"allow":["GET"]}}],"collection":[{"href":"https:\/\/wolfinger.at\/daemmen\/wp-json\/wp\/v2\/pages"}],"about":[{"href":"https:\/\/wolfinger.at\/daemmen\/wp-json\/wp\/v2\/types\/page"}],"author":[{"embeddable":true,"href":"https:\/\/wolfinger.at\/daemmen\/wp-json\/wp\/v2\/users\/12"}],"replies":[{"embeddable":true,"href":"https:\/\/wolfinger.at\/daemmen\/wp-json\/wp\/v2\/comments?post=4021"}],"version-history":[{"count":25,"href":"https:\/\/wolfinger.at\/daemmen\/wp-json\/wp\/v2\/pages\/4021\/revisions"}],"predecessor-version":[{"id":5647,"href":"https:\/\/wolfinger.at\/daemmen\/wp-json\/wp\/v2\/pages\/4021\/revisions\/5647"}],"up":[{"embeddable":true,"href":"https:\/\/wolfinger.at\/daemmen\/wp-json\/wp\/v2\/pages\/4232"}],"wp:attachment":[{"href":"https:\/\/wolfinger.at\/daemmen\/wp-json\/wp\/v2\/media?parent=4021"}],"curies":[{"name":"wp","href":"https:\/\/api.w.org\/{rel}","templated":true}]}}