{"id":3960,"date":"2026-02-12T14:48:42","date_gmt":"2026-02-12T12:48:42","guid":{"rendered":"https:\/\/wolfinger.at\/daemmen\/?page_id=3960"},"modified":"2026-04-29T08:05:57","modified_gmt":"2026-04-29T06:05:57","slug":"wolfi-rep","status":"publish","type":"page","link":"https:\/\/wolfinger.at\/daemmen\/produkte\/klebesysteme\/wolfi-rep\/","title":{"rendered":"Wolfi Rep"},"content":{"rendered":"\t\t<div data-elementor-type=\"wp-page\" data-elementor-id=\"3960\" class=\"elementor elementor-3960\" data-elementor-post-type=\"page\">\n\t\t\t\t<div class=\"elementor-element elementor-element-4e7f7431 e-grid e-con-boxed e-con e-parent\" data-id=\"4e7f7431\" data-element_type=\"container\" data-e-type=\"container\">\n\t\t\t\t\t<div class=\"e-con-inner\">\n\t\t<div class=\"elementor-element elementor-element-629072c5 e-con-full e-flex e-con e-child\" data-id=\"629072c5\" data-element_type=\"container\" data-e-type=\"container\">\n\t\t\t\t<div class=\"elementor-element elementor-element-391034f6 elementor-widget elementor-widget-heading\" data-id=\"391034f6\" data-element_type=\"widget\" data-e-type=\"widget\" data-widget_type=\"heading.default\">\n\t\t\t\t\t<h1 class=\"elementor-heading-title elementor-size-default\">Wolfi Rep<\/h1>\t\t\t\t<\/div>\n\t\t\t\t<div class=\"elementor-element elementor-element-1364ba38 elementor-widget elementor-widget-text-editor\" data-id=\"1364ba38\" data-element_type=\"widget\" data-e-type=\"widget\" data-widget_type=\"text-editor.default\">\n\t\t\t\t\t\t\t\t\t<p><strong>Wolfi Rep<\/strong> ist ein selbstklebendes, luftdichtes Dichtpflaster zum schnellen und sicheren Verschlie\u00dfen von Einblas\u00f6ffnungen und Besch\u00e4digungen in der Dampfbremsenebene.<\/p>\t\t\t\t\t\t\t\t<\/div>\n\t\t\t\t<div class=\"elementor-element elementor-element-1adb90dc elementor-widget elementor-widget-button\" data-id=\"1adb90dc\" data-element_type=\"widget\" data-e-type=\"widget\" data-widget_type=\"button.default\">\n\t\t\t\t\t\t\t\t\t\t<a class=\"elementor-button elementor-button-link elementor-size-sm\" href=\"https:\/\/shop.wolfinger.at\/c\/ola1-1\/a\/ola1-47\/Klebesysteme\/Wolfi-Rep-Rolle.html\" target=\"_blank\">\n\t\t\t\t\t\t<span class=\"elementor-button-content-wrapper\">\n\t\t\t\t\t\t\t\t\t<span class=\"elementor-button-text\">IM SHOP ANSEHEN<\/span>\n\t\t\t\t\t<\/span>\n\t\t\t\t\t<\/a>\n\t\t\t\t\t\t\t\t<\/div>\n\t\t\t\t<\/div>\n\t\t<div class=\"elementor-element elementor-element-70a9e4a2 e-con-full e-flex e-con e-child\" data-id=\"70a9e4a2\" data-element_type=\"container\" data-e-type=\"container\">\n\t\t\t\t<div class=\"elementor-element elementor-element-5735393c elementor-widget elementor-widget-image\" data-id=\"5735393c\" data-element_type=\"widget\" data-e-type=\"widget\" data-widget_type=\"image.default\">\n\t\t\t\t\t\t\t\t\t\t\t\t\t\t\t<img fetchpriority=\"high\" decoding=\"async\" width=\"800\" height=\"534\" src=\"https:\/\/wolfinger.at\/daemmen\/wp-content\/uploads\/2026\/02\/Wolfi-Rep-1.jpg\" class=\"attachment-large size-large wp-image-5182\" alt=\"\" srcset=\"https:\/\/wolfinger.at\/daemmen\/wp-content\/uploads\/2026\/02\/Wolfi-Rep-1.jpg 1025w, https:\/\/wolfinger.at\/daemmen\/wp-content\/uploads\/2026\/02\/Wolfi-Rep-1-300x200.jpg 300w, https:\/\/wolfinger.at\/daemmen\/wp-content\/uploads\/2026\/02\/Wolfi-Rep-1-768x512.jpg 768w\" sizes=\"(max-width: 800px) 100vw, 800px\" \/>\t\t\t\t\t\t\t\t\t\t\t\t\t\t\t<\/div>\n\t\t\t\t<\/div>\n\t\t\t\t\t<\/div>\n\t\t\t\t<\/div>\n\t\t<div class=\"elementor-element elementor-element-55ad9a3e e-flex e-con-boxed e-con e-parent\" data-id=\"55ad9a3e\" data-element_type=\"container\" data-e-type=\"container\">\n\t\t\t\t\t<div class=\"e-con-inner\">\n\t\t\t\t<div class=\"elementor-element elementor-element-d524fc9 elementor-widget elementor-widget-text-editor\" data-id=\"d524fc9\" data-element_type=\"widget\" data-e-type=\"widget\" data-widget_type=\"text-editor.default\">\n\t\t\t\t\t\t\t\t\t<p><strong>Wolfi Rep<\/strong> wurde speziell f\u00fcr das einfache und zuverl\u00e4ssige Abdichten von Einblas\u00f6ffnungen, Durchdringungen oder Reparaturstelle in der luft- und winddichten Ebene entwickelt. Der leicht dehnbare Kunststofftr\u00e4ger ist luftdicht laminiert und besitzt eine mit Acrylkleber beschichtete Oberfl\u00e4che, womit das Dichtpflaster ein breites Haftspektrum aufweist.<\/p><p data-start=\"771\" data-end=\"1110\">Dank des hohen Kleberauftrags haftet das Dichtpflaster sicher auf g\u00e4ngigen Folien und Plattenwerkstoffen und erm\u00f6glicht eine einfache, saubere Verarbeitung auch bei niedrigen Temperaturen ab \u20135 \u00b0C. Der eingesetzte Acrylatklebstoff ist frei von Harzen und verspr\u00f6denden Zus\u00e4tzen und zeichnet sich durch eine hohe Alterungsbest\u00e4ndigkeit aus.<\/p><p data-start=\"1112\" data-end=\"1517\">Wolfi Rep \u00fcbernimmt ausschlie\u00dflich die Abdichtungsfunktion und ist nicht f\u00fcr kraftschl\u00fcssige Verbindungen vorgesehen. Es eignet sich ideal f\u00fcr Neubau und Sanierung und erf\u00fcllt die Anforderungen der relevanten Normen zur Luft- und Winddichtheit, darunter DIN 4108-7, DIN 4108-11 sowie \u00d6NORM B 8110-2.<\/p>\t\t\t\t\t\t\t\t<\/div>\n\t\t<div class=\"elementor-element elementor-element-7a79ba86 e-con-full e-flex e-con e-child\" data-id=\"7a79ba86\" data-element_type=\"container\" data-e-type=\"container\">\n\t\t\t\t<div class=\"elementor-element elementor-element-55ce11c2 elementor-widget elementor-widget-heading\" data-id=\"55ce11c2\" data-element_type=\"widget\" data-e-type=\"widget\" data-widget_type=\"heading.default\">\n\t\t\t\t\t<h5 class=\"elementor-heading-title elementor-size-default\">Downloads<\/h5>\t\t\t\t<\/div>\n\t\t\t\t<div class=\"elementor-element elementor-element-6a275bd elementor-widget-divider--view-line elementor-widget elementor-widget-divider\" data-id=\"6a275bd\" data-element_type=\"widget\" data-e-type=\"widget\" data-widget_type=\"divider.default\">\n\t\t\t\t\t\t\t<div class=\"elementor-divider\">\n\t\t\t<span class=\"elementor-divider-separator\">\n\t\t\t\t\t\t<\/span>\n\t\t<\/div>\n\t\t\t\t\t\t<\/div>\n\t\t\t\t<div class=\"elementor-element elementor-element-6807b61b elementor-position-inline-start elementor-view-default elementor-mobile-position-block-start elementor-widget elementor-widget-icon-box\" data-id=\"6807b61b\" data-element_type=\"widget\" data-e-type=\"widget\" data-widget_type=\"icon-box.default\">\n\t\t\t\t\t\t\t<div class=\"elementor-icon-box-wrapper\">\n\n\t\t\t\t\t\t<div class=\"elementor-icon-box-icon\">\n\t\t\t\t<a href=\"https:\/\/downloads.wolfinger.at\/de\/Verarbeitungsrichtlinien\/Klebeb%C3%A4nder\/Verarbeitungsrichtlinie%20Rep.pdf\" target=\"_blank\" class=\"elementor-icon\" tabindex=\"-1\" aria-label=\"Verarbeitungsrichtlinien\">\n\t\t\t\t<svg aria-hidden=\"true\" class=\"e-font-icon-svg e-far-file-pdf\" viewBox=\"0 0 384 512\" xmlns=\"http:\/\/www.w3.org\/2000\/svg\"><path d=\"M369.9 97.9L286 14C277 5 264.8-.1 252.1-.1H48C21.5 0 0 21.5 0 48v416c0 26.5 21.5 48 48 48h288c26.5 0 48-21.5 48-48V131.9c0-12.7-5.1-25-14.1-34zM332.1 128H256V51.9l76.1 76.1zM48 464V48h160v104c0 13.3 10.7 24 24 24h104v288H48zm250.2-143.7c-12.2-12-47-8.7-64.4-6.5-17.2-10.5-28.7-25-36.8-46.3 3.9-16.1 10.1-40.6 5.4-56-4.2-26.2-37.8-23.6-42.6-5.9-4.4 16.1-.4 38.5 7 67.1-10 23.9-24.9 56-35.4 74.4-20 10.3-47 26.2-51 46.2-3.3 15.8 26 55.2 76.1-31.2 22.4-7.4 46.8-16.5 68.4-20.1 18.9 10.2 41 17 55.8 17 25.5 0 28-28.2 17.5-38.7zm-198.1 77.8c5.1-13.7 24.5-29.5 30.4-35-19 30.3-30.4 35.7-30.4 35zm81.6-190.6c7.4 0 6.7 32.1 1.8 40.8-4.4-13.9-4.3-40.8-1.8-40.8zm-24.4 136.6c9.7-16.9 18-37 24.7-54.7 8.3 15.1 18.9 27.2 30.1 35.5-20.8 4.3-38.9 13.1-54.8 19.2zm131.6-5s-5 6-37.3-7.8c35.1-2.6 40.9 5.4 37.3 7.8z\"><\/path><\/svg>\t\t\t\t<\/a>\n\t\t\t<\/div>\n\t\t\t\n\t\t\t\t\t\t<div class=\"elementor-icon-box-content\">\n\n\t\t\t\t\t\t\t\t\t<h5 class=\"elementor-icon-box-title\">\n\t\t\t\t\t\t<a href=\"https:\/\/downloads.wolfinger.at\/de\/Verarbeitungsrichtlinien\/Klebeb%C3%A4nder\/Verarbeitungsrichtlinie%20Rep.pdf\" target=\"_blank\" >\n\t\t\t\t\t\t\tVerarbeitungsrichtlinien\t\t\t\t\t\t<\/a>\n\t\t\t\t\t<\/h5>\n\t\t\t\t\n\t\t\t\t\n\t\t\t<\/div>\n\t\t\t\n\t\t<\/div>\n\t\t\t\t\t\t<\/div>\n\t\t\t\t<\/div>\n\t\t\t\t\t<\/div>\n\t\t\t\t<\/div>\n\t\t\t\t<\/div>\n\t\t","protected":false},"excerpt":{"rendered":"<p>Wolfi Rep Wolfi Rep ist ein selbstklebendes, luftdichtes Dichtpflaster zum schnellen und sicheren Verschlie\u00dfen von Einblas\u00f6ffnungen und Besch\u00e4digungen in der Dampfbremsenebene. IM SHOP ANSEHEN Wolfi Rep wurde speziell f\u00fcr das einfache und zuverl\u00e4ssige Abdichten von Einblas\u00f6ffnungen, Durchdringungen oder Reparaturstelle in der luft- und winddichten Ebene entwickelt. Der leicht dehnbare Kunststofftr\u00e4ger ist luftdicht laminiert und besitzt [&hellip;]<\/p>\n","protected":false},"author":12,"featured_media":0,"parent":4218,"menu_order":0,"comment_status":"closed","ping_status":"closed","template":"","meta":{"footnotes":""},"class_list":["post-3960","page","type-page","status-publish","hentry"],"yoast_head":"<!-- This site is optimized with the Yoast SEO plugin v27.5 - https:\/\/yoast.com\/product\/yoast-seo-wordpress\/ -->\n<title>Wolfi Rep - WOLFINGER<\/title>\n<meta name=\"robots\" content=\"index, follow, max-snippet:-1, max-image-preview:large, max-video-preview:-1\" \/>\n<link rel=\"canonical\" href=\"https:\/\/wolfinger.at\/daemmen\/produkte\/klebesysteme\/wolfi-rep\/\" \/>\n<meta property=\"og:locale\" content=\"de_DE\" \/>\n<meta property=\"og:type\" content=\"article\" \/>\n<meta property=\"og:title\" content=\"Wolfi Rep - WOLFINGER\" \/>\n<meta property=\"og:description\" content=\"Wolfi Rep Wolfi Rep ist ein selbstklebendes, luftdichtes Dichtpflaster zum schnellen und sicheren Verschlie\u00dfen von Einblas\u00f6ffnungen und Besch\u00e4digungen in der Dampfbremsenebene. IM SHOP ANSEHEN Wolfi Rep wurde speziell f\u00fcr das einfache und zuverl\u00e4ssige Abdichten von Einblas\u00f6ffnungen, Durchdringungen oder Reparaturstelle in der luft- und winddichten Ebene entwickelt. Der leicht dehnbare Kunststofftr\u00e4ger ist luftdicht laminiert und besitzt [&hellip;]\" \/>\n<meta property=\"og:url\" content=\"https:\/\/wolfinger.at\/daemmen\/produkte\/klebesysteme\/wolfi-rep\/\" \/>\n<meta property=\"og:site_name\" content=\"WOLFINGER\" \/>\n<meta property=\"article:modified_time\" content=\"2026-04-29T06:05:57+00:00\" \/>\n<meta property=\"og:image\" content=\"https:\/\/wolfinger.at\/daemmen\/wp-content\/uploads\/2026\/02\/Wolfi-Rep-1.jpg\" \/>\n\t<meta property=\"og:image:width\" content=\"1025\" \/>\n\t<meta property=\"og:image:height\" content=\"684\" \/>\n\t<meta property=\"og:image:type\" content=\"image\/jpeg\" \/>\n<meta name=\"twitter:card\" content=\"summary_large_image\" \/>\n<meta name=\"twitter:label1\" content=\"Gesch\u00e4tzte Lesezeit\" \/>\n\t<meta name=\"twitter:data1\" content=\"1\u00a0Minute\" \/>\n<script type=\"application\/ld+json\" class=\"yoast-schema-graph\">{\"@context\":\"https:\\\/\\\/schema.org\",\"@graph\":[{\"@type\":\"WebPage\",\"@id\":\"https:\\\/\\\/wolfinger.at\\\/daemmen\\\/produkte\\\/klebesysteme\\\/wolfi-rep\\\/\",\"url\":\"https:\\\/\\\/wolfinger.at\\\/daemmen\\\/produkte\\\/klebesysteme\\\/wolfi-rep\\\/\",\"name\":\"Wolfi Rep - WOLFINGER\",\"isPartOf\":{\"@id\":\"https:\\\/\\\/wolfinger.at\\\/daemmen\\\/#website\"},\"primaryImageOfPage\":{\"@id\":\"https:\\\/\\\/wolfinger.at\\\/daemmen\\\/produkte\\\/klebesysteme\\\/wolfi-rep\\\/#primaryimage\"},\"image\":{\"@id\":\"https:\\\/\\\/wolfinger.at\\\/daemmen\\\/produkte\\\/klebesysteme\\\/wolfi-rep\\\/#primaryimage\"},\"thumbnailUrl\":\"https:\\\/\\\/wolfinger.at\\\/daemmen\\\/wp-content\\\/uploads\\\/2026\\\/02\\\/Wolfi-Rep-1.jpg\",\"datePublished\":\"2026-02-12T12:48:42+00:00\",\"dateModified\":\"2026-04-29T06:05:57+00:00\",\"breadcrumb\":{\"@id\":\"https:\\\/\\\/wolfinger.at\\\/daemmen\\\/produkte\\\/klebesysteme\\\/wolfi-rep\\\/#breadcrumb\"},\"inLanguage\":\"de\",\"potentialAction\":[{\"@type\":\"ReadAction\",\"target\":[\"https:\\\/\\\/wolfinger.at\\\/daemmen\\\/produkte\\\/klebesysteme\\\/wolfi-rep\\\/\"]}]},{\"@type\":\"ImageObject\",\"inLanguage\":\"de\",\"@id\":\"https:\\\/\\\/wolfinger.at\\\/daemmen\\\/produkte\\\/klebesysteme\\\/wolfi-rep\\\/#primaryimage\",\"url\":\"https:\\\/\\\/wolfinger.at\\\/daemmen\\\/wp-content\\\/uploads\\\/2026\\\/02\\\/Wolfi-Rep-1.jpg\",\"contentUrl\":\"https:\\\/\\\/wolfinger.at\\\/daemmen\\\/wp-content\\\/uploads\\\/2026\\\/02\\\/Wolfi-Rep-1.jpg\",\"width\":1025,\"height\":684},{\"@type\":\"BreadcrumbList\",\"@id\":\"https:\\\/\\\/wolfinger.at\\\/daemmen\\\/produkte\\\/klebesysteme\\\/wolfi-rep\\\/#breadcrumb\",\"itemListElement\":[{\"@type\":\"ListItem\",\"position\":1,\"name\":\"Startseite\",\"item\":\"https:\\\/\\\/wolfinger.at\\\/daemmen\\\/\"},{\"@type\":\"ListItem\",\"position\":2,\"name\":\"Produkte\",\"item\":\"https:\\\/\\\/wolfinger.at\\\/daemmen\\\/produkte\\\/\"},{\"@type\":\"ListItem\",\"position\":3,\"name\":\"Klebesysteme\",\"item\":\"https:\\\/\\\/wolfinger.at\\\/daemmen\\\/produkte\\\/klebesysteme\\\/\"},{\"@type\":\"ListItem\",\"position\":4,\"name\":\"Wolfi Rep\"}]},{\"@type\":\"WebSite\",\"@id\":\"https:\\\/\\\/wolfinger.at\\\/daemmen\\\/#website\",\"url\":\"https:\\\/\\\/wolfinger.at\\\/daemmen\\\/\",\"name\":\"Wolfinger Zellulosed\u00e4mmung\",\"description\":\"Zellulosed\u00e4mmung\",\"publisher\":{\"@id\":\"https:\\\/\\\/wolfinger.at\\\/daemmen\\\/#organization\"},\"potentialAction\":[{\"@type\":\"SearchAction\",\"target\":{\"@type\":\"EntryPoint\",\"urlTemplate\":\"https:\\\/\\\/wolfinger.at\\\/daemmen\\\/?s={search_term_string}\"},\"query-input\":{\"@type\":\"PropertyValueSpecification\",\"valueRequired\":true,\"valueName\":\"search_term_string\"}}],\"inLanguage\":\"de\"},{\"@type\":\"Organization\",\"@id\":\"https:\\\/\\\/wolfinger.at\\\/daemmen\\\/#organization\",\"name\":\"Wolfinger GmbH\",\"url\":\"https:\\\/\\\/wolfinger.at\\\/daemmen\\\/\",\"logo\":{\"@type\":\"ImageObject\",\"inLanguage\":\"de\",\"@id\":\"https:\\\/\\\/wolfinger.at\\\/daemmen\\\/#\\\/schema\\\/logo\\\/image\\\/\",\"url\":\"https:\\\/\\\/wolfinger.at\\\/daemmen\\\/wp-content\\\/uploads\\\/2024\\\/03\\\/wolfinger_fav_144.png\",\"contentUrl\":\"https:\\\/\\\/wolfinger.at\\\/daemmen\\\/wp-content\\\/uploads\\\/2024\\\/03\\\/wolfinger_fav_144.png\",\"width\":1633,\"height\":1632,\"caption\":\"Wolfinger GmbH\"},\"image\":{\"@id\":\"https:\\\/\\\/wolfinger.at\\\/daemmen\\\/#\\\/schema\\\/logo\\\/image\\\/\"}}]}<\/script>\n<!-- \/ Yoast SEO plugin. -->","yoast_head_json":{"title":"Wolfi Rep - WOLFINGER","robots":{"index":"index","follow":"follow","max-snippet":"max-snippet:-1","max-image-preview":"max-image-preview:large","max-video-preview":"max-video-preview:-1"},"canonical":"https:\/\/wolfinger.at\/daemmen\/produkte\/klebesysteme\/wolfi-rep\/","og_locale":"de_DE","og_type":"article","og_title":"Wolfi Rep - WOLFINGER","og_description":"Wolfi Rep Wolfi Rep ist ein selbstklebendes, luftdichtes Dichtpflaster zum schnellen und sicheren Verschlie\u00dfen von Einblas\u00f6ffnungen und Besch\u00e4digungen in der Dampfbremsenebene. IM SHOP ANSEHEN Wolfi Rep wurde speziell f\u00fcr das einfache und zuverl\u00e4ssige Abdichten von Einblas\u00f6ffnungen, Durchdringungen oder Reparaturstelle in der luft- und winddichten Ebene entwickelt. Der leicht dehnbare Kunststofftr\u00e4ger ist luftdicht laminiert und besitzt [&hellip;]","og_url":"https:\/\/wolfinger.at\/daemmen\/produkte\/klebesysteme\/wolfi-rep\/","og_site_name":"WOLFINGER","article_modified_time":"2026-04-29T06:05:57+00:00","og_image":[{"width":1025,"height":684,"url":"https:\/\/wolfinger.at\/daemmen\/wp-content\/uploads\/2026\/02\/Wolfi-Rep-1.jpg","type":"image\/jpeg"}],"twitter_card":"summary_large_image","twitter_misc":{"Gesch\u00e4tzte Lesezeit":"1\u00a0Minute"},"schema":{"@context":"https:\/\/schema.org","@graph":[{"@type":"WebPage","@id":"https:\/\/wolfinger.at\/daemmen\/produkte\/klebesysteme\/wolfi-rep\/","url":"https:\/\/wolfinger.at\/daemmen\/produkte\/klebesysteme\/wolfi-rep\/","name":"Wolfi Rep - WOLFINGER","isPartOf":{"@id":"https:\/\/wolfinger.at\/daemmen\/#website"},"primaryImageOfPage":{"@id":"https:\/\/wolfinger.at\/daemmen\/produkte\/klebesysteme\/wolfi-rep\/#primaryimage"},"image":{"@id":"https:\/\/wolfinger.at\/daemmen\/produkte\/klebesysteme\/wolfi-rep\/#primaryimage"},"thumbnailUrl":"https:\/\/wolfinger.at\/daemmen\/wp-content\/uploads\/2026\/02\/Wolfi-Rep-1.jpg","datePublished":"2026-02-12T12:48:42+00:00","dateModified":"2026-04-29T06:05:57+00:00","breadcrumb":{"@id":"https:\/\/wolfinger.at\/daemmen\/produkte\/klebesysteme\/wolfi-rep\/#breadcrumb"},"inLanguage":"de","potentialAction":[{"@type":"ReadAction","target":["https:\/\/wolfinger.at\/daemmen\/produkte\/klebesysteme\/wolfi-rep\/"]}]},{"@type":"ImageObject","inLanguage":"de","@id":"https:\/\/wolfinger.at\/daemmen\/produkte\/klebesysteme\/wolfi-rep\/#primaryimage","url":"https:\/\/wolfinger.at\/daemmen\/wp-content\/uploads\/2026\/02\/Wolfi-Rep-1.jpg","contentUrl":"https:\/\/wolfinger.at\/daemmen\/wp-content\/uploads\/2026\/02\/Wolfi-Rep-1.jpg","width":1025,"height":684},{"@type":"BreadcrumbList","@id":"https:\/\/wolfinger.at\/daemmen\/produkte\/klebesysteme\/wolfi-rep\/#breadcrumb","itemListElement":[{"@type":"ListItem","position":1,"name":"Startseite","item":"https:\/\/wolfinger.at\/daemmen\/"},{"@type":"ListItem","position":2,"name":"Produkte","item":"https:\/\/wolfinger.at\/daemmen\/produkte\/"},{"@type":"ListItem","position":3,"name":"Klebesysteme","item":"https:\/\/wolfinger.at\/daemmen\/produkte\/klebesysteme\/"},{"@type":"ListItem","position":4,"name":"Wolfi Rep"}]},{"@type":"WebSite","@id":"https:\/\/wolfinger.at\/daemmen\/#website","url":"https:\/\/wolfinger.at\/daemmen\/","name":"Wolfinger Zellulosed\u00e4mmung","description":"Zellulosed\u00e4mmung","publisher":{"@id":"https:\/\/wolfinger.at\/daemmen\/#organization"},"potentialAction":[{"@type":"SearchAction","target":{"@type":"EntryPoint","urlTemplate":"https:\/\/wolfinger.at\/daemmen\/?s={search_term_string}"},"query-input":{"@type":"PropertyValueSpecification","valueRequired":true,"valueName":"search_term_string"}}],"inLanguage":"de"},{"@type":"Organization","@id":"https:\/\/wolfinger.at\/daemmen\/#organization","name":"Wolfinger GmbH","url":"https:\/\/wolfinger.at\/daemmen\/","logo":{"@type":"ImageObject","inLanguage":"de","@id":"https:\/\/wolfinger.at\/daemmen\/#\/schema\/logo\/image\/","url":"https:\/\/wolfinger.at\/daemmen\/wp-content\/uploads\/2024\/03\/wolfinger_fav_144.png","contentUrl":"https:\/\/wolfinger.at\/daemmen\/wp-content\/uploads\/2024\/03\/wolfinger_fav_144.png","width":1633,"height":1632,"caption":"Wolfinger GmbH"},"image":{"@id":"https:\/\/wolfinger.at\/daemmen\/#\/schema\/logo\/image\/"}}]}},"_links":{"self":[{"href":"https:\/\/wolfinger.at\/daemmen\/wp-json\/wp\/v2\/pages\/3960","targetHints":{"allow":["GET"]}}],"collection":[{"href":"https:\/\/wolfinger.at\/daemmen\/wp-json\/wp\/v2\/pages"}],"about":[{"href":"https:\/\/wolfinger.at\/daemmen\/wp-json\/wp\/v2\/types\/page"}],"author":[{"embeddable":true,"href":"https:\/\/wolfinger.at\/daemmen\/wp-json\/wp\/v2\/users\/12"}],"replies":[{"embeddable":true,"href":"https:\/\/wolfinger.at\/daemmen\/wp-json\/wp\/v2\/comments?post=3960"}],"version-history":[{"count":25,"href":"https:\/\/wolfinger.at\/daemmen\/wp-json\/wp\/v2\/pages\/3960\/revisions"}],"predecessor-version":[{"id":5611,"href":"https:\/\/wolfinger.at\/daemmen\/wp-json\/wp\/v2\/pages\/3960\/revisions\/5611"}],"up":[{"embeddable":true,"href":"https:\/\/wolfinger.at\/daemmen\/wp-json\/wp\/v2\/pages\/4218"}],"wp:attachment":[{"href":"https:\/\/wolfinger.at\/daemmen\/wp-json\/wp\/v2\/media?parent=3960"}],"curies":[{"name":"wp","href":"https:\/\/api.w.org\/{rel}","templated":true}]}}