{"id":3934,"date":"2026-01-15T15:28:06","date_gmt":"2026-01-15T13:28:06","guid":{"rendered":"https:\/\/wolfinger.at\/daemmen\/?page_id=3934"},"modified":"2026-04-29T08:01:12","modified_gmt":"2026-04-29T06:01:12","slug":"wolfi-kraft-plus","status":"publish","type":"page","link":"https:\/\/wolfinger.at\/daemmen\/produkte\/klebesysteme\/wolfi-kraft-plus\/","title":{"rendered":"Wolfi Kraft Plus"},"content":{"rendered":"\t\t<div data-elementor-type=\"wp-page\" data-elementor-id=\"3934\" class=\"elementor elementor-3934\" data-elementor-post-type=\"page\">\n\t\t\t\t<div class=\"elementor-element elementor-element-1f226984 e-grid e-con-boxed e-con e-parent\" data-id=\"1f226984\" data-element_type=\"container\" data-e-type=\"container\">\n\t\t\t\t\t<div class=\"e-con-inner\">\n\t\t<div class=\"elementor-element elementor-element-4ecef065 e-con-full e-flex e-con e-child\" data-id=\"4ecef065\" data-element_type=\"container\" data-e-type=\"container\">\n\t\t\t\t<div class=\"elementor-element elementor-element-562bcc53 elementor-widget elementor-widget-heading\" data-id=\"562bcc53\" data-element_type=\"widget\" data-e-type=\"widget\" data-widget_type=\"heading.default\">\n\t\t\t\t\t<h1 class=\"elementor-heading-title elementor-size-default\">Wolfi Kraft Plus<\/h1>\t\t\t\t<\/div>\n\t\t\t\t<div class=\"elementor-element elementor-element-6ab408ff elementor-widget elementor-widget-text-editor\" data-id=\"6ab408ff\" data-element_type=\"widget\" data-e-type=\"widget\" data-widget_type=\"text-editor.default\">\n\t\t\t\t\t\t\t\t\t<p><strong>Wolfi Kraft Plus<\/strong> ist ein hochalterungsbest\u00e4diges Spezialklebeband f\u00fcr luft- und winddichte Verklebungen im Innen- und Au\u00dfenbereich. Es \u00fcberzeugt durch extrahohe Klebkraft und zuverl\u00e4ssige Haftung &#8211; auch bei Feuchtigkeit.<\/p>\t\t\t\t\t\t\t\t<\/div>\n\t\t\t\t<div class=\"elementor-element elementor-element-3eec364e elementor-widget elementor-widget-button\" data-id=\"3eec364e\" data-element_type=\"widget\" data-e-type=\"widget\" data-widget_type=\"button.default\">\n\t\t\t\t\t\t\t\t\t\t<a class=\"elementor-button elementor-button-link elementor-size-sm\" href=\"https:\/\/shop.wolfinger.at\/c\/ola1-1\/a\/ola1-43\/Klebesysteme\/Wolfi-Kraft-Plus-6-cm.html\" target=\"_blank\">\n\t\t\t\t\t\t<span class=\"elementor-button-content-wrapper\">\n\t\t\t\t\t\t\t\t\t<span class=\"elementor-button-text\">IM SHOP ANSEHEN<\/span>\n\t\t\t\t\t<\/span>\n\t\t\t\t\t<\/a>\n\t\t\t\t\t\t\t\t<\/div>\n\t\t\t\t<div class=\"elementor-element elementor-element-c964467 elementor-widget elementor-widget-image\" data-id=\"c964467\" data-element_type=\"widget\" data-e-type=\"widget\" data-widget_type=\"image.default\">\n\t\t\t\t\t\t\t\t\t\t\t\t\t\t\t\t<a href=\"https:\/\/www.baubook.at\/m\/PHP\/Info.php?SI=2142748670&#038;SW=5\" target=\"_blank\">\n\t\t\t\t\t\t\t<img decoding=\"async\" width=\"160\" height=\"36\" src=\"https:\/\/wolfinger.at\/daemmen\/wp-content\/uploads\/2026\/01\/Baubook.svg\" class=\"attachment-large size-large wp-image-3885\" alt=\"\" \/>\t\t\t\t\t\t\t\t<\/a>\n\t\t\t\t\t\t\t\t\t\t\t\t\t\t\t<\/div>\n\t\t\t\t<\/div>\n\t\t<div class=\"elementor-element elementor-element-3ccc169f e-con-full e-flex e-con e-child\" data-id=\"3ccc169f\" data-element_type=\"container\" data-e-type=\"container\">\n\t\t\t\t<div class=\"elementor-element elementor-element-bf842ce elementor-widget elementor-widget-image\" data-id=\"bf842ce\" data-element_type=\"widget\" data-e-type=\"widget\" data-widget_type=\"image.default\">\n\t\t\t\t\t\t\t\t\t\t\t\t\t\t\t<img fetchpriority=\"high\" decoding=\"async\" width=\"260\" height=\"300\" src=\"https:\/\/wolfinger.at\/daemmen\/wp-content\/uploads\/2026\/01\/Wolfi-Kraft_01-260x300.jpg\" class=\"attachment-medium size-medium wp-image-3940\" alt=\"\" srcset=\"https:\/\/wolfinger.at\/daemmen\/wp-content\/uploads\/2026\/01\/Wolfi-Kraft_01-260x300.jpg 260w, https:\/\/wolfinger.at\/daemmen\/wp-content\/uploads\/2026\/01\/Wolfi-Kraft_01.jpg 579w\" sizes=\"(max-width: 260px) 100vw, 260px\" \/>\t\t\t\t\t\t\t\t\t\t\t\t\t\t\t<\/div>\n\t\t\t\t<\/div>\n\t\t\t\t\t<\/div>\n\t\t\t\t<\/div>\n\t\t<div class=\"elementor-element elementor-element-3f87c851 e-flex e-con-boxed e-con e-parent\" data-id=\"3f87c851\" data-element_type=\"container\" data-e-type=\"container\">\n\t\t\t\t\t<div class=\"e-con-inner\">\n\t\t\t\t<div class=\"elementor-element elementor-element-66be1020 elementor-widget elementor-widget-text-editor\" data-id=\"66be1020\" data-element_type=\"widget\" data-e-type=\"widget\" data-widget_type=\"text-editor.default\">\n\t\t\t\t\t\t\t\t\t<p>Wolfi Kraft Plus ist die weiterentwickelte Version des bew\u00e4hrten Wolfi Kraft Klebebandes und wurde speziell f\u00fcr die sichere Verklebung von \u00dcberlappungen bei Dampfbremsen, Dampfsperren und Winddichtungen entwickelt. Eine zus\u00e4tzliche Sperrschicht im Tr\u00e4gerpapier erh\u00f6ht die Widerstandsf\u00e4higkeit gegen\u00fcber feuchtem Umgebungsklima und sorgt f\u00fcr dauerhaft luft- und winddichte Anschl\u00fcsse.<\/p><p>Der UV-vernetzte, wasserunl\u00f6slichen Acrylkleber bleibt auch bei Feuchtigkeitseinfluss dauerhaft aktiv und erm\u00f6glicht den Einsatz sowohl im Innenbereich als auch im Unterdach- und Winddichtungsbereich. Das wasserabweisende Spezialpapier gew\u00e4hrleistet selbst nach vor\u00fcbergehender Freibewitterung eine zuverl\u00e4ssige Funktion im D\u00e4mmaufbau.<\/p><p>Wolfi Kraft Plus l\u00e4sst sich leicht von Hand abrei\u00dfen und zeichnet sich durch eine besonders robuste Trennlage aus, die ein Einrei\u00dfen zuverl\u00e4ssig verhindert. Dank hoher Alterungsbest\u00e4ndigkeit, Tropfwasserresistenz und gepr\u00fcfter Qualit\u00e4t eignet sich das Klebeband ideal f\u00fcr anspruchsvolle Baustellensituationen bei Neubau und Sanierung.<\/p>\t\t\t\t\t\t\t\t<\/div>\n\t\t<div class=\"elementor-element elementor-element-3d4eb07f e-con-full e-flex e-con e-child\" data-id=\"3d4eb07f\" data-element_type=\"container\" data-e-type=\"container\">\n\t\t\t\t<div class=\"elementor-element elementor-element-4db0b76d elementor-widget elementor-widget-heading\" data-id=\"4db0b76d\" data-element_type=\"widget\" data-e-type=\"widget\" data-widget_type=\"heading.default\">\n\t\t\t\t\t<h5 class=\"elementor-heading-title elementor-size-default\">Downloads<\/h5>\t\t\t\t<\/div>\n\t\t\t\t<div class=\"elementor-element elementor-element-259686e8 elementor-widget-divider--view-line elementor-widget elementor-widget-divider\" data-id=\"259686e8\" data-element_type=\"widget\" data-e-type=\"widget\" data-widget_type=\"divider.default\">\n\t\t\t\t\t\t\t<div class=\"elementor-divider\">\n\t\t\t<span class=\"elementor-divider-separator\">\n\t\t\t\t\t\t<\/span>\n\t\t<\/div>\n\t\t\t\t\t\t<\/div>\n\t\t\t\t<div class=\"elementor-element elementor-element-9458f2b elementor-position-inline-start elementor-view-default elementor-mobile-position-block-start elementor-widget elementor-widget-icon-box\" data-id=\"9458f2b\" data-element_type=\"widget\" data-e-type=\"widget\" data-widget_type=\"icon-box.default\">\n\t\t\t\t\t\t\t<div class=\"elementor-icon-box-wrapper\">\n\n\t\t\t\t\t\t<div class=\"elementor-icon-box-icon\">\n\t\t\t\t<a href=\"https:\/\/downloads.wolfinger.at\/de\/Verarbeitungsrichtlinien\/Klebeb%C3%A4nder\/Verarbeitungsrichtlinie%20Kraft%20Plus.pdf\" target=\"_blank\" class=\"elementor-icon\" tabindex=\"-1\" aria-label=\"Verarbeitungsrichtlinie\">\n\t\t\t\t<svg aria-hidden=\"true\" class=\"e-font-icon-svg e-far-file-pdf\" viewBox=\"0 0 384 512\" xmlns=\"http:\/\/www.w3.org\/2000\/svg\"><path d=\"M369.9 97.9L286 14C277 5 264.8-.1 252.1-.1H48C21.5 0 0 21.5 0 48v416c0 26.5 21.5 48 48 48h288c26.5 0 48-21.5 48-48V131.9c0-12.7-5.1-25-14.1-34zM332.1 128H256V51.9l76.1 76.1zM48 464V48h160v104c0 13.3 10.7 24 24 24h104v288H48zm250.2-143.7c-12.2-12-47-8.7-64.4-6.5-17.2-10.5-28.7-25-36.8-46.3 3.9-16.1 10.1-40.6 5.4-56-4.2-26.2-37.8-23.6-42.6-5.9-4.4 16.1-.4 38.5 7 67.1-10 23.9-24.9 56-35.4 74.4-20 10.3-47 26.2-51 46.2-3.3 15.8 26 55.2 76.1-31.2 22.4-7.4 46.8-16.5 68.4-20.1 18.9 10.2 41 17 55.8 17 25.5 0 28-28.2 17.5-38.7zm-198.1 77.8c5.1-13.7 24.5-29.5 30.4-35-19 30.3-30.4 35.7-30.4 35zm81.6-190.6c7.4 0 6.7 32.1 1.8 40.8-4.4-13.9-4.3-40.8-1.8-40.8zm-24.4 136.6c9.7-16.9 18-37 24.7-54.7 8.3 15.1 18.9 27.2 30.1 35.5-20.8 4.3-38.9 13.1-54.8 19.2zm131.6-5s-5 6-37.3-7.8c35.1-2.6 40.9 5.4 37.3 7.8z\"><\/path><\/svg>\t\t\t\t<\/a>\n\t\t\t<\/div>\n\t\t\t\n\t\t\t\t\t\t<div class=\"elementor-icon-box-content\">\n\n\t\t\t\t\t\t\t\t\t<h5 class=\"elementor-icon-box-title\">\n\t\t\t\t\t\t<a href=\"https:\/\/downloads.wolfinger.at\/de\/Verarbeitungsrichtlinien\/Klebeb%C3%A4nder\/Verarbeitungsrichtlinie%20Kraft%20Plus.pdf\" target=\"_blank\" >\n\t\t\t\t\t\t\tVerarbeitungsrichtlinie\t\t\t\t\t\t<\/a>\n\t\t\t\t\t<\/h5>\n\t\t\t\t\n\t\t\t\t\n\t\t\t<\/div>\n\t\t\t\n\t\t<\/div>\n\t\t\t\t\t\t<\/div>\n\t\t\t\t<\/div>\n\t\t\t\t\t<\/div>\n\t\t\t\t<\/div>\n\t\t\t\t<\/div>\n\t\t","protected":false},"excerpt":{"rendered":"<p>Wolfi Kraft Plus Wolfi Kraft Plus ist ein hochalterungsbest\u00e4diges Spezialklebeband f\u00fcr luft- und winddichte Verklebungen im Innen- und Au\u00dfenbereich. Es \u00fcberzeugt durch extrahohe Klebkraft und zuverl\u00e4ssige Haftung &#8211; auch bei Feuchtigkeit. IM SHOP ANSEHEN Wolfi Kraft Plus ist die weiterentwickelte Version des bew\u00e4hrten Wolfi Kraft Klebebandes und wurde speziell f\u00fcr die sichere Verklebung von \u00dcberlappungen [&hellip;]<\/p>\n","protected":false},"author":12,"featured_media":0,"parent":4218,"menu_order":0,"comment_status":"closed","ping_status":"closed","template":"","meta":{"footnotes":""},"class_list":["post-3934","page","type-page","status-publish","hentry"],"yoast_head":"<!-- This site is optimized with the Yoast SEO plugin v27.5 - https:\/\/yoast.com\/product\/yoast-seo-wordpress\/ -->\n<title>Wolfi Kraft Plus - WOLFINGER<\/title>\n<meta name=\"robots\" content=\"index, follow, max-snippet:-1, max-image-preview:large, max-video-preview:-1\" \/>\n<link rel=\"canonical\" href=\"https:\/\/wolfinger.at\/daemmen\/produkte\/klebesysteme\/wolfi-kraft-plus\/\" \/>\n<meta property=\"og:locale\" content=\"de_DE\" \/>\n<meta property=\"og:type\" content=\"article\" \/>\n<meta property=\"og:title\" content=\"Wolfi Kraft Plus - WOLFINGER\" \/>\n<meta property=\"og:description\" content=\"Wolfi Kraft Plus Wolfi Kraft Plus ist ein hochalterungsbest\u00e4diges Spezialklebeband f\u00fcr luft- und winddichte Verklebungen im Innen- und Au\u00dfenbereich. Es \u00fcberzeugt durch extrahohe Klebkraft und zuverl\u00e4ssige Haftung &#8211; auch bei Feuchtigkeit. IM SHOP ANSEHEN Wolfi Kraft Plus ist die weiterentwickelte Version des bew\u00e4hrten Wolfi Kraft Klebebandes und wurde speziell f\u00fcr die sichere Verklebung von \u00dcberlappungen [&hellip;]\" \/>\n<meta property=\"og:url\" content=\"https:\/\/wolfinger.at\/daemmen\/produkte\/klebesysteme\/wolfi-kraft-plus\/\" \/>\n<meta property=\"og:site_name\" content=\"WOLFINGER\" \/>\n<meta property=\"article:modified_time\" content=\"2026-04-29T06:01:12+00:00\" \/>\n<meta name=\"twitter:card\" content=\"summary_large_image\" \/>\n<meta name=\"twitter:label1\" content=\"Gesch\u00e4tzte Lesezeit\" \/>\n\t<meta name=\"twitter:data1\" content=\"2\u00a0Minuten\" \/>\n<script type=\"application\/ld+json\" class=\"yoast-schema-graph\">{\"@context\":\"https:\\\/\\\/schema.org\",\"@graph\":[{\"@type\":\"WebPage\",\"@id\":\"https:\\\/\\\/wolfinger.at\\\/daemmen\\\/produkte\\\/klebesysteme\\\/wolfi-kraft-plus\\\/\",\"url\":\"https:\\\/\\\/wolfinger.at\\\/daemmen\\\/produkte\\\/klebesysteme\\\/wolfi-kraft-plus\\\/\",\"name\":\"Wolfi Kraft Plus - WOLFINGER\",\"isPartOf\":{\"@id\":\"https:\\\/\\\/wolfinger.at\\\/daemmen\\\/#website\"},\"primaryImageOfPage\":{\"@id\":\"https:\\\/\\\/wolfinger.at\\\/daemmen\\\/produkte\\\/klebesysteme\\\/wolfi-kraft-plus\\\/#primaryimage\"},\"image\":{\"@id\":\"https:\\\/\\\/wolfinger.at\\\/daemmen\\\/produkte\\\/klebesysteme\\\/wolfi-kraft-plus\\\/#primaryimage\"},\"thumbnailUrl\":\"https:\\\/\\\/wolfinger.at\\\/daemmen\\\/wp-content\\\/uploads\\\/2026\\\/01\\\/Baubook.svg\",\"datePublished\":\"2026-01-15T13:28:06+00:00\",\"dateModified\":\"2026-04-29T06:01:12+00:00\",\"breadcrumb\":{\"@id\":\"https:\\\/\\\/wolfinger.at\\\/daemmen\\\/produkte\\\/klebesysteme\\\/wolfi-kraft-plus\\\/#breadcrumb\"},\"inLanguage\":\"de\",\"potentialAction\":[{\"@type\":\"ReadAction\",\"target\":[\"https:\\\/\\\/wolfinger.at\\\/daemmen\\\/produkte\\\/klebesysteme\\\/wolfi-kraft-plus\\\/\"]}]},{\"@type\":\"ImageObject\",\"inLanguage\":\"de\",\"@id\":\"https:\\\/\\\/wolfinger.at\\\/daemmen\\\/produkte\\\/klebesysteme\\\/wolfi-kraft-plus\\\/#primaryimage\",\"url\":\"https:\\\/\\\/wolfinger.at\\\/daemmen\\\/wp-content\\\/uploads\\\/2026\\\/01\\\/Baubook.svg\",\"contentUrl\":\"https:\\\/\\\/wolfinger.at\\\/daemmen\\\/wp-content\\\/uploads\\\/2026\\\/01\\\/Baubook.svg\",\"width\":160,\"height\":36},{\"@type\":\"BreadcrumbList\",\"@id\":\"https:\\\/\\\/wolfinger.at\\\/daemmen\\\/produkte\\\/klebesysteme\\\/wolfi-kraft-plus\\\/#breadcrumb\",\"itemListElement\":[{\"@type\":\"ListItem\",\"position\":1,\"name\":\"Startseite\",\"item\":\"https:\\\/\\\/wolfinger.at\\\/daemmen\\\/\"},{\"@type\":\"ListItem\",\"position\":2,\"name\":\"Produkte\",\"item\":\"https:\\\/\\\/wolfinger.at\\\/daemmen\\\/produkte\\\/\"},{\"@type\":\"ListItem\",\"position\":3,\"name\":\"Klebesysteme\",\"item\":\"https:\\\/\\\/wolfinger.at\\\/daemmen\\\/produkte\\\/klebesysteme\\\/\"},{\"@type\":\"ListItem\",\"position\":4,\"name\":\"Wolfi Kraft Plus\"}]},{\"@type\":\"WebSite\",\"@id\":\"https:\\\/\\\/wolfinger.at\\\/daemmen\\\/#website\",\"url\":\"https:\\\/\\\/wolfinger.at\\\/daemmen\\\/\",\"name\":\"Wolfinger Zellulosed\u00e4mmung\",\"description\":\"Zellulosed\u00e4mmung\",\"publisher\":{\"@id\":\"https:\\\/\\\/wolfinger.at\\\/daemmen\\\/#organization\"},\"potentialAction\":[{\"@type\":\"SearchAction\",\"target\":{\"@type\":\"EntryPoint\",\"urlTemplate\":\"https:\\\/\\\/wolfinger.at\\\/daemmen\\\/?s={search_term_string}\"},\"query-input\":{\"@type\":\"PropertyValueSpecification\",\"valueRequired\":true,\"valueName\":\"search_term_string\"}}],\"inLanguage\":\"de\"},{\"@type\":\"Organization\",\"@id\":\"https:\\\/\\\/wolfinger.at\\\/daemmen\\\/#organization\",\"name\":\"Wolfinger GmbH\",\"url\":\"https:\\\/\\\/wolfinger.at\\\/daemmen\\\/\",\"logo\":{\"@type\":\"ImageObject\",\"inLanguage\":\"de\",\"@id\":\"https:\\\/\\\/wolfinger.at\\\/daemmen\\\/#\\\/schema\\\/logo\\\/image\\\/\",\"url\":\"https:\\\/\\\/wolfinger.at\\\/daemmen\\\/wp-content\\\/uploads\\\/2024\\\/03\\\/wolfinger_fav_144.png\",\"contentUrl\":\"https:\\\/\\\/wolfinger.at\\\/daemmen\\\/wp-content\\\/uploads\\\/2024\\\/03\\\/wolfinger_fav_144.png\",\"width\":1633,\"height\":1632,\"caption\":\"Wolfinger GmbH\"},\"image\":{\"@id\":\"https:\\\/\\\/wolfinger.at\\\/daemmen\\\/#\\\/schema\\\/logo\\\/image\\\/\"}}]}<\/script>\n<!-- \/ Yoast SEO plugin. -->","yoast_head_json":{"title":"Wolfi Kraft Plus - WOLFINGER","robots":{"index":"index","follow":"follow","max-snippet":"max-snippet:-1","max-image-preview":"max-image-preview:large","max-video-preview":"max-video-preview:-1"},"canonical":"https:\/\/wolfinger.at\/daemmen\/produkte\/klebesysteme\/wolfi-kraft-plus\/","og_locale":"de_DE","og_type":"article","og_title":"Wolfi Kraft Plus - WOLFINGER","og_description":"Wolfi Kraft Plus Wolfi Kraft Plus ist ein hochalterungsbest\u00e4diges Spezialklebeband f\u00fcr luft- und winddichte Verklebungen im Innen- und Au\u00dfenbereich. Es \u00fcberzeugt durch extrahohe Klebkraft und zuverl\u00e4ssige Haftung &#8211; auch bei Feuchtigkeit. IM SHOP ANSEHEN Wolfi Kraft Plus ist die weiterentwickelte Version des bew\u00e4hrten Wolfi Kraft Klebebandes und wurde speziell f\u00fcr die sichere Verklebung von \u00dcberlappungen [&hellip;]","og_url":"https:\/\/wolfinger.at\/daemmen\/produkte\/klebesysteme\/wolfi-kraft-plus\/","og_site_name":"WOLFINGER","article_modified_time":"2026-04-29T06:01:12+00:00","twitter_card":"summary_large_image","twitter_misc":{"Gesch\u00e4tzte Lesezeit":"2\u00a0Minuten"},"schema":{"@context":"https:\/\/schema.org","@graph":[{"@type":"WebPage","@id":"https:\/\/wolfinger.at\/daemmen\/produkte\/klebesysteme\/wolfi-kraft-plus\/","url":"https:\/\/wolfinger.at\/daemmen\/produkte\/klebesysteme\/wolfi-kraft-plus\/","name":"Wolfi Kraft Plus - WOLFINGER","isPartOf":{"@id":"https:\/\/wolfinger.at\/daemmen\/#website"},"primaryImageOfPage":{"@id":"https:\/\/wolfinger.at\/daemmen\/produkte\/klebesysteme\/wolfi-kraft-plus\/#primaryimage"},"image":{"@id":"https:\/\/wolfinger.at\/daemmen\/produkte\/klebesysteme\/wolfi-kraft-plus\/#primaryimage"},"thumbnailUrl":"https:\/\/wolfinger.at\/daemmen\/wp-content\/uploads\/2026\/01\/Baubook.svg","datePublished":"2026-01-15T13:28:06+00:00","dateModified":"2026-04-29T06:01:12+00:00","breadcrumb":{"@id":"https:\/\/wolfinger.at\/daemmen\/produkte\/klebesysteme\/wolfi-kraft-plus\/#breadcrumb"},"inLanguage":"de","potentialAction":[{"@type":"ReadAction","target":["https:\/\/wolfinger.at\/daemmen\/produkte\/klebesysteme\/wolfi-kraft-plus\/"]}]},{"@type":"ImageObject","inLanguage":"de","@id":"https:\/\/wolfinger.at\/daemmen\/produkte\/klebesysteme\/wolfi-kraft-plus\/#primaryimage","url":"https:\/\/wolfinger.at\/daemmen\/wp-content\/uploads\/2026\/01\/Baubook.svg","contentUrl":"https:\/\/wolfinger.at\/daemmen\/wp-content\/uploads\/2026\/01\/Baubook.svg","width":160,"height":36},{"@type":"BreadcrumbList","@id":"https:\/\/wolfinger.at\/daemmen\/produkte\/klebesysteme\/wolfi-kraft-plus\/#breadcrumb","itemListElement":[{"@type":"ListItem","position":1,"name":"Startseite","item":"https:\/\/wolfinger.at\/daemmen\/"},{"@type":"ListItem","position":2,"name":"Produkte","item":"https:\/\/wolfinger.at\/daemmen\/produkte\/"},{"@type":"ListItem","position":3,"name":"Klebesysteme","item":"https:\/\/wolfinger.at\/daemmen\/produkte\/klebesysteme\/"},{"@type":"ListItem","position":4,"name":"Wolfi Kraft Plus"}]},{"@type":"WebSite","@id":"https:\/\/wolfinger.at\/daemmen\/#website","url":"https:\/\/wolfinger.at\/daemmen\/","name":"Wolfinger Zellulosed\u00e4mmung","description":"Zellulosed\u00e4mmung","publisher":{"@id":"https:\/\/wolfinger.at\/daemmen\/#organization"},"potentialAction":[{"@type":"SearchAction","target":{"@type":"EntryPoint","urlTemplate":"https:\/\/wolfinger.at\/daemmen\/?s={search_term_string}"},"query-input":{"@type":"PropertyValueSpecification","valueRequired":true,"valueName":"search_term_string"}}],"inLanguage":"de"},{"@type":"Organization","@id":"https:\/\/wolfinger.at\/daemmen\/#organization","name":"Wolfinger GmbH","url":"https:\/\/wolfinger.at\/daemmen\/","logo":{"@type":"ImageObject","inLanguage":"de","@id":"https:\/\/wolfinger.at\/daemmen\/#\/schema\/logo\/image\/","url":"https:\/\/wolfinger.at\/daemmen\/wp-content\/uploads\/2024\/03\/wolfinger_fav_144.png","contentUrl":"https:\/\/wolfinger.at\/daemmen\/wp-content\/uploads\/2024\/03\/wolfinger_fav_144.png","width":1633,"height":1632,"caption":"Wolfinger GmbH"},"image":{"@id":"https:\/\/wolfinger.at\/daemmen\/#\/schema\/logo\/image\/"}}]}},"_links":{"self":[{"href":"https:\/\/wolfinger.at\/daemmen\/wp-json\/wp\/v2\/pages\/3934","targetHints":{"allow":["GET"]}}],"collection":[{"href":"https:\/\/wolfinger.at\/daemmen\/wp-json\/wp\/v2\/pages"}],"about":[{"href":"https:\/\/wolfinger.at\/daemmen\/wp-json\/wp\/v2\/types\/page"}],"author":[{"embeddable":true,"href":"https:\/\/wolfinger.at\/daemmen\/wp-json\/wp\/v2\/users\/12"}],"replies":[{"embeddable":true,"href":"https:\/\/wolfinger.at\/daemmen\/wp-json\/wp\/v2\/comments?post=3934"}],"version-history":[{"count":29,"href":"https:\/\/wolfinger.at\/daemmen\/wp-json\/wp\/v2\/pages\/3934\/revisions"}],"predecessor-version":[{"id":5599,"href":"https:\/\/wolfinger.at\/daemmen\/wp-json\/wp\/v2\/pages\/3934\/revisions\/5599"}],"up":[{"embeddable":true,"href":"https:\/\/wolfinger.at\/daemmen\/wp-json\/wp\/v2\/pages\/4218"}],"wp:attachment":[{"href":"https:\/\/wolfinger.at\/daemmen\/wp-json\/wp\/v2\/media?parent=3934"}],"curies":[{"name":"wp","href":"https:\/\/api.w.org\/{rel}","templated":true}]}}