{"id":3907,"date":"2026-01-29T11:42:05","date_gmt":"2026-01-29T09:42:05","guid":{"rendered":"https:\/\/wolfinger.at\/daemmen\/?page_id=3907"},"modified":"2026-04-28T08:13:28","modified_gmt":"2026-04-28T06:13:28","slug":"wolfi-dampfsperre-1500","status":"publish","type":"page","link":"https:\/\/wolfinger.at\/daemmen\/produkte\/dampfbremsen-und-dampfsperren\/wolfi-dampfsperre-1500\/","title":{"rendered":"Wolfi Dampfsperre 1500"},"content":{"rendered":"\t\t<div data-elementor-type=\"wp-page\" data-elementor-id=\"3907\" class=\"elementor elementor-3907\" data-elementor-post-type=\"page\">\n\t\t\t\t<div class=\"elementor-element elementor-element-559ae92e e-grid e-con-boxed e-con e-parent\" data-id=\"559ae92e\" data-element_type=\"container\" data-e-type=\"container\">\n\t\t\t\t\t<div class=\"e-con-inner\">\n\t\t<div class=\"elementor-element elementor-element-77fc55ed e-con-full e-flex e-con e-child\" data-id=\"77fc55ed\" data-element_type=\"container\" data-e-type=\"container\">\n\t\t\t\t<div class=\"elementor-element elementor-element-470790c elementor-widget elementor-widget-heading\" data-id=\"470790c\" data-element_type=\"widget\" data-e-type=\"widget\" data-widget_type=\"heading.default\">\n\t\t\t\t\t<h1 class=\"elementor-heading-title elementor-size-default\">Wolfi Dampfsperre 1500<\/h1>\t\t\t\t<\/div>\n\t\t\t\t<div class=\"elementor-element elementor-element-320dd5f2 elementor-widget elementor-widget-text-editor\" data-id=\"320dd5f2\" data-element_type=\"widget\" data-e-type=\"widget\" data-widget_type=\"text-editor.default\">\n\t\t\t\t\t\t\t\t\t<p><strong>Wolfi Dampfsperre 1500<\/strong> ist eine hochwirksame Aluminium-Dampfsperre f\u00fcr den Innenausbau, Saunabau, Estrich- und Flachdachbereich. Mit einem sd-Wert \u2265 1500 m bietet sie maximalen Schutz vor Wasserdampfdiffusion.<\/p>\t\t\t\t\t\t\t\t<\/div>\n\t\t\t\t<div class=\"elementor-element elementor-element-b4bf93b elementor-widget elementor-widget-button\" data-id=\"b4bf93b\" data-element_type=\"widget\" data-e-type=\"widget\" data-widget_type=\"button.default\">\n\t\t\t\t\t\t\t\t\t\t<a class=\"elementor-button elementor-button-link elementor-size-sm\" href=\"https:\/\/shop.wolfinger.at\/c\/ola1-2\/a\/ola1-139\/Dampfbremsen-und-Dampfsperren\/Wolfi-Dampfsperre-1500.html\" target=\"_blank\">\n\t\t\t\t\t\t<span class=\"elementor-button-content-wrapper\">\n\t\t\t\t\t\t\t\t\t<span class=\"elementor-button-text\">IM SHOP ANSEHEN<\/span>\n\t\t\t\t\t<\/span>\n\t\t\t\t\t<\/a>\n\t\t\t\t\t\t\t\t<\/div>\n\t\t\t\t<div class=\"elementor-element elementor-element-711c9c3 elementor-widget elementor-widget-image\" data-id=\"711c9c3\" data-element_type=\"widget\" data-e-type=\"widget\" data-widget_type=\"image.default\">\n\t\t\t\t\t\t\t\t\t\t\t\t\t\t\t\t<a href=\"https:\/\/www.baubook.at\/m\/PHP\/Info.php?SI=2142748475&#038;SW=5\" target=\"_blank\">\n\t\t\t\t\t\t\t<img decoding=\"async\" width=\"160\" height=\"36\" src=\"https:\/\/wolfinger.at\/daemmen\/wp-content\/uploads\/2026\/01\/Baubook.svg\" class=\"attachment-large size-large wp-image-3885\" alt=\"\" \/>\t\t\t\t\t\t\t\t<\/a>\n\t\t\t\t\t\t\t\t\t\t\t\t\t\t\t<\/div>\n\t\t\t\t<\/div>\n\t\t<div class=\"elementor-element elementor-element-365ee684 e-con-full e-flex e-con e-child\" data-id=\"365ee684\" data-element_type=\"container\" data-e-type=\"container\">\n\t\t\t\t<div class=\"elementor-element elementor-element-7ecf3941 elementor-widget elementor-widget-image\" data-id=\"7ecf3941\" data-element_type=\"widget\" data-e-type=\"widget\" data-widget_type=\"image.default\">\n\t\t\t\t\t\t\t\t\t\t\t\t\t\t\t<img fetchpriority=\"high\" decoding=\"async\" width=\"800\" height=\"473\" src=\"https:\/\/wolfinger.at\/daemmen\/wp-content\/uploads\/2026\/01\/Wolfi-Dampfsperre-1500.jpg\" class=\"attachment-large size-large wp-image-3909\" alt=\"\" srcset=\"https:\/\/wolfinger.at\/daemmen\/wp-content\/uploads\/2026\/01\/Wolfi-Dampfsperre-1500.jpg 847w, https:\/\/wolfinger.at\/daemmen\/wp-content\/uploads\/2026\/01\/Wolfi-Dampfsperre-1500-300x177.jpg 300w, https:\/\/wolfinger.at\/daemmen\/wp-content\/uploads\/2026\/01\/Wolfi-Dampfsperre-1500-768x454.jpg 768w, https:\/\/wolfinger.at\/daemmen\/wp-content\/uploads\/2026\/01\/Wolfi-Dampfsperre-1500-600x355.jpg 600w\" sizes=\"(max-width: 800px) 100vw, 800px\" \/>\t\t\t\t\t\t\t\t\t\t\t\t\t\t\t<\/div>\n\t\t\t\t<\/div>\n\t\t\t\t\t<\/div>\n\t\t\t\t<\/div>\n\t\t<div class=\"elementor-element elementor-element-5e07f34d e-flex e-con-boxed e-con e-parent\" data-id=\"5e07f34d\" data-element_type=\"container\" data-e-type=\"container\">\n\t\t\t\t\t<div class=\"e-con-inner\">\n\t\t\t\t<div class=\"elementor-element elementor-element-5ab8c5db elementor-widget elementor-widget-text-editor\" data-id=\"5ab8c5db\" data-element_type=\"widget\" data-e-type=\"widget\" data-widget_type=\"text-editor.default\">\n\t\t\t\t\t\t\t\t\t<p><strong>Wolfi Dampfsperre 1500<\/strong> besteht aus einer aluminiumkaschierten Polypropylenbahn mit rei\u00dffestem B\u00e4ndchengewebe und ist f\u00fcr Anwendungen konzipiert, bei denen eine besonders hohe Dampfsperrwirkung erforderlich ist. Der geschlossene Kaschierverbund sorgt f\u00fcr eine zuverl\u00e4ssige Luft- und Dampfdichtheit und sch\u00fctzt die Konstruktion dauerhaft vor Feuchteeintrag.<\/p><p>Die Dampfsperre eignet sich sowohl als Luftdichtung in Steildachkonstruktionen, Holzriegelbauten und im Saunabau als auch als reine Dampfsperre unter Estrichen, auf Betondecken oder in Verbindung mit Flachdachtrapezblechen. Aufgrund ihrer hohen mechanischen Belastbarkeit ist sie auch f\u00fcr anspruchsvolle Baustellensituationen geeignet.<\/p><p>Wolfi Dampfsperre 1500 wird \u00fcberlappend direkt unterhalb der W\u00e4rmed\u00e4mmung verlegt, wobei die glatte, silbrig beschichtete Seite zum Innenraum zeigt. F\u00fcr eine dauerhafte luft- und dampfdichte Ausf\u00fchrung m\u00fcssen \u00dcberlappungen, Anschl\u00fcsse und Durchdringungen fachgerecht mit den abgestimmten Wolfi Klebe- und Dichtsystemen ausgef\u00fchrt werden. Anwendungen in beidseitig dampfdichten Holzkonstruktionen sind bauphysikalisch gesondert zu pr\u00fcfen.<\/p>\t\t\t\t\t\t\t\t<\/div>\n\t\t<div class=\"elementor-element elementor-element-21d1b534 e-con-full e-flex e-con e-child\" data-id=\"21d1b534\" data-element_type=\"container\" data-e-type=\"container\">\n\t\t\t\t<div class=\"elementor-element elementor-element-3e3fdac7 elementor-widget elementor-widget-heading\" data-id=\"3e3fdac7\" data-element_type=\"widget\" data-e-type=\"widget\" data-widget_type=\"heading.default\">\n\t\t\t\t\t<h5 class=\"elementor-heading-title elementor-size-default\">Downloads<\/h5>\t\t\t\t<\/div>\n\t\t\t\t<div class=\"elementor-element elementor-element-5999abb5 elementor-widget-divider--view-line elementor-widget elementor-widget-divider\" data-id=\"5999abb5\" data-element_type=\"widget\" data-e-type=\"widget\" data-widget_type=\"divider.default\">\n\t\t\t\t\t\t\t<div class=\"elementor-divider\">\n\t\t\t<span class=\"elementor-divider-separator\">\n\t\t\t\t\t\t<\/span>\n\t\t<\/div>\n\t\t\t\t\t\t<\/div>\n\t\t\t\t<div class=\"elementor-element elementor-element-290543f7 elementor-position-inline-start elementor-view-default elementor-mobile-position-block-start elementor-widget elementor-widget-icon-box\" data-id=\"290543f7\" data-element_type=\"widget\" data-e-type=\"widget\" data-widget_type=\"icon-box.default\">\n\t\t\t\t\t\t\t<div class=\"elementor-icon-box-wrapper\">\n\n\t\t\t\t\t\t<div class=\"elementor-icon-box-icon\">\n\t\t\t\t<a href=\"https:\/\/downloads.wolfinger.at\/de\/Leistungserkl%C3%A4rungen\/Leistungserkl%C3%A4rung%20Dampfsperre%201500.pdf\" target=\"_blank\" class=\"elementor-icon\" tabindex=\"-1\" aria-label=\"Leistungserkl\u00e4rung\">\n\t\t\t\t<svg aria-hidden=\"true\" class=\"e-font-icon-svg e-far-file-pdf\" viewBox=\"0 0 384 512\" xmlns=\"http:\/\/www.w3.org\/2000\/svg\"><path d=\"M369.9 97.9L286 14C277 5 264.8-.1 252.1-.1H48C21.5 0 0 21.5 0 48v416c0 26.5 21.5 48 48 48h288c26.5 0 48-21.5 48-48V131.9c0-12.7-5.1-25-14.1-34zM332.1 128H256V51.9l76.1 76.1zM48 464V48h160v104c0 13.3 10.7 24 24 24h104v288H48zm250.2-143.7c-12.2-12-47-8.7-64.4-6.5-17.2-10.5-28.7-25-36.8-46.3 3.9-16.1 10.1-40.6 5.4-56-4.2-26.2-37.8-23.6-42.6-5.9-4.4 16.1-.4 38.5 7 67.1-10 23.9-24.9 56-35.4 74.4-20 10.3-47 26.2-51 46.2-3.3 15.8 26 55.2 76.1-31.2 22.4-7.4 46.8-16.5 68.4-20.1 18.9 10.2 41 17 55.8 17 25.5 0 28-28.2 17.5-38.7zm-198.1 77.8c5.1-13.7 24.5-29.5 30.4-35-19 30.3-30.4 35.7-30.4 35zm81.6-190.6c7.4 0 6.7 32.1 1.8 40.8-4.4-13.9-4.3-40.8-1.8-40.8zm-24.4 136.6c9.7-16.9 18-37 24.7-54.7 8.3 15.1 18.9 27.2 30.1 35.5-20.8 4.3-38.9 13.1-54.8 19.2zm131.6-5s-5 6-37.3-7.8c35.1-2.6 40.9 5.4 37.3 7.8z\"><\/path><\/svg>\t\t\t\t<\/a>\n\t\t\t<\/div>\n\t\t\t\n\t\t\t\t\t\t<div class=\"elementor-icon-box-content\">\n\n\t\t\t\t\t\t\t\t\t<h5 class=\"elementor-icon-box-title\">\n\t\t\t\t\t\t<a href=\"https:\/\/downloads.wolfinger.at\/de\/Leistungserkl%C3%A4rungen\/Leistungserkl%C3%A4rung%20Dampfsperre%201500.pdf\" target=\"_blank\" >\n\t\t\t\t\t\t\tLeistungserkl\u00e4rung\t\t\t\t\t\t<\/a>\n\t\t\t\t\t<\/h5>\n\t\t\t\t\n\t\t\t\t\n\t\t\t<\/div>\n\t\t\t\n\t\t<\/div>\n\t\t\t\t\t\t<\/div>\n\t\t\t\t<div class=\"elementor-element elementor-element-5e0d5aa elementor-position-inline-start elementor-view-default elementor-mobile-position-block-start elementor-widget elementor-widget-icon-box\" data-id=\"5e0d5aa\" data-element_type=\"widget\" data-e-type=\"widget\" data-widget_type=\"icon-box.default\">\n\t\t\t\t\t\t\t<div class=\"elementor-icon-box-wrapper\">\n\n\t\t\t\t\t\t<div class=\"elementor-icon-box-icon\">\n\t\t\t\t<a href=\"https:\/\/downloads.wolfinger.at\/de\/Verarbeitungsrichtlinien\/Dampfbremsen\/Verarbeitungsrichtlinie%20Dampfsperre%201500.pdf\" target=\"_blank\" class=\"elementor-icon\" tabindex=\"-1\" aria-label=\"Verarbeitungsrichtlinien\">\n\t\t\t\t<svg aria-hidden=\"true\" class=\"e-font-icon-svg e-far-file-pdf\" viewBox=\"0 0 384 512\" xmlns=\"http:\/\/www.w3.org\/2000\/svg\"><path d=\"M369.9 97.9L286 14C277 5 264.8-.1 252.1-.1H48C21.5 0 0 21.5 0 48v416c0 26.5 21.5 48 48 48h288c26.5 0 48-21.5 48-48V131.9c0-12.7-5.1-25-14.1-34zM332.1 128H256V51.9l76.1 76.1zM48 464V48h160v104c0 13.3 10.7 24 24 24h104v288H48zm250.2-143.7c-12.2-12-47-8.7-64.4-6.5-17.2-10.5-28.7-25-36.8-46.3 3.9-16.1 10.1-40.6 5.4-56-4.2-26.2-37.8-23.6-42.6-5.9-4.4 16.1-.4 38.5 7 67.1-10 23.9-24.9 56-35.4 74.4-20 10.3-47 26.2-51 46.2-3.3 15.8 26 55.2 76.1-31.2 22.4-7.4 46.8-16.5 68.4-20.1 18.9 10.2 41 17 55.8 17 25.5 0 28-28.2 17.5-38.7zm-198.1 77.8c5.1-13.7 24.5-29.5 30.4-35-19 30.3-30.4 35.7-30.4 35zm81.6-190.6c7.4 0 6.7 32.1 1.8 40.8-4.4-13.9-4.3-40.8-1.8-40.8zm-24.4 136.6c9.7-16.9 18-37 24.7-54.7 8.3 15.1 18.9 27.2 30.1 35.5-20.8 4.3-38.9 13.1-54.8 19.2zm131.6-5s-5 6-37.3-7.8c35.1-2.6 40.9 5.4 37.3 7.8z\"><\/path><\/svg>\t\t\t\t<\/a>\n\t\t\t<\/div>\n\t\t\t\n\t\t\t\t\t\t<div class=\"elementor-icon-box-content\">\n\n\t\t\t\t\t\t\t\t\t<h5 class=\"elementor-icon-box-title\">\n\t\t\t\t\t\t<a href=\"https:\/\/downloads.wolfinger.at\/de\/Verarbeitungsrichtlinien\/Dampfbremsen\/Verarbeitungsrichtlinie%20Dampfsperre%201500.pdf\" target=\"_blank\" >\n\t\t\t\t\t\t\tVerarbeitungsrichtlinien\t\t\t\t\t\t<\/a>\n\t\t\t\t\t<\/h5>\n\t\t\t\t\n\t\t\t\t\n\t\t\t<\/div>\n\t\t\t\n\t\t<\/div>\n\t\t\t\t\t\t<\/div>\n\t\t\t\t<\/div>\n\t\t\t\t\t<\/div>\n\t\t\t\t<\/div>\n\t\t<div class=\"elementor-element elementor-element-ee1f6e3 e-flex e-con-boxed e-con e-parent\" data-id=\"ee1f6e3\" data-element_type=\"container\" data-e-type=\"container\">\n\t\t\t\t\t<div class=\"e-con-inner\">\n\t\t\t\t\t<\/div>\n\t\t\t\t<\/div>\n\t\t\t\t<\/div>\n\t\t","protected":false},"excerpt":{"rendered":"<p>Wolfi Dampfsperre 1500 Wolfi Dampfsperre 1500 ist eine hochwirksame Aluminium-Dampfsperre f\u00fcr den Innenausbau, Saunabau, Estrich- und Flachdachbereich. Mit einem sd-Wert \u2265 1500 m bietet sie maximalen Schutz vor Wasserdampfdiffusion. IM SHOP ANSEHEN Wolfi Dampfsperre 1500 besteht aus einer aluminiumkaschierten Polypropylenbahn mit rei\u00dffestem B\u00e4ndchengewebe und ist f\u00fcr Anwendungen konzipiert, bei denen eine besonders hohe Dampfsperrwirkung erforderlich [&hellip;]<\/p>\n","protected":false},"author":12,"featured_media":0,"parent":4209,"menu_order":0,"comment_status":"closed","ping_status":"closed","template":"","meta":{"footnotes":""},"class_list":["post-3907","page","type-page","status-publish","hentry"],"yoast_head":"<!-- This site is optimized with the Yoast SEO plugin v27.5 - https:\/\/yoast.com\/product\/yoast-seo-wordpress\/ -->\n<title>Wolfi Dampfsperre 1500 - WOLFINGER<\/title>\n<meta name=\"robots\" content=\"index, follow, max-snippet:-1, max-image-preview:large, max-video-preview:-1\" \/>\n<link rel=\"canonical\" href=\"https:\/\/wolfinger.at\/daemmen\/produkte\/dampfbremsen-und-dampfsperren\/wolfi-dampfsperre-1500\/\" \/>\n<meta property=\"og:locale\" content=\"de_DE\" \/>\n<meta property=\"og:type\" content=\"article\" \/>\n<meta property=\"og:title\" content=\"Wolfi Dampfsperre 1500 - WOLFINGER\" \/>\n<meta property=\"og:description\" content=\"Wolfi Dampfsperre 1500 Wolfi Dampfsperre 1500 ist eine hochwirksame Aluminium-Dampfsperre f\u00fcr den Innenausbau, Saunabau, Estrich- und Flachdachbereich. Mit einem sd-Wert \u2265 1500 m bietet sie maximalen Schutz vor Wasserdampfdiffusion. IM SHOP ANSEHEN Wolfi Dampfsperre 1500 besteht aus einer aluminiumkaschierten Polypropylenbahn mit rei\u00dffestem B\u00e4ndchengewebe und ist f\u00fcr Anwendungen konzipiert, bei denen eine besonders hohe Dampfsperrwirkung erforderlich [&hellip;]\" \/>\n<meta property=\"og:url\" content=\"https:\/\/wolfinger.at\/daemmen\/produkte\/dampfbremsen-und-dampfsperren\/wolfi-dampfsperre-1500\/\" \/>\n<meta property=\"og:site_name\" content=\"WOLFINGER\" \/>\n<meta property=\"article:modified_time\" content=\"2026-04-28T06:13:28+00:00\" \/>\n<meta name=\"twitter:card\" content=\"summary_large_image\" \/>\n<meta name=\"twitter:label1\" content=\"Gesch\u00e4tzte Lesezeit\" \/>\n\t<meta name=\"twitter:data1\" content=\"2\u00a0Minuten\" \/>\n<script type=\"application\/ld+json\" class=\"yoast-schema-graph\">{\"@context\":\"https:\\\/\\\/schema.org\",\"@graph\":[{\"@type\":\"WebPage\",\"@id\":\"https:\\\/\\\/wolfinger.at\\\/daemmen\\\/produkte\\\/dampfbremsen-und-dampfsperren\\\/wolfi-dampfsperre-1500\\\/\",\"url\":\"https:\\\/\\\/wolfinger.at\\\/daemmen\\\/produkte\\\/dampfbremsen-und-dampfsperren\\\/wolfi-dampfsperre-1500\\\/\",\"name\":\"Wolfi Dampfsperre 1500 - WOLFINGER\",\"isPartOf\":{\"@id\":\"https:\\\/\\\/wolfinger.at\\\/daemmen\\\/#website\"},\"primaryImageOfPage\":{\"@id\":\"https:\\\/\\\/wolfinger.at\\\/daemmen\\\/produkte\\\/dampfbremsen-und-dampfsperren\\\/wolfi-dampfsperre-1500\\\/#primaryimage\"},\"image\":{\"@id\":\"https:\\\/\\\/wolfinger.at\\\/daemmen\\\/produkte\\\/dampfbremsen-und-dampfsperren\\\/wolfi-dampfsperre-1500\\\/#primaryimage\"},\"thumbnailUrl\":\"https:\\\/\\\/wolfinger.at\\\/daemmen\\\/wp-content\\\/uploads\\\/2026\\\/01\\\/Baubook.svg\",\"datePublished\":\"2026-01-29T09:42:05+00:00\",\"dateModified\":\"2026-04-28T06:13:28+00:00\",\"breadcrumb\":{\"@id\":\"https:\\\/\\\/wolfinger.at\\\/daemmen\\\/produkte\\\/dampfbremsen-und-dampfsperren\\\/wolfi-dampfsperre-1500\\\/#breadcrumb\"},\"inLanguage\":\"de\",\"potentialAction\":[{\"@type\":\"ReadAction\",\"target\":[\"https:\\\/\\\/wolfinger.at\\\/daemmen\\\/produkte\\\/dampfbremsen-und-dampfsperren\\\/wolfi-dampfsperre-1500\\\/\"]}]},{\"@type\":\"ImageObject\",\"inLanguage\":\"de\",\"@id\":\"https:\\\/\\\/wolfinger.at\\\/daemmen\\\/produkte\\\/dampfbremsen-und-dampfsperren\\\/wolfi-dampfsperre-1500\\\/#primaryimage\",\"url\":\"https:\\\/\\\/wolfinger.at\\\/daemmen\\\/wp-content\\\/uploads\\\/2026\\\/01\\\/Baubook.svg\",\"contentUrl\":\"https:\\\/\\\/wolfinger.at\\\/daemmen\\\/wp-content\\\/uploads\\\/2026\\\/01\\\/Baubook.svg\",\"width\":160,\"height\":36},{\"@type\":\"BreadcrumbList\",\"@id\":\"https:\\\/\\\/wolfinger.at\\\/daemmen\\\/produkte\\\/dampfbremsen-und-dampfsperren\\\/wolfi-dampfsperre-1500\\\/#breadcrumb\",\"itemListElement\":[{\"@type\":\"ListItem\",\"position\":1,\"name\":\"Startseite\",\"item\":\"https:\\\/\\\/wolfinger.at\\\/daemmen\\\/\"},{\"@type\":\"ListItem\",\"position\":2,\"name\":\"Produkte\",\"item\":\"https:\\\/\\\/wolfinger.at\\\/daemmen\\\/produkte\\\/\"},{\"@type\":\"ListItem\",\"position\":3,\"name\":\"Dampfbremsen und Dampfsperren\",\"item\":\"https:\\\/\\\/wolfinger.at\\\/daemmen\\\/produkte\\\/dampfbremsen-und-dampfsperren\\\/\"},{\"@type\":\"ListItem\",\"position\":4,\"name\":\"Wolfi Dampfsperre 1500\"}]},{\"@type\":\"WebSite\",\"@id\":\"https:\\\/\\\/wolfinger.at\\\/daemmen\\\/#website\",\"url\":\"https:\\\/\\\/wolfinger.at\\\/daemmen\\\/\",\"name\":\"Wolfinger Zellulosed\u00e4mmung\",\"description\":\"Zellulosed\u00e4mmung\",\"publisher\":{\"@id\":\"https:\\\/\\\/wolfinger.at\\\/daemmen\\\/#organization\"},\"potentialAction\":[{\"@type\":\"SearchAction\",\"target\":{\"@type\":\"EntryPoint\",\"urlTemplate\":\"https:\\\/\\\/wolfinger.at\\\/daemmen\\\/?s={search_term_string}\"},\"query-input\":{\"@type\":\"PropertyValueSpecification\",\"valueRequired\":true,\"valueName\":\"search_term_string\"}}],\"inLanguage\":\"de\"},{\"@type\":\"Organization\",\"@id\":\"https:\\\/\\\/wolfinger.at\\\/daemmen\\\/#organization\",\"name\":\"Wolfinger GmbH\",\"url\":\"https:\\\/\\\/wolfinger.at\\\/daemmen\\\/\",\"logo\":{\"@type\":\"ImageObject\",\"inLanguage\":\"de\",\"@id\":\"https:\\\/\\\/wolfinger.at\\\/daemmen\\\/#\\\/schema\\\/logo\\\/image\\\/\",\"url\":\"https:\\\/\\\/wolfinger.at\\\/daemmen\\\/wp-content\\\/uploads\\\/2024\\\/03\\\/wolfinger_fav_144.png\",\"contentUrl\":\"https:\\\/\\\/wolfinger.at\\\/daemmen\\\/wp-content\\\/uploads\\\/2024\\\/03\\\/wolfinger_fav_144.png\",\"width\":1633,\"height\":1632,\"caption\":\"Wolfinger GmbH\"},\"image\":{\"@id\":\"https:\\\/\\\/wolfinger.at\\\/daemmen\\\/#\\\/schema\\\/logo\\\/image\\\/\"}}]}<\/script>\n<!-- \/ Yoast SEO plugin. -->","yoast_head_json":{"title":"Wolfi Dampfsperre 1500 - WOLFINGER","robots":{"index":"index","follow":"follow","max-snippet":"max-snippet:-1","max-image-preview":"max-image-preview:large","max-video-preview":"max-video-preview:-1"},"canonical":"https:\/\/wolfinger.at\/daemmen\/produkte\/dampfbremsen-und-dampfsperren\/wolfi-dampfsperre-1500\/","og_locale":"de_DE","og_type":"article","og_title":"Wolfi Dampfsperre 1500 - WOLFINGER","og_description":"Wolfi Dampfsperre 1500 Wolfi Dampfsperre 1500 ist eine hochwirksame Aluminium-Dampfsperre f\u00fcr den Innenausbau, Saunabau, Estrich- und Flachdachbereich. Mit einem sd-Wert \u2265 1500 m bietet sie maximalen Schutz vor Wasserdampfdiffusion. IM SHOP ANSEHEN Wolfi Dampfsperre 1500 besteht aus einer aluminiumkaschierten Polypropylenbahn mit rei\u00dffestem B\u00e4ndchengewebe und ist f\u00fcr Anwendungen konzipiert, bei denen eine besonders hohe Dampfsperrwirkung erforderlich [&hellip;]","og_url":"https:\/\/wolfinger.at\/daemmen\/produkte\/dampfbremsen-und-dampfsperren\/wolfi-dampfsperre-1500\/","og_site_name":"WOLFINGER","article_modified_time":"2026-04-28T06:13:28+00:00","twitter_card":"summary_large_image","twitter_misc":{"Gesch\u00e4tzte Lesezeit":"2\u00a0Minuten"},"schema":{"@context":"https:\/\/schema.org","@graph":[{"@type":"WebPage","@id":"https:\/\/wolfinger.at\/daemmen\/produkte\/dampfbremsen-und-dampfsperren\/wolfi-dampfsperre-1500\/","url":"https:\/\/wolfinger.at\/daemmen\/produkte\/dampfbremsen-und-dampfsperren\/wolfi-dampfsperre-1500\/","name":"Wolfi Dampfsperre 1500 - WOLFINGER","isPartOf":{"@id":"https:\/\/wolfinger.at\/daemmen\/#website"},"primaryImageOfPage":{"@id":"https:\/\/wolfinger.at\/daemmen\/produkte\/dampfbremsen-und-dampfsperren\/wolfi-dampfsperre-1500\/#primaryimage"},"image":{"@id":"https:\/\/wolfinger.at\/daemmen\/produkte\/dampfbremsen-und-dampfsperren\/wolfi-dampfsperre-1500\/#primaryimage"},"thumbnailUrl":"https:\/\/wolfinger.at\/daemmen\/wp-content\/uploads\/2026\/01\/Baubook.svg","datePublished":"2026-01-29T09:42:05+00:00","dateModified":"2026-04-28T06:13:28+00:00","breadcrumb":{"@id":"https:\/\/wolfinger.at\/daemmen\/produkte\/dampfbremsen-und-dampfsperren\/wolfi-dampfsperre-1500\/#breadcrumb"},"inLanguage":"de","potentialAction":[{"@type":"ReadAction","target":["https:\/\/wolfinger.at\/daemmen\/produkte\/dampfbremsen-und-dampfsperren\/wolfi-dampfsperre-1500\/"]}]},{"@type":"ImageObject","inLanguage":"de","@id":"https:\/\/wolfinger.at\/daemmen\/produkte\/dampfbremsen-und-dampfsperren\/wolfi-dampfsperre-1500\/#primaryimage","url":"https:\/\/wolfinger.at\/daemmen\/wp-content\/uploads\/2026\/01\/Baubook.svg","contentUrl":"https:\/\/wolfinger.at\/daemmen\/wp-content\/uploads\/2026\/01\/Baubook.svg","width":160,"height":36},{"@type":"BreadcrumbList","@id":"https:\/\/wolfinger.at\/daemmen\/produkte\/dampfbremsen-und-dampfsperren\/wolfi-dampfsperre-1500\/#breadcrumb","itemListElement":[{"@type":"ListItem","position":1,"name":"Startseite","item":"https:\/\/wolfinger.at\/daemmen\/"},{"@type":"ListItem","position":2,"name":"Produkte","item":"https:\/\/wolfinger.at\/daemmen\/produkte\/"},{"@type":"ListItem","position":3,"name":"Dampfbremsen und Dampfsperren","item":"https:\/\/wolfinger.at\/daemmen\/produkte\/dampfbremsen-und-dampfsperren\/"},{"@type":"ListItem","position":4,"name":"Wolfi Dampfsperre 1500"}]},{"@type":"WebSite","@id":"https:\/\/wolfinger.at\/daemmen\/#website","url":"https:\/\/wolfinger.at\/daemmen\/","name":"Wolfinger Zellulosed\u00e4mmung","description":"Zellulosed\u00e4mmung","publisher":{"@id":"https:\/\/wolfinger.at\/daemmen\/#organization"},"potentialAction":[{"@type":"SearchAction","target":{"@type":"EntryPoint","urlTemplate":"https:\/\/wolfinger.at\/daemmen\/?s={search_term_string}"},"query-input":{"@type":"PropertyValueSpecification","valueRequired":true,"valueName":"search_term_string"}}],"inLanguage":"de"},{"@type":"Organization","@id":"https:\/\/wolfinger.at\/daemmen\/#organization","name":"Wolfinger GmbH","url":"https:\/\/wolfinger.at\/daemmen\/","logo":{"@type":"ImageObject","inLanguage":"de","@id":"https:\/\/wolfinger.at\/daemmen\/#\/schema\/logo\/image\/","url":"https:\/\/wolfinger.at\/daemmen\/wp-content\/uploads\/2024\/03\/wolfinger_fav_144.png","contentUrl":"https:\/\/wolfinger.at\/daemmen\/wp-content\/uploads\/2024\/03\/wolfinger_fav_144.png","width":1633,"height":1632,"caption":"Wolfinger GmbH"},"image":{"@id":"https:\/\/wolfinger.at\/daemmen\/#\/schema\/logo\/image\/"}}]}},"_links":{"self":[{"href":"https:\/\/wolfinger.at\/daemmen\/wp-json\/wp\/v2\/pages\/3907","targetHints":{"allow":["GET"]}}],"collection":[{"href":"https:\/\/wolfinger.at\/daemmen\/wp-json\/wp\/v2\/pages"}],"about":[{"href":"https:\/\/wolfinger.at\/daemmen\/wp-json\/wp\/v2\/types\/page"}],"author":[{"embeddable":true,"href":"https:\/\/wolfinger.at\/daemmen\/wp-json\/wp\/v2\/users\/12"}],"replies":[{"embeddable":true,"href":"https:\/\/wolfinger.at\/daemmen\/wp-json\/wp\/v2\/comments?post=3907"}],"version-history":[{"count":22,"href":"https:\/\/wolfinger.at\/daemmen\/wp-json\/wp\/v2\/pages\/3907\/revisions"}],"predecessor-version":[{"id":5593,"href":"https:\/\/wolfinger.at\/daemmen\/wp-json\/wp\/v2\/pages\/3907\/revisions\/5593"}],"up":[{"embeddable":true,"href":"https:\/\/wolfinger.at\/daemmen\/wp-json\/wp\/v2\/pages\/4209"}],"wp:attachment":[{"href":"https:\/\/wolfinger.at\/daemmen\/wp-json\/wp\/v2\/media?parent=3907"}],"curies":[{"name":"wp","href":"https:\/\/api.w.org\/{rel}","templated":true}]}}