{"id":3843,"date":"2026-01-08T17:47:26","date_gmt":"2026-01-08T15:47:26","guid":{"rendered":"https:\/\/wolfinger.at\/daemmen\/?page_id=3843"},"modified":"2026-03-23T15:34:09","modified_gmt":"2026-03-23T13:34:09","slug":"wolfi-extrema-mono-340-dsk","status":"publish","type":"page","link":"https:\/\/wolfinger.at\/daemmen\/produkte\/schalungsbahnen-und-fassadenbahnen\/wolfi-extrema-mono-340-dsk\/","title":{"rendered":"Wolfi Extrema Mono 340 DSK"},"content":{"rendered":"\t\t<div data-elementor-type=\"wp-page\" data-elementor-id=\"3843\" class=\"elementor elementor-3843\" data-elementor-post-type=\"page\">\n\t\t\t\t<div class=\"elementor-element elementor-element-dccd85c e-grid e-con-boxed e-con e-parent\" data-id=\"dccd85c\" data-element_type=\"container\" data-e-type=\"container\">\n\t\t\t\t\t<div class=\"e-con-inner\">\n\t\t<div class=\"elementor-element elementor-element-4cbb5ad e-con-full e-flex e-con e-child\" data-id=\"4cbb5ad\" data-element_type=\"container\" data-e-type=\"container\">\n\t\t\t\t<div class=\"elementor-element elementor-element-fbcb81b elementor-widget elementor-widget-heading\" data-id=\"fbcb81b\" data-element_type=\"widget\" data-e-type=\"widget\" data-widget_type=\"heading.default\">\n\t\t\t\t\t<h1 class=\"elementor-heading-title elementor-size-default\">Wolfi Extrema Mono 340 DSK<\/h1>\t\t\t\t<\/div>\n\t\t\t\t<div class=\"elementor-element elementor-element-af8a0e1 elementor-widget elementor-widget-text-editor\" data-id=\"af8a0e1\" data-element_type=\"widget\" data-e-type=\"widget\" data-widget_type=\"text-editor.default\">\n\t\t\t\t\t\t\t\t\t<p>Monolithische verklebbare Schalungsbahn mit 2 integrierten Klebestreifen f\u00fcr erh\u00f6ht regensichere Unterd\u00e4cher ab 2\u00b0 Dachneigung nach \u00d6NORM B 4119, UD TYP II.<\/p>\t\t\t\t\t\t\t\t<\/div>\n\t\t\t\t<div class=\"elementor-element elementor-element-9ed7b94 elementor-widget elementor-widget-button\" data-id=\"9ed7b94\" data-element_type=\"widget\" data-e-type=\"widget\" data-widget_type=\"button.default\">\n\t\t\t\t\t\t\t\t\t\t<a class=\"elementor-button elementor-button-link elementor-size-sm\" href=\"https:\/\/shop.wolfinger.at\/c\/ola1-5\/a\/ola1-391\/Schalungs--und-Fassadenbahnen-Nageldichtheit\/Wolfi-Extrema-Mono-340-Dual-SK.html\" target=\"_blank\">\n\t\t\t\t\t\t<span class=\"elementor-button-content-wrapper\">\n\t\t\t\t\t\t\t\t\t<span class=\"elementor-button-text\">IM SHOP ANSEHEN<\/span>\n\t\t\t\t\t<\/span>\n\t\t\t\t\t<\/a>\n\t\t\t\t\t\t\t\t<\/div>\n\t\t\t\t<div class=\"elementor-element elementor-element-01616d1 elementor-widget elementor-widget-image\" data-id=\"01616d1\" data-element_type=\"widget\" data-e-type=\"widget\" data-widget_type=\"image.default\">\n\t\t\t\t\t\t\t\t\t\t\t\t\t\t\t\t<a href=\"https:\/\/www.baubook.at\/m\/PHP\/Info.php?SI=2142748307&#038;SW=5\" target=\"_blank\">\n\t\t\t\t\t\t\t<img decoding=\"async\" width=\"160\" height=\"36\" src=\"https:\/\/wolfinger.at\/daemmen\/wp-content\/uploads\/2026\/01\/Baubook.svg\" class=\"attachment-large size-large wp-image-3885\" alt=\"\" \/>\t\t\t\t\t\t\t\t<\/a>\n\t\t\t\t\t\t\t\t\t\t\t\t\t\t\t<\/div>\n\t\t\t\t<\/div>\n\t\t<div class=\"elementor-element elementor-element-d222bd5 e-con-full e-flex e-con e-child\" data-id=\"d222bd5\" data-element_type=\"container\" data-e-type=\"container\">\n\t\t\t\t<div class=\"elementor-element elementor-element-ac9b082 elementor-widget elementor-widget-image\" data-id=\"ac9b082\" data-element_type=\"widget\" data-e-type=\"widget\" data-widget_type=\"image.default\">\n\t\t\t\t\t\t\t\t\t\t\t\t\t\t\t<img fetchpriority=\"high\" decoding=\"async\" width=\"800\" height=\"534\" src=\"https:\/\/wolfinger.at\/daemmen\/wp-content\/uploads\/2026\/01\/Wolfi-Extrema-Mono-340-Dual-SK.jpg\" class=\"attachment-large size-large wp-image-3846\" alt=\"Kaltdachbahn\" srcset=\"https:\/\/wolfinger.at\/daemmen\/wp-content\/uploads\/2026\/01\/Wolfi-Extrema-Mono-340-Dual-SK.jpg 1025w, https:\/\/wolfinger.at\/daemmen\/wp-content\/uploads\/2026\/01\/Wolfi-Extrema-Mono-340-Dual-SK-300x200.jpg 300w, https:\/\/wolfinger.at\/daemmen\/wp-content\/uploads\/2026\/01\/Wolfi-Extrema-Mono-340-Dual-SK-768x512.jpg 768w, https:\/\/wolfinger.at\/daemmen\/wp-content\/uploads\/2026\/01\/Wolfi-Extrema-Mono-340-Dual-SK-210x140.jpg 210w, https:\/\/wolfinger.at\/daemmen\/wp-content\/uploads\/2026\/01\/Wolfi-Extrema-Mono-340-Dual-SK-578x386.jpg 578w, https:\/\/wolfinger.at\/daemmen\/wp-content\/uploads\/2026\/01\/Wolfi-Extrema-Mono-340-Dual-SK-600x400.jpg 600w\" sizes=\"(max-width: 800px) 100vw, 800px\" \/>\t\t\t\t\t\t\t\t\t\t\t\t\t\t\t<\/div>\n\t\t\t\t<\/div>\n\t\t\t\t\t<\/div>\n\t\t\t\t<\/div>\n\t\t<div class=\"elementor-element elementor-element-d3289d8 e-flex e-con-boxed e-con e-parent\" data-id=\"d3289d8\" data-element_type=\"container\" data-e-type=\"container\">\n\t\t\t\t\t<div class=\"e-con-inner\">\n\t\t\t\t<div class=\"elementor-element elementor-element-d6a11a2 elementor-widget elementor-widget-text-editor\" data-id=\"d6a11a2\" data-element_type=\"widget\" data-e-type=\"widget\" data-widget_type=\"text-editor.default\">\n\t\t\t\t\t\t\t\t\t<div class=\"ce_text block\">\n<p>Wolfi EXTREMA MONO 340 DSK ist eine mit den zwei integrierten Klebestreifen sowie STT<sup>\u00ae<\/sup>&nbsp;TAURUS ELASTIC PRO verklebbare, 350g\/m\u00b2 schwere, extrem diffusionsoffene, dreilagige, thermoverschwei\u00dfte Schalungsbahn bestehend aus einer TPU-Membrane und zwei hochwertigen PP-Spinnvliesen. Wolfi&nbsp;EXTREMA MONO 340 DSK zeichnet sich durch ihre hohe Rutsch-, Rei\u00df- und Nagelausrei\u00dffestigkeit sowie der extrem hochwertigen TPU-Membrane aus. Wolfi&nbsp;EXTREMA MONO 340 DSK ist best\u00e4ndig gegen \u00d6le, Holzschutzmittel und Tenside und bietet durch die Verklebung der DSK-Streifen und STT<sup>\u00ae<\/sup>&nbsp;TAURUS ELASTIC PRO einen optimalen Schutz gegen Schlagregen.<\/p>\n<p>Unsere Wolfi&nbsp;EXTREMA MONO 340 DSK hat die Pr\u00fcfung der Nahtfestigkeit \/ Scherwiderstand der F\u00fcgen\u00e4hte nach \u00d6NORM EN 12317-2 mit den beiden DSK Streifen und STT<sup>\u00ae<\/sup>&nbsp;TAURUS ELASTIC PRO positiv bestanden und bei weitem \u00fcbertroffen!<\/p>\n<p><strong>Vorteile Wolfi&nbsp;EXTREMA MONO 340 DSK:<\/strong><\/p>\n<ul>\n<li>Entfall von stark l\u00f6semittelhaltigen Quellschwei\u00dfmittel<\/li>\n<li>Kein langwieriges und teils sehr unhandliches Schwei\u00dfen mittels kostspieligem Hei\u00dfluftf\u00f6hn<\/li>\n<li>Durch die Verwendung der DSK-Streifen ist kein aufwendiges und teures Vorkonfektionieren von UD TYP II Bahnen mehr n\u00f6tig<\/li>\n<li>Alle L\u00e4ngsst\u00f6\u00dfe werden einfach mit dem Selbstklebestreifen abgedichtet<\/li>\n<li>Alle Querst\u00f6\u00dfe, Detailabdichtungen, Kamin- und Tropfblechanschl\u00fcsse, Rohrdurchf\u00fchrungen, Anbindungen an Dachfl\u00e4chenfenstern etc. werden einfach und unkompliziert mit unserem Fl\u00fcssigkunststoff im Folienbeutel STT\u00ae TAURUS ELASTIC PRO durchgef\u00fchrt<\/li>\n<li>Hohe Temperaturbest\u00e4ndigkeit von 100\u00b0C<\/li>\n<li>Extrem rutschfest bei N\u00e4sse<\/li>\n<\/ul>\n<\/div>\t\t\t\t\t\t\t\t<\/div>\n\t\t<div class=\"elementor-element elementor-element-70f3fac e-con-full e-flex e-con e-child\" data-id=\"70f3fac\" data-element_type=\"container\" data-e-type=\"container\">\n\t\t\t\t<div class=\"elementor-element elementor-element-a549114 elementor-widget elementor-widget-heading\" data-id=\"a549114\" data-element_type=\"widget\" data-e-type=\"widget\" data-widget_type=\"heading.default\">\n\t\t\t\t\t<h5 class=\"elementor-heading-title elementor-size-default\">Downloads<\/h5>\t\t\t\t<\/div>\n\t\t\t\t<div class=\"elementor-element elementor-element-1e9111a elementor-widget-divider--view-line elementor-widget elementor-widget-divider\" data-id=\"1e9111a\" data-element_type=\"widget\" data-e-type=\"widget\" data-widget_type=\"divider.default\">\n\t\t\t\t\t\t\t<div class=\"elementor-divider\">\n\t\t\t<span class=\"elementor-divider-separator\">\n\t\t\t\t\t\t<\/span>\n\t\t<\/div>\n\t\t\t\t\t\t<\/div>\n\t\t\t\t<div class=\"elementor-element elementor-element-182fa3c elementor-position-inline-start elementor-view-default elementor-mobile-position-block-start elementor-widget elementor-widget-icon-box\" data-id=\"182fa3c\" data-element_type=\"widget\" data-e-type=\"widget\" data-widget_type=\"icon-box.default\">\n\t\t\t\t\t\t\t<div class=\"elementor-icon-box-wrapper\">\n\n\t\t\t\t\t\t<div class=\"elementor-icon-box-icon\">\n\t\t\t\t<a href=\"http:\/\/downloads.wolfinger.at\/de\/Leistungserkl%C3%A4rungen\/Leistungserkl%C3%A4rung%20Extrema%20Mono%20340%20DSK.pdf\" target=\"_blank\" class=\"elementor-icon\" tabindex=\"-1\" aria-label=\"Leistungserkl\u00e4rung\">\n\t\t\t\t<svg aria-hidden=\"true\" class=\"e-font-icon-svg e-far-file-pdf\" viewBox=\"0 0 384 512\" xmlns=\"http:\/\/www.w3.org\/2000\/svg\"><path d=\"M369.9 97.9L286 14C277 5 264.8-.1 252.1-.1H48C21.5 0 0 21.5 0 48v416c0 26.5 21.5 48 48 48h288c26.5 0 48-21.5 48-48V131.9c0-12.7-5.1-25-14.1-34zM332.1 128H256V51.9l76.1 76.1zM48 464V48h160v104c0 13.3 10.7 24 24 24h104v288H48zm250.2-143.7c-12.2-12-47-8.7-64.4-6.5-17.2-10.5-28.7-25-36.8-46.3 3.9-16.1 10.1-40.6 5.4-56-4.2-26.2-37.8-23.6-42.6-5.9-4.4 16.1-.4 38.5 7 67.1-10 23.9-24.9 56-35.4 74.4-20 10.3-47 26.2-51 46.2-3.3 15.8 26 55.2 76.1-31.2 22.4-7.4 46.8-16.5 68.4-20.1 18.9 10.2 41 17 55.8 17 25.5 0 28-28.2 17.5-38.7zm-198.1 77.8c5.1-13.7 24.5-29.5 30.4-35-19 30.3-30.4 35.7-30.4 35zm81.6-190.6c7.4 0 6.7 32.1 1.8 40.8-4.4-13.9-4.3-40.8-1.8-40.8zm-24.4 136.6c9.7-16.9 18-37 24.7-54.7 8.3 15.1 18.9 27.2 30.1 35.5-20.8 4.3-38.9 13.1-54.8 19.2zm131.6-5s-5 6-37.3-7.8c35.1-2.6 40.9 5.4 37.3 7.8z\"><\/path><\/svg>\t\t\t\t<\/a>\n\t\t\t<\/div>\n\t\t\t\n\t\t\t\t\t\t<div class=\"elementor-icon-box-content\">\n\n\t\t\t\t\t\t\t\t\t<h5 class=\"elementor-icon-box-title\">\n\t\t\t\t\t\t<a href=\"http:\/\/downloads.wolfinger.at\/de\/Leistungserkl%C3%A4rungen\/Leistungserkl%C3%A4rung%20Extrema%20Mono%20340%20DSK.pdf\" target=\"_blank\" >\n\t\t\t\t\t\t\tLeistungserkl\u00e4rung\t\t\t\t\t\t<\/a>\n\t\t\t\t\t<\/h5>\n\t\t\t\t\n\t\t\t\t\n\t\t\t<\/div>\n\t\t\t\n\t\t<\/div>\n\t\t\t\t\t\t<\/div>\n\t\t\t\t<div class=\"elementor-element elementor-element-2a9407c elementor-position-inline-start elementor-view-default elementor-mobile-position-block-start elementor-widget elementor-widget-icon-box\" data-id=\"2a9407c\" data-element_type=\"widget\" data-e-type=\"widget\" data-widget_type=\"icon-box.default\">\n\t\t\t\t\t\t\t<div class=\"elementor-icon-box-wrapper\">\n\n\t\t\t\t\t\t<div class=\"elementor-icon-box-icon\">\n\t\t\t\t<a href=\"https:\/\/downloads.wolfinger.at\/de\/Verarbeitungsrichtlinien\/Fassaden-%20Schalungsbahnen%20Nageldichb%C3%A4nder\/Verarbeitungsrichtlinie%20Extrema%20Mono%20340%20DSK.pdf\" target=\"_blank\" class=\"elementor-icon\" tabindex=\"-1\" aria-label=\"Verarbeitungsrichtlinien\">\n\t\t\t\t<svg aria-hidden=\"true\" class=\"e-font-icon-svg e-far-file-pdf\" viewBox=\"0 0 384 512\" xmlns=\"http:\/\/www.w3.org\/2000\/svg\"><path d=\"M369.9 97.9L286 14C277 5 264.8-.1 252.1-.1H48C21.5 0 0 21.5 0 48v416c0 26.5 21.5 48 48 48h288c26.5 0 48-21.5 48-48V131.9c0-12.7-5.1-25-14.1-34zM332.1 128H256V51.9l76.1 76.1zM48 464V48h160v104c0 13.3 10.7 24 24 24h104v288H48zm250.2-143.7c-12.2-12-47-8.7-64.4-6.5-17.2-10.5-28.7-25-36.8-46.3 3.9-16.1 10.1-40.6 5.4-56-4.2-26.2-37.8-23.6-42.6-5.9-4.4 16.1-.4 38.5 7 67.1-10 23.9-24.9 56-35.4 74.4-20 10.3-47 26.2-51 46.2-3.3 15.8 26 55.2 76.1-31.2 22.4-7.4 46.8-16.5 68.4-20.1 18.9 10.2 41 17 55.8 17 25.5 0 28-28.2 17.5-38.7zm-198.1 77.8c5.1-13.7 24.5-29.5 30.4-35-19 30.3-30.4 35.7-30.4 35zm81.6-190.6c7.4 0 6.7 32.1 1.8 40.8-4.4-13.9-4.3-40.8-1.8-40.8zm-24.4 136.6c9.7-16.9 18-37 24.7-54.7 8.3 15.1 18.9 27.2 30.1 35.5-20.8 4.3-38.9 13.1-54.8 19.2zm131.6-5s-5 6-37.3-7.8c35.1-2.6 40.9 5.4 37.3 7.8z\"><\/path><\/svg>\t\t\t\t<\/a>\n\t\t\t<\/div>\n\t\t\t\n\t\t\t\t\t\t<div class=\"elementor-icon-box-content\">\n\n\t\t\t\t\t\t\t\t\t<h5 class=\"elementor-icon-box-title\">\n\t\t\t\t\t\t<a href=\"https:\/\/downloads.wolfinger.at\/de\/Verarbeitungsrichtlinien\/Fassaden-%20Schalungsbahnen%20Nageldichb%C3%A4nder\/Verarbeitungsrichtlinie%20Extrema%20Mono%20340%20DSK.pdf\" target=\"_blank\" >\n\t\t\t\t\t\t\tVerarbeitungsrichtlinien\t\t\t\t\t\t<\/a>\n\t\t\t\t\t<\/h5>\n\t\t\t\t\n\t\t\t\t\n\t\t\t<\/div>\n\t\t\t\n\t\t<\/div>\n\t\t\t\t\t\t<\/div>\n\t\t\t\t<\/div>\n\t\t\t\t\t<\/div>\n\t\t\t\t<\/div>\n\t\t<div class=\"elementor-element elementor-element-fbc261a e-flex e-con-boxed e-con e-parent\" data-id=\"fbc261a\" data-element_type=\"container\" data-e-type=\"container\">\n\t\t\t\t\t<div class=\"e-con-inner\">\n\t\t\t\t\t<\/div>\n\t\t\t\t<\/div>\n\t\t\t\t<\/div>\n\t\t","protected":false},"excerpt":{"rendered":"<p>Wolfi Extrema Mono 340 DSK Monolithische verklebbare Schalungsbahn mit 2 integrierten Klebestreifen f\u00fcr erh\u00f6ht regensichere Unterd\u00e4cher ab 2\u00b0 Dachneigung nach \u00d6NORM B 4119, UD TYP II. IM SHOP ANSEHEN Wolfi EXTREMA MONO 340 DSK ist eine mit den zwei integrierten Klebestreifen sowie STT\u00ae&nbsp;TAURUS ELASTIC PRO verklebbare, 350g\/m\u00b2 schwere, extrem diffusionsoffene, dreilagige, thermoverschwei\u00dfte Schalungsbahn bestehend aus [&hellip;]<\/p>\n","protected":false},"author":12,"featured_media":0,"parent":4232,"menu_order":0,"comment_status":"closed","ping_status":"closed","template":"","meta":{"footnotes":""},"class_list":["post-3843","page","type-page","status-publish","hentry"],"yoast_head":"<!-- This site is optimized with the Yoast SEO plugin v27.4 - https:\/\/yoast.com\/product\/yoast-seo-wordpress\/ -->\n<title>Wolfi Extrema Mono 340 DSK - WOLFINGER<\/title>\n<meta name=\"robots\" content=\"index, follow, max-snippet:-1, max-image-preview:large, max-video-preview:-1\" \/>\n<link rel=\"canonical\" href=\"https:\/\/wolfinger.at\/daemmen\/produkte\/schalungsbahnen-und-fassadenbahnen\/wolfi-extrema-mono-340-dsk\/\" \/>\n<meta property=\"og:locale\" content=\"de_DE\" \/>\n<meta property=\"og:type\" content=\"article\" \/>\n<meta property=\"og:title\" content=\"Wolfi Extrema Mono 340 DSK - WOLFINGER\" \/>\n<meta property=\"og:description\" content=\"Wolfi Extrema Mono 340 DSK Monolithische verklebbare Schalungsbahn mit 2 integrierten Klebestreifen f\u00fcr erh\u00f6ht regensichere Unterd\u00e4cher ab 2\u00b0 Dachneigung nach \u00d6NORM B 4119, UD TYP II. IM SHOP ANSEHEN Wolfi EXTREMA MONO 340 DSK ist eine mit den zwei integrierten Klebestreifen sowie STT\u00ae&nbsp;TAURUS ELASTIC PRO verklebbare, 350g\/m\u00b2 schwere, extrem diffusionsoffene, dreilagige, thermoverschwei\u00dfte Schalungsbahn bestehend aus [&hellip;]\" \/>\n<meta property=\"og:url\" content=\"https:\/\/wolfinger.at\/daemmen\/produkte\/schalungsbahnen-und-fassadenbahnen\/wolfi-extrema-mono-340-dsk\/\" \/>\n<meta property=\"og:site_name\" content=\"WOLFINGER\" \/>\n<meta property=\"article:modified_time\" content=\"2026-03-23T13:34:09+00:00\" \/>\n<meta name=\"twitter:card\" content=\"summary_large_image\" \/>\n<meta name=\"twitter:label1\" content=\"Gesch\u00e4tzte Lesezeit\" \/>\n\t<meta name=\"twitter:data1\" content=\"2\u00a0Minuten\" \/>\n<script type=\"application\/ld+json\" class=\"yoast-schema-graph\">{\"@context\":\"https:\\\/\\\/schema.org\",\"@graph\":[{\"@type\":\"WebPage\",\"@id\":\"https:\\\/\\\/wolfinger.at\\\/daemmen\\\/produkte\\\/schalungsbahnen-und-fassadenbahnen\\\/wolfi-extrema-mono-340-dsk\\\/\",\"url\":\"https:\\\/\\\/wolfinger.at\\\/daemmen\\\/produkte\\\/schalungsbahnen-und-fassadenbahnen\\\/wolfi-extrema-mono-340-dsk\\\/\",\"name\":\"Wolfi Extrema Mono 340 DSK - WOLFINGER\",\"isPartOf\":{\"@id\":\"https:\\\/\\\/wolfinger.at\\\/daemmen\\\/#website\"},\"primaryImageOfPage\":{\"@id\":\"https:\\\/\\\/wolfinger.at\\\/daemmen\\\/produkte\\\/schalungsbahnen-und-fassadenbahnen\\\/wolfi-extrema-mono-340-dsk\\\/#primaryimage\"},\"image\":{\"@id\":\"https:\\\/\\\/wolfinger.at\\\/daemmen\\\/produkte\\\/schalungsbahnen-und-fassadenbahnen\\\/wolfi-extrema-mono-340-dsk\\\/#primaryimage\"},\"thumbnailUrl\":\"https:\\\/\\\/wolfinger.at\\\/daemmen\\\/wp-content\\\/uploads\\\/2026\\\/01\\\/Baubook.svg\",\"datePublished\":\"2026-01-08T15:47:26+00:00\",\"dateModified\":\"2026-03-23T13:34:09+00:00\",\"breadcrumb\":{\"@id\":\"https:\\\/\\\/wolfinger.at\\\/daemmen\\\/produkte\\\/schalungsbahnen-und-fassadenbahnen\\\/wolfi-extrema-mono-340-dsk\\\/#breadcrumb\"},\"inLanguage\":\"de\",\"potentialAction\":[{\"@type\":\"ReadAction\",\"target\":[\"https:\\\/\\\/wolfinger.at\\\/daemmen\\\/produkte\\\/schalungsbahnen-und-fassadenbahnen\\\/wolfi-extrema-mono-340-dsk\\\/\"]}]},{\"@type\":\"ImageObject\",\"inLanguage\":\"de\",\"@id\":\"https:\\\/\\\/wolfinger.at\\\/daemmen\\\/produkte\\\/schalungsbahnen-und-fassadenbahnen\\\/wolfi-extrema-mono-340-dsk\\\/#primaryimage\",\"url\":\"https:\\\/\\\/wolfinger.at\\\/daemmen\\\/wp-content\\\/uploads\\\/2026\\\/01\\\/Baubook.svg\",\"contentUrl\":\"https:\\\/\\\/wolfinger.at\\\/daemmen\\\/wp-content\\\/uploads\\\/2026\\\/01\\\/Baubook.svg\",\"width\":160,\"height\":36},{\"@type\":\"BreadcrumbList\",\"@id\":\"https:\\\/\\\/wolfinger.at\\\/daemmen\\\/produkte\\\/schalungsbahnen-und-fassadenbahnen\\\/wolfi-extrema-mono-340-dsk\\\/#breadcrumb\",\"itemListElement\":[{\"@type\":\"ListItem\",\"position\":1,\"name\":\"Startseite\",\"item\":\"https:\\\/\\\/wolfinger.at\\\/daemmen\\\/\"},{\"@type\":\"ListItem\",\"position\":2,\"name\":\"Produkte\",\"item\":\"https:\\\/\\\/wolfinger.at\\\/daemmen\\\/produkte\\\/\"},{\"@type\":\"ListItem\",\"position\":3,\"name\":\"Schalungsbahnen und Fassadenbahnen\",\"item\":\"https:\\\/\\\/wolfinger.at\\\/daemmen\\\/produkte\\\/schalungsbahnen-und-fassadenbahnen\\\/\"},{\"@type\":\"ListItem\",\"position\":4,\"name\":\"Wolfi Extrema Mono 340 DSK\"}]},{\"@type\":\"WebSite\",\"@id\":\"https:\\\/\\\/wolfinger.at\\\/daemmen\\\/#website\",\"url\":\"https:\\\/\\\/wolfinger.at\\\/daemmen\\\/\",\"name\":\"Wolfinger Zellulosed\u00e4mmung\",\"description\":\"Zellulosed\u00e4mmung\",\"publisher\":{\"@id\":\"https:\\\/\\\/wolfinger.at\\\/daemmen\\\/#organization\"},\"potentialAction\":[{\"@type\":\"SearchAction\",\"target\":{\"@type\":\"EntryPoint\",\"urlTemplate\":\"https:\\\/\\\/wolfinger.at\\\/daemmen\\\/?s={search_term_string}\"},\"query-input\":{\"@type\":\"PropertyValueSpecification\",\"valueRequired\":true,\"valueName\":\"search_term_string\"}}],\"inLanguage\":\"de\"},{\"@type\":\"Organization\",\"@id\":\"https:\\\/\\\/wolfinger.at\\\/daemmen\\\/#organization\",\"name\":\"Wolfinger GmbH\",\"url\":\"https:\\\/\\\/wolfinger.at\\\/daemmen\\\/\",\"logo\":{\"@type\":\"ImageObject\",\"inLanguage\":\"de\",\"@id\":\"https:\\\/\\\/wolfinger.at\\\/daemmen\\\/#\\\/schema\\\/logo\\\/image\\\/\",\"url\":\"https:\\\/\\\/wolfinger.at\\\/daemmen\\\/wp-content\\\/uploads\\\/2024\\\/03\\\/wolfinger_fav_144.png\",\"contentUrl\":\"https:\\\/\\\/wolfinger.at\\\/daemmen\\\/wp-content\\\/uploads\\\/2024\\\/03\\\/wolfinger_fav_144.png\",\"width\":1633,\"height\":1632,\"caption\":\"Wolfinger GmbH\"},\"image\":{\"@id\":\"https:\\\/\\\/wolfinger.at\\\/daemmen\\\/#\\\/schema\\\/logo\\\/image\\\/\"}}]}<\/script>\n<!-- \/ Yoast SEO plugin. -->","yoast_head_json":{"title":"Wolfi Extrema Mono 340 DSK - WOLFINGER","robots":{"index":"index","follow":"follow","max-snippet":"max-snippet:-1","max-image-preview":"max-image-preview:large","max-video-preview":"max-video-preview:-1"},"canonical":"https:\/\/wolfinger.at\/daemmen\/produkte\/schalungsbahnen-und-fassadenbahnen\/wolfi-extrema-mono-340-dsk\/","og_locale":"de_DE","og_type":"article","og_title":"Wolfi Extrema Mono 340 DSK - WOLFINGER","og_description":"Wolfi Extrema Mono 340 DSK Monolithische verklebbare Schalungsbahn mit 2 integrierten Klebestreifen f\u00fcr erh\u00f6ht regensichere Unterd\u00e4cher ab 2\u00b0 Dachneigung nach \u00d6NORM B 4119, UD TYP II. IM SHOP ANSEHEN Wolfi EXTREMA MONO 340 DSK ist eine mit den zwei integrierten Klebestreifen sowie STT\u00ae&nbsp;TAURUS ELASTIC PRO verklebbare, 350g\/m\u00b2 schwere, extrem diffusionsoffene, dreilagige, thermoverschwei\u00dfte Schalungsbahn bestehend aus [&hellip;]","og_url":"https:\/\/wolfinger.at\/daemmen\/produkte\/schalungsbahnen-und-fassadenbahnen\/wolfi-extrema-mono-340-dsk\/","og_site_name":"WOLFINGER","article_modified_time":"2026-03-23T13:34:09+00:00","twitter_card":"summary_large_image","twitter_misc":{"Gesch\u00e4tzte Lesezeit":"2\u00a0Minuten"},"schema":{"@context":"https:\/\/schema.org","@graph":[{"@type":"WebPage","@id":"https:\/\/wolfinger.at\/daemmen\/produkte\/schalungsbahnen-und-fassadenbahnen\/wolfi-extrema-mono-340-dsk\/","url":"https:\/\/wolfinger.at\/daemmen\/produkte\/schalungsbahnen-und-fassadenbahnen\/wolfi-extrema-mono-340-dsk\/","name":"Wolfi Extrema Mono 340 DSK - WOLFINGER","isPartOf":{"@id":"https:\/\/wolfinger.at\/daemmen\/#website"},"primaryImageOfPage":{"@id":"https:\/\/wolfinger.at\/daemmen\/produkte\/schalungsbahnen-und-fassadenbahnen\/wolfi-extrema-mono-340-dsk\/#primaryimage"},"image":{"@id":"https:\/\/wolfinger.at\/daemmen\/produkte\/schalungsbahnen-und-fassadenbahnen\/wolfi-extrema-mono-340-dsk\/#primaryimage"},"thumbnailUrl":"https:\/\/wolfinger.at\/daemmen\/wp-content\/uploads\/2026\/01\/Baubook.svg","datePublished":"2026-01-08T15:47:26+00:00","dateModified":"2026-03-23T13:34:09+00:00","breadcrumb":{"@id":"https:\/\/wolfinger.at\/daemmen\/produkte\/schalungsbahnen-und-fassadenbahnen\/wolfi-extrema-mono-340-dsk\/#breadcrumb"},"inLanguage":"de","potentialAction":[{"@type":"ReadAction","target":["https:\/\/wolfinger.at\/daemmen\/produkte\/schalungsbahnen-und-fassadenbahnen\/wolfi-extrema-mono-340-dsk\/"]}]},{"@type":"ImageObject","inLanguage":"de","@id":"https:\/\/wolfinger.at\/daemmen\/produkte\/schalungsbahnen-und-fassadenbahnen\/wolfi-extrema-mono-340-dsk\/#primaryimage","url":"https:\/\/wolfinger.at\/daemmen\/wp-content\/uploads\/2026\/01\/Baubook.svg","contentUrl":"https:\/\/wolfinger.at\/daemmen\/wp-content\/uploads\/2026\/01\/Baubook.svg","width":160,"height":36},{"@type":"BreadcrumbList","@id":"https:\/\/wolfinger.at\/daemmen\/produkte\/schalungsbahnen-und-fassadenbahnen\/wolfi-extrema-mono-340-dsk\/#breadcrumb","itemListElement":[{"@type":"ListItem","position":1,"name":"Startseite","item":"https:\/\/wolfinger.at\/daemmen\/"},{"@type":"ListItem","position":2,"name":"Produkte","item":"https:\/\/wolfinger.at\/daemmen\/produkte\/"},{"@type":"ListItem","position":3,"name":"Schalungsbahnen und Fassadenbahnen","item":"https:\/\/wolfinger.at\/daemmen\/produkte\/schalungsbahnen-und-fassadenbahnen\/"},{"@type":"ListItem","position":4,"name":"Wolfi Extrema Mono 340 DSK"}]},{"@type":"WebSite","@id":"https:\/\/wolfinger.at\/daemmen\/#website","url":"https:\/\/wolfinger.at\/daemmen\/","name":"Wolfinger Zellulosed\u00e4mmung","description":"Zellulosed\u00e4mmung","publisher":{"@id":"https:\/\/wolfinger.at\/daemmen\/#organization"},"potentialAction":[{"@type":"SearchAction","target":{"@type":"EntryPoint","urlTemplate":"https:\/\/wolfinger.at\/daemmen\/?s={search_term_string}"},"query-input":{"@type":"PropertyValueSpecification","valueRequired":true,"valueName":"search_term_string"}}],"inLanguage":"de"},{"@type":"Organization","@id":"https:\/\/wolfinger.at\/daemmen\/#organization","name":"Wolfinger GmbH","url":"https:\/\/wolfinger.at\/daemmen\/","logo":{"@type":"ImageObject","inLanguage":"de","@id":"https:\/\/wolfinger.at\/daemmen\/#\/schema\/logo\/image\/","url":"https:\/\/wolfinger.at\/daemmen\/wp-content\/uploads\/2024\/03\/wolfinger_fav_144.png","contentUrl":"https:\/\/wolfinger.at\/daemmen\/wp-content\/uploads\/2024\/03\/wolfinger_fav_144.png","width":1633,"height":1632,"caption":"Wolfinger GmbH"},"image":{"@id":"https:\/\/wolfinger.at\/daemmen\/#\/schema\/logo\/image\/"}}]}},"_links":{"self":[{"href":"https:\/\/wolfinger.at\/daemmen\/wp-json\/wp\/v2\/pages\/3843","targetHints":{"allow":["GET"]}}],"collection":[{"href":"https:\/\/wolfinger.at\/daemmen\/wp-json\/wp\/v2\/pages"}],"about":[{"href":"https:\/\/wolfinger.at\/daemmen\/wp-json\/wp\/v2\/types\/page"}],"author":[{"embeddable":true,"href":"https:\/\/wolfinger.at\/daemmen\/wp-json\/wp\/v2\/users\/12"}],"replies":[{"embeddable":true,"href":"https:\/\/wolfinger.at\/daemmen\/wp-json\/wp\/v2\/comments?post=3843"}],"version-history":[{"count":68,"href":"https:\/\/wolfinger.at\/daemmen\/wp-json\/wp\/v2\/pages\/3843\/revisions"}],"predecessor-version":[{"id":5501,"href":"https:\/\/wolfinger.at\/daemmen\/wp-json\/wp\/v2\/pages\/3843\/revisions\/5501"}],"up":[{"embeddable":true,"href":"https:\/\/wolfinger.at\/daemmen\/wp-json\/wp\/v2\/pages\/4232"}],"wp:attachment":[{"href":"https:\/\/wolfinger.at\/daemmen\/wp-json\/wp\/v2\/media?parent=3843"}],"curies":[{"name":"wp","href":"https:\/\/api.w.org\/{rel}","templated":true}]}}