{"id":2757,"date":"2025-07-21T07:33:39","date_gmt":"2025-07-21T07:33:39","guid":{"rendered":"https:\/\/wolfinger.at\/daemmen\/?page_id=2757"},"modified":"2026-01-15T14:40:27","modified_gmt":"2026-01-15T12:40:27","slug":"wolfinger-zellulosedaemmung","status":"publish","type":"page","link":"https:\/\/wolfinger.at\/daemmen\/produkte\/daemmstoffe\/wolfinger-zellulosedaemmung\/","title":{"rendered":"Wolfinger Zellulosed\u00e4mmung"},"content":{"rendered":"\t\t<div data-elementor-type=\"wp-page\" data-elementor-id=\"2757\" class=\"elementor elementor-2757\" data-elementor-post-type=\"page\">\n\t\t\t\t<div class=\"elementor-element elementor-element-15f2fbdb e-grid e-con-boxed e-con e-parent\" data-id=\"15f2fbdb\" data-element_type=\"container\" data-e-type=\"container\">\n\t\t\t\t\t<div class=\"e-con-inner\">\n\t\t<div class=\"elementor-element elementor-element-3e0e8000 e-con-full e-flex e-con e-child\" data-id=\"3e0e8000\" data-element_type=\"container\" data-e-type=\"container\">\n\t\t\t\t<div class=\"elementor-element elementor-element-2574755e elementor-widget elementor-widget-heading\" data-id=\"2574755e\" data-element_type=\"widget\" data-e-type=\"widget\" data-widget_type=\"heading.default\">\n\t\t\t\t\t<h1 class=\"elementor-heading-title elementor-size-default\">Wolfinger Zellulosed\u00e4mmung<\/h1>\t\t\t\t<\/div>\n\t\t\t\t<div class=\"elementor-element elementor-element-22b65bb2 elementor-widget elementor-widget-text-editor\" data-id=\"22b65bb2\" data-element_type=\"widget\" data-e-type=\"widget\" data-widget_type=\"text-editor.default\">\n\t\t\t\t\t\t\t\t\t<p>Nachhaltiger Zellulosed\u00e4mmstoff aus sortenreinen Tageszeitungspapier<\/p>\t\t\t\t\t\t\t\t<\/div>\n\t\t\t\t<div class=\"elementor-element elementor-element-11c9234e elementor-widget elementor-widget-button\" data-id=\"11c9234e\" data-element_type=\"widget\" data-e-type=\"widget\" data-widget_type=\"button.default\">\n\t\t\t\t\t\t\t\t\t\t<a class=\"elementor-button elementor-button-link elementor-size-sm\" href=\"https:\/\/shop.wolfinger.at\/c\/ola1-4\/a\/ola1-329\/Zellulosedaemmung\/Wolfinger-Zellulosedaemmung-Sack.html\" target=\"_blank\">\n\t\t\t\t\t\t<span class=\"elementor-button-content-wrapper\">\n\t\t\t\t\t\t\t\t\t<span class=\"elementor-button-text\">IM SHOP ANSEHEN<\/span>\n\t\t\t\t\t<\/span>\n\t\t\t\t\t<\/a>\n\t\t\t\t\t\t\t\t<\/div>\n\t\t<div class=\"elementor-element elementor-element-0b68e54 e-grid e-con-full e-con e-child\" data-id=\"0b68e54\" data-element_type=\"container\" data-e-type=\"container\">\n\t\t\t\t<div class=\"elementor-element elementor-element-5c4d7e9c elementor-widget elementor-widget-image\" data-id=\"5c4d7e9c\" data-element_type=\"widget\" data-e-type=\"widget\" data-widget_type=\"image.default\">\n\t\t\t\t\t\t\t\t\t\t\t\t\t\t\t\t<a href=\"https:\/\/www.baubook.at\/m\/PHP\/Info.php?SI=2142684704&#038;SW=5\" target=\"_blank\">\n\t\t\t\t\t\t\t<img decoding=\"async\" width=\"160\" height=\"36\" src=\"https:\/\/wolfinger.at\/daemmen\/wp-content\/uploads\/2026\/01\/Baubook.svg\" class=\"attachment-large size-large wp-image-3885\" alt=\"\" \/>\t\t\t\t\t\t\t\t<\/a>\n\t\t\t\t\t\t\t\t\t\t\t\t\t\t\t<\/div>\n\t\t\t\t<div class=\"elementor-element elementor-element-aec0ef0 elementor-widget elementor-widget-image\" data-id=\"aec0ef0\" data-element_type=\"widget\" data-e-type=\"widget\" data-widget_type=\"image.default\">\n\t\t\t\t\t\t\t\t\t\t\t\t\t\t\t<img fetchpriority=\"high\" decoding=\"async\" width=\"251\" height=\"300\" src=\"https:\/\/wolfinger.at\/daemmen\/wp-content\/uploads\/2024\/12\/v2-0107-215-0101-web-251x300.png\" class=\"attachment-medium size-medium wp-image-2633\" alt=\"\" srcset=\"https:\/\/wolfinger.at\/daemmen\/wp-content\/uploads\/2024\/12\/v2-0107-215-0101-web-251x300.png 251w, https:\/\/wolfinger.at\/daemmen\/wp-content\/uploads\/2024\/12\/v2-0107-215-0101-web-857x1024.png 857w, https:\/\/wolfinger.at\/daemmen\/wp-content\/uploads\/2024\/12\/v2-0107-215-0101-web-768x917.png 768w, https:\/\/wolfinger.at\/daemmen\/wp-content\/uploads\/2024\/12\/v2-0107-215-0101-web-600x717.png 600w, https:\/\/wolfinger.at\/daemmen\/wp-content\/uploads\/2024\/12\/v2-0107-215-0101-web.png 930w\" sizes=\"(max-width: 251px) 100vw, 251px\" \/>\t\t\t\t\t\t\t\t\t\t\t\t\t\t\t<\/div>\n\t\t\t\t<\/div>\n\t\t\t\t<\/div>\n\t\t<div class=\"elementor-element elementor-element-4d1370e0 e-con-full e-flex e-con e-child\" data-id=\"4d1370e0\" data-element_type=\"container\" data-e-type=\"container\">\n\t\t\t\t<div class=\"elementor-element elementor-element-7b39382f elementor-widget elementor-widget-image\" data-id=\"7b39382f\" data-element_type=\"widget\" data-e-type=\"widget\" data-widget_type=\"image.default\">\n\t\t\t\t\t\t\t\t\t\t\t\t\t\t\t<img decoding=\"async\" width=\"800\" height=\"582\" src=\"https:\/\/wolfinger.at\/daemmen\/wp-content\/uploads\/2018\/06\/wolfinger_zellulosesack.png\" class=\"attachment-large size-large wp-image-1794\" alt=\"\" srcset=\"https:\/\/wolfinger.at\/daemmen\/wp-content\/uploads\/2018\/06\/wolfinger_zellulosesack.png 930w, https:\/\/wolfinger.at\/daemmen\/wp-content\/uploads\/2018\/06\/wolfinger_zellulosesack-300x218.png 300w, https:\/\/wolfinger.at\/daemmen\/wp-content\/uploads\/2018\/06\/wolfinger_zellulosesack-768x558.png 768w, https:\/\/wolfinger.at\/daemmen\/wp-content\/uploads\/2018\/06\/wolfinger_zellulosesack-600x436.png 600w\" sizes=\"(max-width: 800px) 100vw, 800px\" \/>\t\t\t\t\t\t\t\t\t\t\t\t\t\t\t<\/div>\n\t\t\t\t<\/div>\n\t\t\t\t\t<\/div>\n\t\t\t\t<\/div>\n\t\t<div class=\"elementor-element elementor-element-67f9313e e-flex e-con-boxed e-con e-parent\" data-id=\"67f9313e\" data-element_type=\"container\" data-e-type=\"container\">\n\t\t\t\t\t<div class=\"e-con-inner\">\n\t\t\t\t<div class=\"elementor-element elementor-element-107df02c elementor-widget elementor-widget-text-editor\" data-id=\"107df02c\" data-element_type=\"widget\" data-e-type=\"widget\" data-widget_type=\"text-editor.default\">\n\t\t\t\t\t\t\t\t\t<div class=\"ce_text block\"><p>WOLFINGER ZELLULOSED\u00c4MMUNG ist ein hochwertiger, biologisch abbaubarer D\u00e4mmstoff \u2013 hergestellt aus Tageszeitungspapier in einem faserschonenden Recyclingvorgang.<\/p><p>WOLFINGER ZELLULOSED\u00c4MMUNG verhindert vor allem das Eindringen von Sommerhitze und schafft damit auch im Sommer ein angenehmes und behagliches Raumklima.<\/p><p>WOLFINGER ZELLULOSED\u00c4MMUNG ist wie alle anderen biogenen D\u00e4mmstoffe grunds\u00e4tzlich brennbar, genauso wie alle D\u00e4mmstoffe auf Kunststoffbasis. Durch entsprechende brandhemmende Zus\u00e4tze (Bors\u00e4ure) erreicht WOLFINGER\u00a0<span class=\"wolf-head3\">ZELLULOSED\u00c4MMUNG<\/span>\u00a0<span class=\"wolf-head3\">Brandschutzklasse B lt. EN 13501-1<\/span>.<\/p><p><span class=\"wolf-head3\">WOLFINGER ZELLULOSED\u00c4MMUNG erreicht mit Klasse B die bestm\u00f6gliche Klassifizierung f\u00fcr einen brennbaren D\u00e4mmstoff.\u00a0<\/span><span class=\"wolf-head3\">WOLFINGER ZELLULOSED\u00c4MMUNG darf in allen Geb\u00e4uden bis zu 3 Gescho\u00dfen in jeder Einbausituation eingesetzt werden.<\/span><\/p><p>Wolfinger Zellulosed\u00e4mmung ist auch als boratfreie Variante erh\u00e4ltlich:\u00a0<a href=\"https:\/\/wolfinger.at\/daemmen\/naturefill\/\">Wolfinger NatureFill<\/a><\/p><\/div>\t\t\t\t\t\t\t\t<\/div>\n\t\t<div class=\"elementor-element elementor-element-619473be e-con-full e-flex e-con e-child\" data-id=\"619473be\" data-element_type=\"container\" data-e-type=\"container\">\n\t\t\t\t<div class=\"elementor-element elementor-element-18886f0f elementor-widget elementor-widget-heading\" data-id=\"18886f0f\" data-element_type=\"widget\" data-e-type=\"widget\" data-widget_type=\"heading.default\">\n\t\t\t\t\t<h5 class=\"elementor-heading-title elementor-size-default\">Downloads<\/h5>\t\t\t\t<\/div>\n\t\t\t\t<div class=\"elementor-element elementor-element-56837b8b elementor-widget-divider--view-line elementor-widget elementor-widget-divider\" data-id=\"56837b8b\" data-element_type=\"widget\" data-e-type=\"widget\" data-widget_type=\"divider.default\">\n\t\t\t\t\t\t\t<div class=\"elementor-divider\">\n\t\t\t<span class=\"elementor-divider-separator\">\n\t\t\t\t\t\t<\/span>\n\t\t<\/div>\n\t\t\t\t\t\t<\/div>\n\t\t\t\t<div class=\"elementor-element elementor-element-7d4bdc7e elementor-position-inline-start elementor-view-default elementor-mobile-position-block-start elementor-widget elementor-widget-icon-box\" data-id=\"7d4bdc7e\" data-element_type=\"widget\" data-e-type=\"widget\" data-widget_type=\"icon-box.default\">\n\t\t\t\t\t\t\t<div class=\"elementor-icon-box-wrapper\">\n\n\t\t\t\t\t\t<div class=\"elementor-icon-box-icon\">\n\t\t\t\t<a href=\"http:\/\/downloads.wolfinger.at\/de\/Leistungserkl%C3%A4rungen\/Leistungserkl%C3%A4rung%20Zellulosed%C3%A4mmung%20de.pdf\" target=\"_blank\" class=\"elementor-icon\" tabindex=\"-1\" aria-label=\"Leistungserkl\u00e4rung\">\n\t\t\t\t<svg aria-hidden=\"true\" class=\"e-font-icon-svg e-far-file-pdf\" viewBox=\"0 0 384 512\" xmlns=\"http:\/\/www.w3.org\/2000\/svg\"><path d=\"M369.9 97.9L286 14C277 5 264.8-.1 252.1-.1H48C21.5 0 0 21.5 0 48v416c0 26.5 21.5 48 48 48h288c26.5 0 48-21.5 48-48V131.9c0-12.7-5.1-25-14.1-34zM332.1 128H256V51.9l76.1 76.1zM48 464V48h160v104c0 13.3 10.7 24 24 24h104v288H48zm250.2-143.7c-12.2-12-47-8.7-64.4-6.5-17.2-10.5-28.7-25-36.8-46.3 3.9-16.1 10.1-40.6 5.4-56-4.2-26.2-37.8-23.6-42.6-5.9-4.4 16.1-.4 38.5 7 67.1-10 23.9-24.9 56-35.4 74.4-20 10.3-47 26.2-51 46.2-3.3 15.8 26 55.2 76.1-31.2 22.4-7.4 46.8-16.5 68.4-20.1 18.9 10.2 41 17 55.8 17 25.5 0 28-28.2 17.5-38.7zm-198.1 77.8c5.1-13.7 24.5-29.5 30.4-35-19 30.3-30.4 35.7-30.4 35zm81.6-190.6c7.4 0 6.7 32.1 1.8 40.8-4.4-13.9-4.3-40.8-1.8-40.8zm-24.4 136.6c9.7-16.9 18-37 24.7-54.7 8.3 15.1 18.9 27.2 30.1 35.5-20.8 4.3-38.9 13.1-54.8 19.2zm131.6-5s-5 6-37.3-7.8c35.1-2.6 40.9 5.4 37.3 7.8z\"><\/path><\/svg>\t\t\t\t<\/a>\n\t\t\t<\/div>\n\t\t\t\n\t\t\t\t\t\t<div class=\"elementor-icon-box-content\">\n\n\t\t\t\t\t\t\t\t\t<h5 class=\"elementor-icon-box-title\">\n\t\t\t\t\t\t<a href=\"http:\/\/downloads.wolfinger.at\/de\/Leistungserkl%C3%A4rungen\/Leistungserkl%C3%A4rung%20Zellulosed%C3%A4mmung%20de.pdf\" target=\"_blank\" >\n\t\t\t\t\t\t\tLeistungserkl\u00e4rung\t\t\t\t\t\t<\/a>\n\t\t\t\t\t<\/h5>\n\t\t\t\t\n\t\t\t\t\n\t\t\t<\/div>\n\t\t\t\n\t\t<\/div>\n\t\t\t\t\t\t<\/div>\n\t\t\t\t<\/div>\n\t\t\t\t\t<\/div>\n\t\t\t\t<\/div>\n\t\t\t\t<\/div>\n\t\t","protected":false},"excerpt":{"rendered":"<p>Wolfinger Zellulosed\u00e4mmung Nachhaltiger Zellulosed\u00e4mmstoff aus sortenreinen Tageszeitungspapier IM SHOP ANSEHEN WOLFINGER ZELLULOSED\u00c4MMUNG ist ein hochwertiger, biologisch abbaubarer D\u00e4mmstoff \u2013 hergestellt aus Tageszeitungspapier in einem faserschonenden Recyclingvorgang. WOLFINGER ZELLULOSED\u00c4MMUNG verhindert vor allem das Eindringen von Sommerhitze und schafft damit auch im Sommer ein angenehmes und behagliches Raumklima. WOLFINGER ZELLULOSED\u00c4MMUNG ist wie alle anderen biogenen D\u00e4mmstoffe grunds\u00e4tzlich [&hellip;]<\/p>\n","protected":false},"author":12,"featured_media":0,"parent":4182,"menu_order":0,"comment_status":"closed","ping_status":"closed","template":"","meta":{"footnotes":""},"class_list":["post-2757","page","type-page","status-publish","hentry"],"yoast_head":"<!-- This site is optimized with the Yoast SEO plugin v27.4 - https:\/\/yoast.com\/product\/yoast-seo-wordpress\/ -->\n<title>Wolfinger Zellulosed\u00e4mmung - WOLFINGER<\/title>\n<meta name=\"description\" content=\"Zellulosed\u00e4mmstoff produziert in \u00d6sterreich. Nachhaltig, nat\u00fcrlich, behaglich\" \/>\n<meta name=\"robots\" content=\"index, follow, max-snippet:-1, max-image-preview:large, max-video-preview:-1\" \/>\n<link rel=\"canonical\" href=\"https:\/\/wolfinger.at\/daemmen\/produkte\/daemmstoffe\/wolfinger-zellulosedaemmung\/\" \/>\n<meta property=\"og:locale\" content=\"de_DE\" \/>\n<meta property=\"og:type\" content=\"article\" \/>\n<meta property=\"og:title\" content=\"Wolfinger Zellulosed\u00e4mmung - WOLFINGER\" \/>\n<meta property=\"og:description\" content=\"Zellulosed\u00e4mmstoff produziert in \u00d6sterreich. Nachhaltig, nat\u00fcrlich, behaglich\" \/>\n<meta property=\"og:url\" content=\"https:\/\/wolfinger.at\/daemmen\/produkte\/daemmstoffe\/wolfinger-zellulosedaemmung\/\" \/>\n<meta property=\"og:site_name\" content=\"WOLFINGER\" \/>\n<meta property=\"article:modified_time\" content=\"2026-01-15T12:40:27+00:00\" \/>\n<meta property=\"og:image\" content=\"https:\/\/wolfinger.at\/daemmen\/wp-content\/uploads\/2026\/01\/Baubook.svg\" \/>\n<meta name=\"twitter:card\" content=\"summary_large_image\" \/>\n<meta name=\"twitter:label1\" content=\"Gesch\u00e4tzte Lesezeit\" \/>\n\t<meta name=\"twitter:data1\" content=\"2\u00a0Minuten\" \/>\n<script type=\"application\/ld+json\" class=\"yoast-schema-graph\">{\"@context\":\"https:\\\/\\\/schema.org\",\"@graph\":[{\"@type\":\"WebPage\",\"@id\":\"https:\\\/\\\/wolfinger.at\\\/daemmen\\\/produkte\\\/daemmstoffe\\\/wolfinger-zellulosedaemmung\\\/\",\"url\":\"https:\\\/\\\/wolfinger.at\\\/daemmen\\\/produkte\\\/daemmstoffe\\\/wolfinger-zellulosedaemmung\\\/\",\"name\":\"Wolfinger Zellulosed\u00e4mmung - WOLFINGER\",\"isPartOf\":{\"@id\":\"https:\\\/\\\/wolfinger.at\\\/daemmen\\\/#website\"},\"primaryImageOfPage\":{\"@id\":\"https:\\\/\\\/wolfinger.at\\\/daemmen\\\/produkte\\\/daemmstoffe\\\/wolfinger-zellulosedaemmung\\\/#primaryimage\"},\"image\":{\"@id\":\"https:\\\/\\\/wolfinger.at\\\/daemmen\\\/produkte\\\/daemmstoffe\\\/wolfinger-zellulosedaemmung\\\/#primaryimage\"},\"thumbnailUrl\":\"https:\\\/\\\/wolfinger.at\\\/daemmen\\\/wp-content\\\/uploads\\\/2026\\\/01\\\/Baubook.svg\",\"datePublished\":\"2025-07-21T07:33:39+00:00\",\"dateModified\":\"2026-01-15T12:40:27+00:00\",\"description\":\"Zellulosed\u00e4mmstoff produziert in \u00d6sterreich. Nachhaltig, nat\u00fcrlich, behaglich\",\"breadcrumb\":{\"@id\":\"https:\\\/\\\/wolfinger.at\\\/daemmen\\\/produkte\\\/daemmstoffe\\\/wolfinger-zellulosedaemmung\\\/#breadcrumb\"},\"inLanguage\":\"de\",\"potentialAction\":[{\"@type\":\"ReadAction\",\"target\":[\"https:\\\/\\\/wolfinger.at\\\/daemmen\\\/produkte\\\/daemmstoffe\\\/wolfinger-zellulosedaemmung\\\/\"]}]},{\"@type\":\"ImageObject\",\"inLanguage\":\"de\",\"@id\":\"https:\\\/\\\/wolfinger.at\\\/daemmen\\\/produkte\\\/daemmstoffe\\\/wolfinger-zellulosedaemmung\\\/#primaryimage\",\"url\":\"https:\\\/\\\/wolfinger.at\\\/daemmen\\\/wp-content\\\/uploads\\\/2026\\\/01\\\/Baubook.svg\",\"contentUrl\":\"https:\\\/\\\/wolfinger.at\\\/daemmen\\\/wp-content\\\/uploads\\\/2026\\\/01\\\/Baubook.svg\",\"width\":160,\"height\":36},{\"@type\":\"BreadcrumbList\",\"@id\":\"https:\\\/\\\/wolfinger.at\\\/daemmen\\\/produkte\\\/daemmstoffe\\\/wolfinger-zellulosedaemmung\\\/#breadcrumb\",\"itemListElement\":[{\"@type\":\"ListItem\",\"position\":1,\"name\":\"Startseite\",\"item\":\"https:\\\/\\\/wolfinger.at\\\/daemmen\\\/\"},{\"@type\":\"ListItem\",\"position\":2,\"name\":\"Produkte\",\"item\":\"https:\\\/\\\/wolfinger.at\\\/daemmen\\\/produkte\\\/\"},{\"@type\":\"ListItem\",\"position\":3,\"name\":\"D\u00e4mmstoffe\",\"item\":\"https:\\\/\\\/wolfinger.at\\\/daemmen\\\/produkte\\\/daemmstoffe\\\/\"},{\"@type\":\"ListItem\",\"position\":4,\"name\":\"Wolfinger Zellulosed\u00e4mmung\"}]},{\"@type\":\"WebSite\",\"@id\":\"https:\\\/\\\/wolfinger.at\\\/daemmen\\\/#website\",\"url\":\"https:\\\/\\\/wolfinger.at\\\/daemmen\\\/\",\"name\":\"Wolfinger Zellulosed\u00e4mmung\",\"description\":\"Zellulosed\u00e4mmung\",\"publisher\":{\"@id\":\"https:\\\/\\\/wolfinger.at\\\/daemmen\\\/#organization\"},\"potentialAction\":[{\"@type\":\"SearchAction\",\"target\":{\"@type\":\"EntryPoint\",\"urlTemplate\":\"https:\\\/\\\/wolfinger.at\\\/daemmen\\\/?s={search_term_string}\"},\"query-input\":{\"@type\":\"PropertyValueSpecification\",\"valueRequired\":true,\"valueName\":\"search_term_string\"}}],\"inLanguage\":\"de\"},{\"@type\":\"Organization\",\"@id\":\"https:\\\/\\\/wolfinger.at\\\/daemmen\\\/#organization\",\"name\":\"Wolfinger GmbH\",\"url\":\"https:\\\/\\\/wolfinger.at\\\/daemmen\\\/\",\"logo\":{\"@type\":\"ImageObject\",\"inLanguage\":\"de\",\"@id\":\"https:\\\/\\\/wolfinger.at\\\/daemmen\\\/#\\\/schema\\\/logo\\\/image\\\/\",\"url\":\"https:\\\/\\\/wolfinger.at\\\/daemmen\\\/wp-content\\\/uploads\\\/2024\\\/03\\\/wolfinger_fav_144.png\",\"contentUrl\":\"https:\\\/\\\/wolfinger.at\\\/daemmen\\\/wp-content\\\/uploads\\\/2024\\\/03\\\/wolfinger_fav_144.png\",\"width\":1633,\"height\":1632,\"caption\":\"Wolfinger GmbH\"},\"image\":{\"@id\":\"https:\\\/\\\/wolfinger.at\\\/daemmen\\\/#\\\/schema\\\/logo\\\/image\\\/\"}}]}<\/script>\n<!-- \/ Yoast SEO plugin. -->","yoast_head_json":{"title":"Wolfinger Zellulosed\u00e4mmung - WOLFINGER","description":"Zellulosed\u00e4mmstoff produziert in \u00d6sterreich. Nachhaltig, nat\u00fcrlich, behaglich","robots":{"index":"index","follow":"follow","max-snippet":"max-snippet:-1","max-image-preview":"max-image-preview:large","max-video-preview":"max-video-preview:-1"},"canonical":"https:\/\/wolfinger.at\/daemmen\/produkte\/daemmstoffe\/wolfinger-zellulosedaemmung\/","og_locale":"de_DE","og_type":"article","og_title":"Wolfinger Zellulosed\u00e4mmung - WOLFINGER","og_description":"Zellulosed\u00e4mmstoff produziert in \u00d6sterreich. Nachhaltig, nat\u00fcrlich, behaglich","og_url":"https:\/\/wolfinger.at\/daemmen\/produkte\/daemmstoffe\/wolfinger-zellulosedaemmung\/","og_site_name":"WOLFINGER","article_modified_time":"2026-01-15T12:40:27+00:00","og_image":[{"url":"https:\/\/wolfinger.at\/daemmen\/wp-content\/uploads\/2026\/01\/Baubook.svg","type":"","width":"","height":""}],"twitter_card":"summary_large_image","twitter_misc":{"Gesch\u00e4tzte Lesezeit":"2\u00a0Minuten"},"schema":{"@context":"https:\/\/schema.org","@graph":[{"@type":"WebPage","@id":"https:\/\/wolfinger.at\/daemmen\/produkte\/daemmstoffe\/wolfinger-zellulosedaemmung\/","url":"https:\/\/wolfinger.at\/daemmen\/produkte\/daemmstoffe\/wolfinger-zellulosedaemmung\/","name":"Wolfinger Zellulosed\u00e4mmung - WOLFINGER","isPartOf":{"@id":"https:\/\/wolfinger.at\/daemmen\/#website"},"primaryImageOfPage":{"@id":"https:\/\/wolfinger.at\/daemmen\/produkte\/daemmstoffe\/wolfinger-zellulosedaemmung\/#primaryimage"},"image":{"@id":"https:\/\/wolfinger.at\/daemmen\/produkte\/daemmstoffe\/wolfinger-zellulosedaemmung\/#primaryimage"},"thumbnailUrl":"https:\/\/wolfinger.at\/daemmen\/wp-content\/uploads\/2026\/01\/Baubook.svg","datePublished":"2025-07-21T07:33:39+00:00","dateModified":"2026-01-15T12:40:27+00:00","description":"Zellulosed\u00e4mmstoff produziert in \u00d6sterreich. Nachhaltig, nat\u00fcrlich, behaglich","breadcrumb":{"@id":"https:\/\/wolfinger.at\/daemmen\/produkte\/daemmstoffe\/wolfinger-zellulosedaemmung\/#breadcrumb"},"inLanguage":"de","potentialAction":[{"@type":"ReadAction","target":["https:\/\/wolfinger.at\/daemmen\/produkte\/daemmstoffe\/wolfinger-zellulosedaemmung\/"]}]},{"@type":"ImageObject","inLanguage":"de","@id":"https:\/\/wolfinger.at\/daemmen\/produkte\/daemmstoffe\/wolfinger-zellulosedaemmung\/#primaryimage","url":"https:\/\/wolfinger.at\/daemmen\/wp-content\/uploads\/2026\/01\/Baubook.svg","contentUrl":"https:\/\/wolfinger.at\/daemmen\/wp-content\/uploads\/2026\/01\/Baubook.svg","width":160,"height":36},{"@type":"BreadcrumbList","@id":"https:\/\/wolfinger.at\/daemmen\/produkte\/daemmstoffe\/wolfinger-zellulosedaemmung\/#breadcrumb","itemListElement":[{"@type":"ListItem","position":1,"name":"Startseite","item":"https:\/\/wolfinger.at\/daemmen\/"},{"@type":"ListItem","position":2,"name":"Produkte","item":"https:\/\/wolfinger.at\/daemmen\/produkte\/"},{"@type":"ListItem","position":3,"name":"D\u00e4mmstoffe","item":"https:\/\/wolfinger.at\/daemmen\/produkte\/daemmstoffe\/"},{"@type":"ListItem","position":4,"name":"Wolfinger Zellulosed\u00e4mmung"}]},{"@type":"WebSite","@id":"https:\/\/wolfinger.at\/daemmen\/#website","url":"https:\/\/wolfinger.at\/daemmen\/","name":"Wolfinger Zellulosed\u00e4mmung","description":"Zellulosed\u00e4mmung","publisher":{"@id":"https:\/\/wolfinger.at\/daemmen\/#organization"},"potentialAction":[{"@type":"SearchAction","target":{"@type":"EntryPoint","urlTemplate":"https:\/\/wolfinger.at\/daemmen\/?s={search_term_string}"},"query-input":{"@type":"PropertyValueSpecification","valueRequired":true,"valueName":"search_term_string"}}],"inLanguage":"de"},{"@type":"Organization","@id":"https:\/\/wolfinger.at\/daemmen\/#organization","name":"Wolfinger GmbH","url":"https:\/\/wolfinger.at\/daemmen\/","logo":{"@type":"ImageObject","inLanguage":"de","@id":"https:\/\/wolfinger.at\/daemmen\/#\/schema\/logo\/image\/","url":"https:\/\/wolfinger.at\/daemmen\/wp-content\/uploads\/2024\/03\/wolfinger_fav_144.png","contentUrl":"https:\/\/wolfinger.at\/daemmen\/wp-content\/uploads\/2024\/03\/wolfinger_fav_144.png","width":1633,"height":1632,"caption":"Wolfinger GmbH"},"image":{"@id":"https:\/\/wolfinger.at\/daemmen\/#\/schema\/logo\/image\/"}}]}},"_links":{"self":[{"href":"https:\/\/wolfinger.at\/daemmen\/wp-json\/wp\/v2\/pages\/2757","targetHints":{"allow":["GET"]}}],"collection":[{"href":"https:\/\/wolfinger.at\/daemmen\/wp-json\/wp\/v2\/pages"}],"about":[{"href":"https:\/\/wolfinger.at\/daemmen\/wp-json\/wp\/v2\/types\/page"}],"author":[{"embeddable":true,"href":"https:\/\/wolfinger.at\/daemmen\/wp-json\/wp\/v2\/users\/12"}],"replies":[{"embeddable":true,"href":"https:\/\/wolfinger.at\/daemmen\/wp-json\/wp\/v2\/comments?post=2757"}],"version-history":[{"count":33,"href":"https:\/\/wolfinger.at\/daemmen\/wp-json\/wp\/v2\/pages\/2757\/revisions"}],"predecessor-version":[{"id":4092,"href":"https:\/\/wolfinger.at\/daemmen\/wp-json\/wp\/v2\/pages\/2757\/revisions\/4092"}],"up":[{"embeddable":true,"href":"https:\/\/wolfinger.at\/daemmen\/wp-json\/wp\/v2\/pages\/4182"}],"wp:attachment":[{"href":"https:\/\/wolfinger.at\/daemmen\/wp-json\/wp\/v2\/media?parent=2757"}],"curies":[{"name":"wp","href":"https:\/\/api.w.org\/{rel}","templated":true}]}}