{"id":1299,"date":"2018-03-12T19:12:32","date_gmt":"2018-03-12T19:12:32","guid":{"rendered":"http:\/\/wolfinger.at\/daemmen\/?page_id=1299"},"modified":"2026-02-11T12:58:51","modified_gmt":"2026-02-11T10:58:51","slug":"anwendungsbereiche","status":"publish","type":"page","link":"https:\/\/wolfinger.at\/daemmen\/zellulosedaemmung\/anwendungsbereiche\/","title":{"rendered":"Anwendungsbereiche"},"content":{"rendered":"\t\t<div data-elementor-type=\"wp-page\" data-elementor-id=\"1299\" class=\"elementor elementor-1299\" data-elementor-post-type=\"page\">\n\t\t\t\t<div class=\"elementor-element elementor-element-5efde8c e-flex e-con-boxed e-con e-parent\" data-id=\"5efde8c\" data-element_type=\"container\" data-e-type=\"container\">\n\t\t\t\t\t<div class=\"e-con-inner\">\n\t\t\t\t<div class=\"elementor-element elementor-element-c93ec8d elementor-widget elementor-widget-heading\" data-id=\"c93ec8d\" data-element_type=\"widget\" data-e-type=\"widget\" data-widget_type=\"heading.default\">\n\t\t\t\t\t<h1 class=\"elementor-heading-title elementor-size-default\">ANWENDUNGSBEREICHE<\/h1>\t\t\t\t<\/div>\n\t\t\t\t<div class=\"elementor-element elementor-element-5d89d69 elementor-widget elementor-widget-text-editor\" data-id=\"5d89d69\" data-element_type=\"widget\" data-e-type=\"widget\" data-widget_type=\"text-editor.default\">\n\t\t\t\t\t\t\t\t\t<p>Ob Neubau oder Sanierung, \u00fcberall dort wo W\u00e4rmed\u00e4mmung gefragt ist l\u00e4sst sich WOLFINGER ZELLULOSED\u00c4MMUNG\u00a0 bestens einsetzen.<\/p>\t\t\t\t\t\t\t\t<\/div>\n\t\t\t\t<div class=\"elementor-element elementor-element-8e3ad9e elementor-widget elementor-widget-image\" data-id=\"8e3ad9e\" data-element_type=\"widget\" data-e-type=\"widget\" data-widget_type=\"image.default\">\n\t\t\t\t\t\t\t\t\t\t\t\t\t\t\t<img fetchpriority=\"high\" decoding=\"async\" width=\"1153\" height=\"1350\" src=\"https:\/\/wolfinger.at\/daemmen\/wp-content\/uploads\/2018\/05\/Systemprodukte-Wolfinger_BS20180528.jpg\" class=\"attachment-full size-full wp-image-1722\" alt=\"\" srcset=\"https:\/\/wolfinger.at\/daemmen\/wp-content\/uploads\/2018\/05\/Systemprodukte-Wolfinger_BS20180528.jpg 1153w, https:\/\/wolfinger.at\/daemmen\/wp-content\/uploads\/2018\/05\/Systemprodukte-Wolfinger_BS20180528-256x300.jpg 256w, https:\/\/wolfinger.at\/daemmen\/wp-content\/uploads\/2018\/05\/Systemprodukte-Wolfinger_BS20180528-768x899.jpg 768w, https:\/\/wolfinger.at\/daemmen\/wp-content\/uploads\/2018\/05\/Systemprodukte-Wolfinger_BS20180528-875x1024.jpg 875w, https:\/\/wolfinger.at\/daemmen\/wp-content\/uploads\/2018\/05\/Systemprodukte-Wolfinger_BS20180528-600x703.jpg 600w\" sizes=\"(max-width: 1153px) 100vw, 1153px\" \/>\t\t\t\t\t\t\t\t\t\t\t\t\t\t\t<\/div>\n\t\t\t\t\t<\/div>\n\t\t\t\t<\/div>\n\t\t<div class=\"elementor-element elementor-element-ed87664 e-flex e-con-boxed e-con e-parent\" data-id=\"ed87664\" data-element_type=\"container\" data-e-type=\"container\">\n\t\t\t\t\t<div class=\"e-con-inner\">\n\t\t\t\t<div class=\"elementor-element elementor-element-34be76e elementor-widget elementor-widget-heading\" data-id=\"34be76e\" data-element_type=\"widget\" data-e-type=\"widget\" data-widget_type=\"heading.default\">\n\t\t\t\t\t<h2 class=\"elementor-heading-title elementor-size-default\">HIER EINIGE EINBAUSITUATIONEN<\/h2>\t\t\t\t<\/div>\n\t\t<div class=\"elementor-element elementor-element-70822c7 e-grid e-con-full e-con e-child\" data-id=\"70822c7\" data-element_type=\"container\" data-e-type=\"container\">\n\t\t<div class=\"elementor-element elementor-element-a0e5668 e-con-full e-flex e-con e-child\" data-id=\"a0e5668\" data-element_type=\"container\" data-e-type=\"container\">\n\t\t\t\t<div class=\"elementor-element elementor-element-a166431 elementor-widget elementor-widget-heading\" data-id=\"a166431\" data-element_type=\"widget\" data-e-type=\"widget\" data-widget_type=\"heading.default\">\n\t\t\t\t\t<h3 class=\"elementor-heading-title elementor-size-default\">DACH NEUBAU<\/h3>\t\t\t\t<\/div>\n\t\t\t\t<div class=\"elementor-element elementor-element-c745fe9 elementor-widget elementor-widget-image\" data-id=\"c745fe9\" data-element_type=\"widget\" data-e-type=\"widget\" data-widget_type=\"image.default\">\n\t\t\t\t\t\t\t\t\t\t\t\t\t\t\t<img decoding=\"async\" width=\"800\" height=\"582\" src=\"https:\/\/wolfinger.at\/daemmen\/wp-content\/uploads\/2018\/03\/WOLF_DachNeubau_930x676px.jpg\" class=\"attachment-large size-large wp-image-1128\" alt=\"\" srcset=\"https:\/\/wolfinger.at\/daemmen\/wp-content\/uploads\/2018\/03\/WOLF_DachNeubau_930x676px.jpg 930w, https:\/\/wolfinger.at\/daemmen\/wp-content\/uploads\/2018\/03\/WOLF_DachNeubau_930x676px-300x218.jpg 300w, https:\/\/wolfinger.at\/daemmen\/wp-content\/uploads\/2018\/03\/WOLF_DachNeubau_930x676px-768x558.jpg 768w, https:\/\/wolfinger.at\/daemmen\/wp-content\/uploads\/2018\/03\/WOLF_DachNeubau_930x676px-600x436.jpg 600w\" sizes=\"(max-width: 800px) 100vw, 800px\" \/>\t\t\t\t\t\t\t\t\t\t\t\t\t\t\t<\/div>\n\t\t\t\t<\/div>\n\t\t<div class=\"elementor-element elementor-element-1670530 e-con-full e-flex e-con e-child\" data-id=\"1670530\" data-element_type=\"container\" data-e-type=\"container\">\n\t\t\t\t<div class=\"elementor-element elementor-element-2522666 elementor-widget elementor-widget-heading\" data-id=\"2522666\" data-element_type=\"widget\" data-e-type=\"widget\" data-widget_type=\"heading.default\">\n\t\t\t\t\t<h3 class=\"elementor-heading-title elementor-size-default\">FUSSBODENAUFBAU<\/h3>\t\t\t\t<\/div>\n\t\t\t\t<div class=\"elementor-element elementor-element-dae7af9 elementor-widget elementor-widget-image\" data-id=\"dae7af9\" data-element_type=\"widget\" data-e-type=\"widget\" data-widget_type=\"image.default\">\n\t\t\t\t\t\t\t\t\t\t\t\t\t\t\t<img decoding=\"async\" width=\"800\" height=\"582\" src=\"https:\/\/wolfinger.at\/daemmen\/wp-content\/uploads\/2018\/03\/WOLF_Fussboden_930x676px.jpg\" class=\"attachment-large size-large wp-image-1132\" alt=\"\" srcset=\"https:\/\/wolfinger.at\/daemmen\/wp-content\/uploads\/2018\/03\/WOLF_Fussboden_930x676px.jpg 930w, https:\/\/wolfinger.at\/daemmen\/wp-content\/uploads\/2018\/03\/WOLF_Fussboden_930x676px-300x218.jpg 300w, https:\/\/wolfinger.at\/daemmen\/wp-content\/uploads\/2018\/03\/WOLF_Fussboden_930x676px-768x558.jpg 768w, https:\/\/wolfinger.at\/daemmen\/wp-content\/uploads\/2018\/03\/WOLF_Fussboden_930x676px-600x436.jpg 600w\" sizes=\"(max-width: 800px) 100vw, 800px\" \/>\t\t\t\t\t\t\t\t\t\t\t\t\t\t\t<\/div>\n\t\t\t\t<\/div>\n\t\t<div class=\"elementor-element elementor-element-045fcfe e-con-full e-flex e-con e-child\" data-id=\"045fcfe\" data-element_type=\"container\" data-e-type=\"container\">\n\t\t\t\t<div class=\"elementor-element elementor-element-902aa55 elementor-widget elementor-widget-heading\" data-id=\"902aa55\" data-element_type=\"widget\" data-e-type=\"widget\" data-widget_type=\"heading.default\">\n\t\t\t\t\t<h3 class=\"elementor-heading-title elementor-size-default\">AUSSENWAND HOLZRIEGELBAU<\/h3>\t\t\t\t<\/div>\n\t\t\t\t<div class=\"elementor-element elementor-element-5daa751 elementor-widget elementor-widget-image\" data-id=\"5daa751\" data-element_type=\"widget\" data-e-type=\"widget\" data-widget_type=\"image.default\">\n\t\t\t\t\t\t\t\t\t\t\t\t\t\t\t<img loading=\"lazy\" decoding=\"async\" width=\"800\" height=\"582\" src=\"https:\/\/wolfinger.at\/daemmen\/wp-content\/uploads\/2018\/03\/WOLF_AussenwandHolzriegelbau_930x676px.jpg\" class=\"attachment-large size-large wp-image-1126\" alt=\"\" srcset=\"https:\/\/wolfinger.at\/daemmen\/wp-content\/uploads\/2018\/03\/WOLF_AussenwandHolzriegelbau_930x676px.jpg 930w, https:\/\/wolfinger.at\/daemmen\/wp-content\/uploads\/2018\/03\/WOLF_AussenwandHolzriegelbau_930x676px-300x218.jpg 300w, https:\/\/wolfinger.at\/daemmen\/wp-content\/uploads\/2018\/03\/WOLF_AussenwandHolzriegelbau_930x676px-768x558.jpg 768w, https:\/\/wolfinger.at\/daemmen\/wp-content\/uploads\/2018\/03\/WOLF_AussenwandHolzriegelbau_930x676px-600x436.jpg 600w\" sizes=\"(max-width: 800px) 100vw, 800px\" \/>\t\t\t\t\t\t\t\t\t\t\t\t\t\t\t<\/div>\n\t\t\t\t<\/div>\n\t\t<div class=\"elementor-element elementor-element-63426ab e-con-full e-flex e-con e-child\" data-id=\"63426ab\" data-element_type=\"container\" data-e-type=\"container\">\n\t\t\t\t<div class=\"elementor-element elementor-element-8668024 elementor-widget elementor-widget-heading\" data-id=\"8668024\" data-element_type=\"widget\" data-e-type=\"widget\" data-widget_type=\"heading.default\">\n\t\t\t\t\t<h3 class=\"elementor-heading-title elementor-size-default\">AUSSENWANDD\u00c4MMUNG VOLLW\u00c4RMESCHUTZ<\/h3>\t\t\t\t<\/div>\n\t\t\t\t<div class=\"elementor-element elementor-element-cfce0ab elementor-widget elementor-widget-image\" data-id=\"cfce0ab\" data-element_type=\"widget\" data-e-type=\"widget\" data-widget_type=\"image.default\">\n\t\t\t\t\t\t\t\t\t\t\t\t\t\t\t<img loading=\"lazy\" decoding=\"async\" width=\"800\" height=\"582\" src=\"https:\/\/wolfinger.at\/daemmen\/wp-content\/uploads\/2018\/03\/WOLF_AussenwandVollwaermeschutz_930x676px.jpg\" class=\"attachment-large size-large wp-image-1127\" alt=\"\" srcset=\"https:\/\/wolfinger.at\/daemmen\/wp-content\/uploads\/2018\/03\/WOLF_AussenwandVollwaermeschutz_930x676px.jpg 930w, https:\/\/wolfinger.at\/daemmen\/wp-content\/uploads\/2018\/03\/WOLF_AussenwandVollwaermeschutz_930x676px-300x218.jpg 300w, https:\/\/wolfinger.at\/daemmen\/wp-content\/uploads\/2018\/03\/WOLF_AussenwandVollwaermeschutz_930x676px-768x558.jpg 768w, https:\/\/wolfinger.at\/daemmen\/wp-content\/uploads\/2018\/03\/WOLF_AussenwandVollwaermeschutz_930x676px-600x436.jpg 600w\" sizes=\"(max-width: 800px) 100vw, 800px\" \/>\t\t\t\t\t\t\t\t\t\t\t\t\t\t\t<\/div>\n\t\t\t\t<\/div>\n\t\t\t\t<\/div>\n\t\t\t\t\t<\/div>\n\t\t\t\t<\/div>\n\t\t<div class=\"elementor-element elementor-element-d088ea0 e-flex e-con-boxed e-con e-parent\" data-id=\"d088ea0\" data-element_type=\"container\" data-e-type=\"container\">\n\t\t\t\t\t<div class=\"e-con-inner\">\n\t\t\t\t<div class=\"elementor-element elementor-element-9e12f83 elementor-widget elementor-widget-heading\" data-id=\"9e12f83\" data-element_type=\"widget\" data-e-type=\"widget\" data-widget_type=\"heading.default\">\n\t\t\t\t\t<h2 class=\"elementor-heading-title elementor-size-default\">SANIERUNG<\/h2>\t\t\t\t<\/div>\n\t\t<div class=\"elementor-element elementor-element-d6bbbc5 e-grid e-con-full e-con e-child\" data-id=\"d6bbbc5\" data-element_type=\"container\" data-e-type=\"container\">\n\t\t<div class=\"elementor-element elementor-element-9be93fc e-con-full e-flex e-con e-child\" data-id=\"9be93fc\" data-element_type=\"container\" data-e-type=\"container\">\n\t\t\t\t<div class=\"elementor-element elementor-element-2cf7bbc elementor-widget elementor-widget-heading\" data-id=\"2cf7bbc\" data-element_type=\"widget\" data-e-type=\"widget\" data-widget_type=\"heading.default\">\n\t\t\t\t\t<h3 class=\"elementor-heading-title elementor-size-default\">D\u00c4MMUNG ALTDACH<\/h3>\t\t\t\t<\/div>\n\t\t\t\t<div class=\"elementor-element elementor-element-065909c elementor-widget elementor-widget-image\" data-id=\"065909c\" data-element_type=\"widget\" data-e-type=\"widget\" data-widget_type=\"image.default\">\n\t\t\t\t\t\t\t\t\t\t\t\t\t\t\t<img loading=\"lazy\" decoding=\"async\" width=\"800\" height=\"582\" src=\"https:\/\/wolfinger.at\/daemmen\/wp-content\/uploads\/2018\/03\/WOLF_DachSanierung_930x676px.jpg\" class=\"attachment-large size-large wp-image-1129\" alt=\"\" srcset=\"https:\/\/wolfinger.at\/daemmen\/wp-content\/uploads\/2018\/03\/WOLF_DachSanierung_930x676px.jpg 930w, https:\/\/wolfinger.at\/daemmen\/wp-content\/uploads\/2018\/03\/WOLF_DachSanierung_930x676px-300x218.jpg 300w, https:\/\/wolfinger.at\/daemmen\/wp-content\/uploads\/2018\/03\/WOLF_DachSanierung_930x676px-768x558.jpg 768w, https:\/\/wolfinger.at\/daemmen\/wp-content\/uploads\/2018\/03\/WOLF_DachSanierung_930x676px-600x436.jpg 600w\" sizes=\"(max-width: 800px) 100vw, 800px\" \/>\t\t\t\t\t\t\t\t\t\t\t\t\t\t\t<\/div>\n\t\t\t\t<\/div>\n\t\t<div class=\"elementor-element elementor-element-d7953ed e-con-full e-flex e-con e-child\" data-id=\"d7953ed\" data-element_type=\"container\" data-e-type=\"container\">\n\t\t\t\t<div class=\"elementor-element elementor-element-11566b2 elementor-widget elementor-widget-heading\" data-id=\"11566b2\" data-element_type=\"widget\" data-e-type=\"widget\" data-widget_type=\"heading.default\">\n\t\t\t\t\t<h3 class=\"elementor-heading-title elementor-size-default\">DACHBODENDECKE ALTDACH<\/h3>\t\t\t\t<\/div>\n\t\t\t\t<div class=\"elementor-element elementor-element-be2505e elementor-widget elementor-widget-image\" data-id=\"be2505e\" data-element_type=\"widget\" data-e-type=\"widget\" data-widget_type=\"image.default\">\n\t\t\t\t\t\t\t\t\t\t\t\t\t\t\t<img loading=\"lazy\" decoding=\"async\" width=\"800\" height=\"582\" src=\"https:\/\/wolfinger.at\/daemmen\/wp-content\/uploads\/2018\/03\/WOLF_Decke_930x676px.jpg\" class=\"attachment-large size-large wp-image-1130\" alt=\"\" srcset=\"https:\/\/wolfinger.at\/daemmen\/wp-content\/uploads\/2018\/03\/WOLF_Decke_930x676px.jpg 930w, https:\/\/wolfinger.at\/daemmen\/wp-content\/uploads\/2018\/03\/WOLF_Decke_930x676px-300x218.jpg 300w, https:\/\/wolfinger.at\/daemmen\/wp-content\/uploads\/2018\/03\/WOLF_Decke_930x676px-768x558.jpg 768w, https:\/\/wolfinger.at\/daemmen\/wp-content\/uploads\/2018\/03\/WOLF_Decke_930x676px-600x436.jpg 600w\" sizes=\"(max-width: 800px) 100vw, 800px\" \/>\t\t\t\t\t\t\t\t\t\t\t\t\t\t\t<\/div>\n\t\t\t\t<\/div>\n\t\t\t\t<\/div>\n\t\t\t\t\t<\/div>\n\t\t\t\t<\/div>\n\t\t\t\t<\/div>\n\t\t","protected":false},"excerpt":{"rendered":"<p>ANWENDUNGSBEREICHE Ob Neubau oder Sanierung, \u00fcberall dort wo W\u00e4rmed\u00e4mmung gefragt ist l\u00e4sst sich WOLFINGER ZELLULOSED\u00c4MMUNG\u00a0 bestens einsetzen. HIER EINIGE EINBAUSITUATIONEN DACH NEUBAU FUSSBODENAUFBAU AUSSENWAND HOLZRIEGELBAU AUSSENWANDD\u00c4MMUNG VOLLW\u00c4RMESCHUTZ SANIERUNG D\u00c4MMUNG ALTDACH DACHBODENDECKE ALTDACH<\/p>\n","protected":false},"author":5,"featured_media":0,"parent":1165,"menu_order":0,"comment_status":"closed","ping_status":"closed","template":"","meta":{"footnotes":""},"class_list":["post-1299","page","type-page","status-publish","hentry"],"yoast_head":"<!-- This site is optimized with the Yoast SEO plugin v27.5 - https:\/\/yoast.com\/product\/yoast-seo-wordpress\/ -->\n<title>Anwendungsbereiche - WOLFINGER<\/title>\n<meta name=\"robots\" content=\"index, follow, max-snippet:-1, max-image-preview:large, max-video-preview:-1\" \/>\n<link rel=\"canonical\" href=\"https:\/\/wolfinger.at\/daemmen\/zellulosedaemmung\/anwendungsbereiche\/\" \/>\n<meta property=\"og:locale\" content=\"de_DE\" \/>\n<meta property=\"og:type\" content=\"article\" \/>\n<meta property=\"og:title\" content=\"Anwendungsbereiche - WOLFINGER\" \/>\n<meta property=\"og:description\" content=\"ANWENDUNGSBEREICHE Ob Neubau oder Sanierung, \u00fcberall dort wo W\u00e4rmed\u00e4mmung gefragt ist l\u00e4sst sich WOLFINGER ZELLULOSED\u00c4MMUNG\u00a0 bestens einsetzen. HIER EINIGE EINBAUSITUATIONEN DACH NEUBAU FUSSBODENAUFBAU AUSSENWAND HOLZRIEGELBAU AUSSENWANDD\u00c4MMUNG VOLLW\u00c4RMESCHUTZ SANIERUNG D\u00c4MMUNG ALTDACH DACHBODENDECKE ALTDACH\" \/>\n<meta property=\"og:url\" content=\"https:\/\/wolfinger.at\/daemmen\/zellulosedaemmung\/anwendungsbereiche\/\" \/>\n<meta property=\"og:site_name\" content=\"WOLFINGER\" \/>\n<meta property=\"article:modified_time\" content=\"2026-02-11T10:58:51+00:00\" \/>\n<meta property=\"og:image\" content=\"https:\/\/wolfinger.at\/daemmen\/wp-content\/uploads\/2018\/05\/Systemprodukte-Wolfinger_BS20180528.jpg\" \/>\n\t<meta property=\"og:image:width\" content=\"1153\" \/>\n\t<meta property=\"og:image:height\" content=\"1350\" \/>\n\t<meta property=\"og:image:type\" content=\"image\/jpeg\" \/>\n<meta name=\"twitter:card\" content=\"summary_large_image\" \/>\n<meta name=\"twitter:label1\" content=\"Gesch\u00e4tzte Lesezeit\" \/>\n\t<meta name=\"twitter:data1\" content=\"1\u00a0Minute\" \/>\n<script type=\"application\/ld+json\" class=\"yoast-schema-graph\">{\"@context\":\"https:\\\/\\\/schema.org\",\"@graph\":[{\"@type\":\"WebPage\",\"@id\":\"https:\\\/\\\/wolfinger.at\\\/daemmen\\\/zellulosedaemmung\\\/anwendungsbereiche\\\/\",\"url\":\"https:\\\/\\\/wolfinger.at\\\/daemmen\\\/zellulosedaemmung\\\/anwendungsbereiche\\\/\",\"name\":\"Anwendungsbereiche - WOLFINGER\",\"isPartOf\":{\"@id\":\"https:\\\/\\\/wolfinger.at\\\/daemmen\\\/#website\"},\"primaryImageOfPage\":{\"@id\":\"https:\\\/\\\/wolfinger.at\\\/daemmen\\\/zellulosedaemmung\\\/anwendungsbereiche\\\/#primaryimage\"},\"image\":{\"@id\":\"https:\\\/\\\/wolfinger.at\\\/daemmen\\\/zellulosedaemmung\\\/anwendungsbereiche\\\/#primaryimage\"},\"thumbnailUrl\":\"https:\\\/\\\/wolfinger.at\\\/daemmen\\\/wp-content\\\/uploads\\\/2018\\\/05\\\/Systemprodukte-Wolfinger_BS20180528.jpg\",\"datePublished\":\"2018-03-12T19:12:32+00:00\",\"dateModified\":\"2026-02-11T10:58:51+00:00\",\"breadcrumb\":{\"@id\":\"https:\\\/\\\/wolfinger.at\\\/daemmen\\\/zellulosedaemmung\\\/anwendungsbereiche\\\/#breadcrumb\"},\"inLanguage\":\"de\",\"potentialAction\":[{\"@type\":\"ReadAction\",\"target\":[\"https:\\\/\\\/wolfinger.at\\\/daemmen\\\/zellulosedaemmung\\\/anwendungsbereiche\\\/\"]}]},{\"@type\":\"ImageObject\",\"inLanguage\":\"de\",\"@id\":\"https:\\\/\\\/wolfinger.at\\\/daemmen\\\/zellulosedaemmung\\\/anwendungsbereiche\\\/#primaryimage\",\"url\":\"https:\\\/\\\/wolfinger.at\\\/daemmen\\\/wp-content\\\/uploads\\\/2018\\\/05\\\/Systemprodukte-Wolfinger_BS20180528.jpg\",\"contentUrl\":\"https:\\\/\\\/wolfinger.at\\\/daemmen\\\/wp-content\\\/uploads\\\/2018\\\/05\\\/Systemprodukte-Wolfinger_BS20180528.jpg\",\"width\":1153,\"height\":1350},{\"@type\":\"BreadcrumbList\",\"@id\":\"https:\\\/\\\/wolfinger.at\\\/daemmen\\\/zellulosedaemmung\\\/anwendungsbereiche\\\/#breadcrumb\",\"itemListElement\":[{\"@type\":\"ListItem\",\"position\":1,\"name\":\"Startseite\",\"item\":\"https:\\\/\\\/wolfinger.at\\\/daemmen\\\/\"},{\"@type\":\"ListItem\",\"position\":2,\"name\":\"Zellulosed\u00e4mmung\",\"item\":\"https:\\\/\\\/wolfinger.at\\\/daemmen\\\/zellulosedaemmung\\\/\"},{\"@type\":\"ListItem\",\"position\":3,\"name\":\"Anwendungsbereiche\"}]},{\"@type\":\"WebSite\",\"@id\":\"https:\\\/\\\/wolfinger.at\\\/daemmen\\\/#website\",\"url\":\"https:\\\/\\\/wolfinger.at\\\/daemmen\\\/\",\"name\":\"Wolfinger Zellulosed\u00e4mmung\",\"description\":\"Zellulosed\u00e4mmung\",\"publisher\":{\"@id\":\"https:\\\/\\\/wolfinger.at\\\/daemmen\\\/#organization\"},\"potentialAction\":[{\"@type\":\"SearchAction\",\"target\":{\"@type\":\"EntryPoint\",\"urlTemplate\":\"https:\\\/\\\/wolfinger.at\\\/daemmen\\\/?s={search_term_string}\"},\"query-input\":{\"@type\":\"PropertyValueSpecification\",\"valueRequired\":true,\"valueName\":\"search_term_string\"}}],\"inLanguage\":\"de\"},{\"@type\":\"Organization\",\"@id\":\"https:\\\/\\\/wolfinger.at\\\/daemmen\\\/#organization\",\"name\":\"Wolfinger GmbH\",\"url\":\"https:\\\/\\\/wolfinger.at\\\/daemmen\\\/\",\"logo\":{\"@type\":\"ImageObject\",\"inLanguage\":\"de\",\"@id\":\"https:\\\/\\\/wolfinger.at\\\/daemmen\\\/#\\\/schema\\\/logo\\\/image\\\/\",\"url\":\"https:\\\/\\\/wolfinger.at\\\/daemmen\\\/wp-content\\\/uploads\\\/2024\\\/03\\\/wolfinger_fav_144.png\",\"contentUrl\":\"https:\\\/\\\/wolfinger.at\\\/daemmen\\\/wp-content\\\/uploads\\\/2024\\\/03\\\/wolfinger_fav_144.png\",\"width\":1633,\"height\":1632,\"caption\":\"Wolfinger GmbH\"},\"image\":{\"@id\":\"https:\\\/\\\/wolfinger.at\\\/daemmen\\\/#\\\/schema\\\/logo\\\/image\\\/\"}}]}<\/script>\n<!-- \/ Yoast SEO plugin. -->","yoast_head_json":{"title":"Anwendungsbereiche - WOLFINGER","robots":{"index":"index","follow":"follow","max-snippet":"max-snippet:-1","max-image-preview":"max-image-preview:large","max-video-preview":"max-video-preview:-1"},"canonical":"https:\/\/wolfinger.at\/daemmen\/zellulosedaemmung\/anwendungsbereiche\/","og_locale":"de_DE","og_type":"article","og_title":"Anwendungsbereiche - WOLFINGER","og_description":"ANWENDUNGSBEREICHE Ob Neubau oder Sanierung, \u00fcberall dort wo W\u00e4rmed\u00e4mmung gefragt ist l\u00e4sst sich WOLFINGER ZELLULOSED\u00c4MMUNG\u00a0 bestens einsetzen. HIER EINIGE EINBAUSITUATIONEN DACH NEUBAU FUSSBODENAUFBAU AUSSENWAND HOLZRIEGELBAU AUSSENWANDD\u00c4MMUNG VOLLW\u00c4RMESCHUTZ SANIERUNG D\u00c4MMUNG ALTDACH DACHBODENDECKE ALTDACH","og_url":"https:\/\/wolfinger.at\/daemmen\/zellulosedaemmung\/anwendungsbereiche\/","og_site_name":"WOLFINGER","article_modified_time":"2026-02-11T10:58:51+00:00","og_image":[{"width":1153,"height":1350,"url":"https:\/\/wolfinger.at\/daemmen\/wp-content\/uploads\/2018\/05\/Systemprodukte-Wolfinger_BS20180528.jpg","type":"image\/jpeg"}],"twitter_card":"summary_large_image","twitter_misc":{"Gesch\u00e4tzte Lesezeit":"1\u00a0Minute"},"schema":{"@context":"https:\/\/schema.org","@graph":[{"@type":"WebPage","@id":"https:\/\/wolfinger.at\/daemmen\/zellulosedaemmung\/anwendungsbereiche\/","url":"https:\/\/wolfinger.at\/daemmen\/zellulosedaemmung\/anwendungsbereiche\/","name":"Anwendungsbereiche - WOLFINGER","isPartOf":{"@id":"https:\/\/wolfinger.at\/daemmen\/#website"},"primaryImageOfPage":{"@id":"https:\/\/wolfinger.at\/daemmen\/zellulosedaemmung\/anwendungsbereiche\/#primaryimage"},"image":{"@id":"https:\/\/wolfinger.at\/daemmen\/zellulosedaemmung\/anwendungsbereiche\/#primaryimage"},"thumbnailUrl":"https:\/\/wolfinger.at\/daemmen\/wp-content\/uploads\/2018\/05\/Systemprodukte-Wolfinger_BS20180528.jpg","datePublished":"2018-03-12T19:12:32+00:00","dateModified":"2026-02-11T10:58:51+00:00","breadcrumb":{"@id":"https:\/\/wolfinger.at\/daemmen\/zellulosedaemmung\/anwendungsbereiche\/#breadcrumb"},"inLanguage":"de","potentialAction":[{"@type":"ReadAction","target":["https:\/\/wolfinger.at\/daemmen\/zellulosedaemmung\/anwendungsbereiche\/"]}]},{"@type":"ImageObject","inLanguage":"de","@id":"https:\/\/wolfinger.at\/daemmen\/zellulosedaemmung\/anwendungsbereiche\/#primaryimage","url":"https:\/\/wolfinger.at\/daemmen\/wp-content\/uploads\/2018\/05\/Systemprodukte-Wolfinger_BS20180528.jpg","contentUrl":"https:\/\/wolfinger.at\/daemmen\/wp-content\/uploads\/2018\/05\/Systemprodukte-Wolfinger_BS20180528.jpg","width":1153,"height":1350},{"@type":"BreadcrumbList","@id":"https:\/\/wolfinger.at\/daemmen\/zellulosedaemmung\/anwendungsbereiche\/#breadcrumb","itemListElement":[{"@type":"ListItem","position":1,"name":"Startseite","item":"https:\/\/wolfinger.at\/daemmen\/"},{"@type":"ListItem","position":2,"name":"Zellulosed\u00e4mmung","item":"https:\/\/wolfinger.at\/daemmen\/zellulosedaemmung\/"},{"@type":"ListItem","position":3,"name":"Anwendungsbereiche"}]},{"@type":"WebSite","@id":"https:\/\/wolfinger.at\/daemmen\/#website","url":"https:\/\/wolfinger.at\/daemmen\/","name":"Wolfinger Zellulosed\u00e4mmung","description":"Zellulosed\u00e4mmung","publisher":{"@id":"https:\/\/wolfinger.at\/daemmen\/#organization"},"potentialAction":[{"@type":"SearchAction","target":{"@type":"EntryPoint","urlTemplate":"https:\/\/wolfinger.at\/daemmen\/?s={search_term_string}"},"query-input":{"@type":"PropertyValueSpecification","valueRequired":true,"valueName":"search_term_string"}}],"inLanguage":"de"},{"@type":"Organization","@id":"https:\/\/wolfinger.at\/daemmen\/#organization","name":"Wolfinger GmbH","url":"https:\/\/wolfinger.at\/daemmen\/","logo":{"@type":"ImageObject","inLanguage":"de","@id":"https:\/\/wolfinger.at\/daemmen\/#\/schema\/logo\/image\/","url":"https:\/\/wolfinger.at\/daemmen\/wp-content\/uploads\/2024\/03\/wolfinger_fav_144.png","contentUrl":"https:\/\/wolfinger.at\/daemmen\/wp-content\/uploads\/2024\/03\/wolfinger_fav_144.png","width":1633,"height":1632,"caption":"Wolfinger GmbH"},"image":{"@id":"https:\/\/wolfinger.at\/daemmen\/#\/schema\/logo\/image\/"}}]}},"_links":{"self":[{"href":"https:\/\/wolfinger.at\/daemmen\/wp-json\/wp\/v2\/pages\/1299","targetHints":{"allow":["GET"]}}],"collection":[{"href":"https:\/\/wolfinger.at\/daemmen\/wp-json\/wp\/v2\/pages"}],"about":[{"href":"https:\/\/wolfinger.at\/daemmen\/wp-json\/wp\/v2\/types\/page"}],"author":[{"embeddable":true,"href":"https:\/\/wolfinger.at\/daemmen\/wp-json\/wp\/v2\/users\/5"}],"replies":[{"embeddable":true,"href":"https:\/\/wolfinger.at\/daemmen\/wp-json\/wp\/v2\/comments?post=1299"}],"version-history":[{"count":20,"href":"https:\/\/wolfinger.at\/daemmen\/wp-json\/wp\/v2\/pages\/1299\/revisions"}],"predecessor-version":[{"id":5144,"href":"https:\/\/wolfinger.at\/daemmen\/wp-json\/wp\/v2\/pages\/1299\/revisions\/5144"}],"up":[{"embeddable":true,"href":"https:\/\/wolfinger.at\/daemmen\/wp-json\/wp\/v2\/pages\/1165"}],"wp:attachment":[{"href":"https:\/\/wolfinger.at\/daemmen\/wp-json\/wp\/v2\/media?parent=1299"}],"curies":[{"name":"wp","href":"https:\/\/api.w.org\/{rel}","templated":true}]}}