{"id":1285,"date":"2018-03-12T18:07:44","date_gmt":"2018-03-12T18:07:44","guid":{"rendered":"http:\/\/wolfinger.at\/daemmen\/?page_id=1285"},"modified":"2026-02-11T12:47:22","modified_gmt":"2026-02-11T10:47:22","slug":"gebaeudedichtheit","status":"publish","type":"page","link":"https:\/\/wolfinger.at\/daemmen\/gebaeudedichtheit\/","title":{"rendered":"Geb\u00e4udedichtheit"},"content":{"rendered":"\t\t<div data-elementor-type=\"wp-page\" data-elementor-id=\"1285\" class=\"elementor elementor-1285\" data-elementor-post-type=\"page\">\n\t\t\t\t<div class=\"elementor-element elementor-element-b4d82f7 e-flex e-con-boxed e-con e-parent\" data-id=\"b4d82f7\" data-element_type=\"container\" data-e-type=\"container\" data-settings=\"{&quot;background_background&quot;:&quot;classic&quot;}\">\n\t\t\t\t\t<div class=\"e-con-inner\">\n\t\t\t\t<div class=\"elementor-element elementor-element-ba65c6c elementor-widget elementor-widget-heading\" data-id=\"ba65c6c\" data-element_type=\"widget\" data-e-type=\"widget\" data-widget_type=\"heading.default\">\n\t\t\t\t\t<h1 class=\"elementor-heading-title elementor-size-default\">GEB\u00c4UDEDICHTHEIT<\/h1>\t\t\t\t<\/div>\n\t\t\t\t\t<\/div>\n\t\t\t\t<\/div>\n\t\t<div class=\"elementor-element elementor-element-fa70423 e-flex e-con-boxed e-con e-parent\" data-id=\"fa70423\" data-element_type=\"container\" data-e-type=\"container\">\n\t\t\t\t\t<div class=\"e-con-inner\">\n\t\t\t\t<div class=\"elementor-element elementor-element-ed754a5 elementor-widget elementor-widget-text-editor\" data-id=\"ed754a5\" data-element_type=\"widget\" data-e-type=\"widget\" data-widget_type=\"text-editor.default\">\n\t\t\t\t\t\t\t\t\t<h6 style=\"text-align: center;\"><strong><span class=\"wolf-head3\">LUFTDICHTHEIT IST EIN \u201cMUSS\u201d IM MODERNEN HOLZ- UND DACHAUSBAU!<\/span><\/strong><\/h6><p style=\"text-align: center;\">Die Bildung von sch\u00e4dlichem Kondensat wird durch die Geb\u00e4udedichtheit vermieden und eine erh\u00f6hte Energieeffizienz erreicht.<\/p>\t\t\t\t\t\t\t\t<\/div>\n\t\t\t\t\t<\/div>\n\t\t\t\t<\/div>\n\t\t<div class=\"elementor-element elementor-element-6e5e2b1 e-flex e-con-boxed e-con e-parent\" data-id=\"6e5e2b1\" data-element_type=\"container\" data-e-type=\"container\" data-settings=\"{&quot;background_background&quot;:&quot;classic&quot;}\">\n\t\t\t\t\t<div class=\"e-con-inner\">\n\t\t\t\t<div class=\"elementor-element elementor-element-f6c247e elementor-widget elementor-widget-heading\" data-id=\"f6c247e\" data-element_type=\"widget\" data-e-type=\"widget\" data-widget_type=\"heading.default\">\n\t\t\t\t\t<h2 class=\"elementor-heading-title elementor-size-default\">UNSER DICHTHEITSSYSTEM<\/h2>\t\t\t\t<\/div>\n\t\t\t\t<div class=\"elementor-element elementor-element-4c70be7 elementor-widget elementor-widget-text-editor\" data-id=\"4c70be7\" data-element_type=\"widget\" data-e-type=\"widget\" data-widget_type=\"text-editor.default\">\n\t\t\t\t\t\t\t\t\t<p>So verhindern Sie ein ausk\u00fchlen des Hauses und die Bildung von Kondensat\u2026<\/p>\t\t\t\t\t\t\t\t<\/div>\n\t\t\t\t<div class=\"elementor-element elementor-element-4b485ab elementor-widget elementor-widget-button\" data-id=\"4b485ab\" data-element_type=\"widget\" data-e-type=\"widget\" data-widget_type=\"button.default\">\n\t\t\t\t\t\t\t\t\t\t<a class=\"elementor-button elementor-button-link elementor-size-sm\" href=\"https:\/\/wolfinger.at\/daemmen\/dichtheitssystem\/\">\n\t\t\t\t\t\t<span class=\"elementor-button-content-wrapper\">\n\t\t\t\t\t\t\t\t\t<span class=\"elementor-button-text\">MEHR INFOS<\/span>\n\t\t\t\t\t<\/span>\n\t\t\t\t\t<\/a>\n\t\t\t\t\t\t\t\t<\/div>\n\t\t\t\t\t<\/div>\n\t\t\t\t<\/div>\n\t\t<div class=\"elementor-element elementor-element-2521845 e-grid e-con-boxed e-con e-parent\" data-id=\"2521845\" data-element_type=\"container\" data-e-type=\"container\">\n\t\t\t\t\t<div class=\"e-con-inner\">\n\t\t\t\t<div class=\"elementor-element elementor-element-e30c6de elementor-widget elementor-widget-image\" data-id=\"e30c6de\" data-element_type=\"widget\" data-e-type=\"widget\" data-widget_type=\"image.default\">\n\t\t\t\t\t\t\t\t\t\t\t\t\t\t\t<img fetchpriority=\"high\" decoding=\"async\" width=\"500\" height=\"309\" src=\"https:\/\/wolfinger.at\/daemmen\/wp-content\/uploads\/2018\/03\/ebhw-01.jpg\" class=\"attachment-large size-large wp-image-1269\" alt=\"\" srcset=\"https:\/\/wolfinger.at\/daemmen\/wp-content\/uploads\/2018\/03\/ebhw-01.jpg 500w, https:\/\/wolfinger.at\/daemmen\/wp-content\/uploads\/2018\/03\/ebhw-01-300x185.jpg 300w\" sizes=\"(max-width: 500px) 100vw, 500px\" \/>\t\t\t\t\t\t\t\t\t\t\t\t\t\t\t<\/div>\n\t\t<div class=\"elementor-element elementor-element-96502d8 e-con-full e-flex e-con e-child\" data-id=\"96502d8\" data-element_type=\"container\" data-e-type=\"container\">\n\t\t\t\t<div class=\"elementor-element elementor-element-7de969b elementor-widget elementor-widget-heading\" data-id=\"7de969b\" data-element_type=\"widget\" data-e-type=\"widget\" data-widget_type=\"heading.default\">\n\t\t\t\t\t<h3 class=\"elementor-heading-title elementor-size-default\">EINBAUHINWEISE DAMPFBREMSE<\/h3>\t\t\t\t<\/div>\n\t\t\t\t<div class=\"elementor-element elementor-element-c96e41c elementor-widget elementor-widget-text-editor\" data-id=\"c96e41c\" data-element_type=\"widget\" data-e-type=\"widget\" data-widget_type=\"text-editor.default\">\n\t\t\t\t\t\t\t\t\t<p>Eine Geb\u00e4uded\u00e4mmung funktioniert nur mit einer richtig montierten Dampfbremse.<br \/>Eine Dampfbremse ist nur richtig montiert wenn sie luftdicht \u2013 das hei\u00dft ohne L\u00f6cher, Risse und Spalten \u2013 ausgef\u00fchrt wird.<\/p>\t\t\t\t\t\t\t\t<\/div>\n\t\t\t\t<div class=\"elementor-element elementor-element-b5ec083 elementor-widget elementor-widget-button\" data-id=\"b5ec083\" data-element_type=\"widget\" data-e-type=\"widget\" data-widget_type=\"button.default\">\n\t\t\t\t\t\t\t\t\t\t<a class=\"elementor-button elementor-button-link elementor-size-sm\" href=\"https:\/\/wolfinger.at\/daemmen\/einbauhinweise-dampfbremse\/\">\n\t\t\t\t\t\t<span class=\"elementor-button-content-wrapper\">\n\t\t\t\t\t\t\t\t\t<span class=\"elementor-button-text\">MEHR DAZU<\/span>\n\t\t\t\t\t<\/span>\n\t\t\t\t\t<\/a>\n\t\t\t\t\t\t\t\t<\/div>\n\t\t\t\t<\/div>\n\t\t\t\t\t<\/div>\n\t\t\t\t<\/div>\n\t\t<div class=\"elementor-element elementor-element-c2c8317 e-flex e-con-boxed e-con e-parent\" data-id=\"c2c8317\" data-element_type=\"container\" data-e-type=\"container\" data-settings=\"{&quot;background_background&quot;:&quot;classic&quot;}\">\n\t\t\t\t\t<div class=\"e-con-inner\">\n\t\t\t\t<div class=\"elementor-element elementor-element-2cb2c1b elementor-widget elementor-widget-heading\" data-id=\"2cb2c1b\" data-element_type=\"widget\" data-e-type=\"widget\" data-widget_type=\"heading.default\">\n\t\t\t\t\t<h2 class=\"elementor-heading-title elementor-size-default\">BLOWERDOORPR\u00dcFUNG<\/h2>\t\t\t\t<\/div>\n\t\t\t\t<div class=\"elementor-element elementor-element-180adfe elementor-widget elementor-widget-text-editor\" data-id=\"180adfe\" data-element_type=\"widget\" data-e-type=\"widget\" data-widget_type=\"text-editor.default\">\n\t\t\t\t\t\t\t\t\t<p style=\"text-align: left;\"><span style=\"color: #000000;\"><strong>Zur Kontrolle der Luftdichtheit des Geb\u00e4udes<\/strong><\/span><\/p>\t\t\t\t\t\t\t\t<\/div>\n\t\t\t\t<div class=\"elementor-element elementor-element-5d91469 elementor-widget elementor-widget-button\" data-id=\"5d91469\" data-element_type=\"widget\" data-e-type=\"widget\" data-widget_type=\"button.default\">\n\t\t\t\t\t\t\t\t\t\t<a class=\"elementor-button elementor-button-link elementor-size-sm\" href=\"https:\/\/wolfinger.at\/daemmen\/blowerdoorpruefung\/\">\n\t\t\t\t\t\t<span class=\"elementor-button-content-wrapper\">\n\t\t\t\t\t\t\t\t\t<span class=\"elementor-button-text\">MEHR INFOS<\/span>\n\t\t\t\t\t<\/span>\n\t\t\t\t\t<\/a>\n\t\t\t\t\t\t\t\t<\/div>\n\t\t\t\t\t<\/div>\n\t\t\t\t<\/div>\n\t\t\t\t<\/div>\n\t\t","protected":false},"excerpt":{"rendered":"<p>GEB\u00c4UDEDICHTHEIT LUFTDICHTHEIT IST EIN \u201cMUSS\u201d IM MODERNEN HOLZ- UND DACHAUSBAU! Die Bildung von sch\u00e4dlichem Kondensat wird durch die Geb\u00e4udedichtheit vermieden und eine erh\u00f6hte Energieeffizienz erreicht. UNSER DICHTHEITSSYSTEM So verhindern Sie ein ausk\u00fchlen des Hauses und die Bildung von Kondensat\u2026 MEHR INFOS EINBAUHINWEISE DAMPFBREMSE Eine Geb\u00e4uded\u00e4mmung funktioniert nur mit einer richtig montierten Dampfbremse.Eine Dampfbremse ist nur [&hellip;]<\/p>\n","protected":false},"author":5,"featured_media":0,"parent":0,"menu_order":0,"comment_status":"closed","ping_status":"closed","template":"","meta":{"footnotes":""},"class_list":["post-1285","page","type-page","status-publish","hentry"],"yoast_head":"<!-- This site is optimized with the Yoast SEO plugin v27.4 - https:\/\/yoast.com\/product\/yoast-seo-wordpress\/ -->\n<title>Geb\u00e4udedichtheit - WOLFINGER<\/title>\n<meta name=\"robots\" content=\"index, follow, max-snippet:-1, max-image-preview:large, max-video-preview:-1\" \/>\n<link rel=\"canonical\" href=\"https:\/\/wolfinger.at\/daemmen\/gebaeudedichtheit\/\" \/>\n<meta property=\"og:locale\" content=\"de_DE\" \/>\n<meta property=\"og:type\" content=\"article\" \/>\n<meta property=\"og:title\" content=\"Geb\u00e4udedichtheit - WOLFINGER\" \/>\n<meta property=\"og:description\" content=\"GEB\u00c4UDEDICHTHEIT LUFTDICHTHEIT IST EIN \u201cMUSS\u201d IM MODERNEN HOLZ- UND DACHAUSBAU! Die Bildung von sch\u00e4dlichem Kondensat wird durch die Geb\u00e4udedichtheit vermieden und eine erh\u00f6hte Energieeffizienz erreicht. UNSER DICHTHEITSSYSTEM So verhindern Sie ein ausk\u00fchlen des Hauses und die Bildung von Kondensat\u2026 MEHR INFOS EINBAUHINWEISE DAMPFBREMSE Eine Geb\u00e4uded\u00e4mmung funktioniert nur mit einer richtig montierten Dampfbremse.Eine Dampfbremse ist nur [&hellip;]\" \/>\n<meta property=\"og:url\" content=\"https:\/\/wolfinger.at\/daemmen\/gebaeudedichtheit\/\" \/>\n<meta property=\"og:site_name\" content=\"WOLFINGER\" \/>\n<meta property=\"article:modified_time\" content=\"2026-02-11T10:47:22+00:00\" \/>\n<meta property=\"og:image\" content=\"https:\/\/wolfinger.at\/daemmen\/wp-content\/uploads\/2018\/03\/ebhw-01.jpg\" \/>\n\t<meta property=\"og:image:width\" content=\"500\" \/>\n\t<meta property=\"og:image:height\" content=\"309\" \/>\n\t<meta property=\"og:image:type\" content=\"image\/jpeg\" \/>\n<meta name=\"twitter:card\" content=\"summary_large_image\" \/>\n<meta name=\"twitter:label1\" content=\"Gesch\u00e4tzte Lesezeit\" \/>\n\t<meta name=\"twitter:data1\" content=\"1\u00a0Minute\" \/>\n<script type=\"application\/ld+json\" class=\"yoast-schema-graph\">{\"@context\":\"https:\\\/\\\/schema.org\",\"@graph\":[{\"@type\":\"WebPage\",\"@id\":\"https:\\\/\\\/wolfinger.at\\\/daemmen\\\/gebaeudedichtheit\\\/\",\"url\":\"https:\\\/\\\/wolfinger.at\\\/daemmen\\\/gebaeudedichtheit\\\/\",\"name\":\"Geb\u00e4udedichtheit - WOLFINGER\",\"isPartOf\":{\"@id\":\"https:\\\/\\\/wolfinger.at\\\/daemmen\\\/#website\"},\"primaryImageOfPage\":{\"@id\":\"https:\\\/\\\/wolfinger.at\\\/daemmen\\\/gebaeudedichtheit\\\/#primaryimage\"},\"image\":{\"@id\":\"https:\\\/\\\/wolfinger.at\\\/daemmen\\\/gebaeudedichtheit\\\/#primaryimage\"},\"thumbnailUrl\":\"https:\\\/\\\/wolfinger.at\\\/daemmen\\\/wp-content\\\/uploads\\\/2018\\\/03\\\/ebhw-01.jpg\",\"datePublished\":\"2018-03-12T18:07:44+00:00\",\"dateModified\":\"2026-02-11T10:47:22+00:00\",\"breadcrumb\":{\"@id\":\"https:\\\/\\\/wolfinger.at\\\/daemmen\\\/gebaeudedichtheit\\\/#breadcrumb\"},\"inLanguage\":\"de\",\"potentialAction\":[{\"@type\":\"ReadAction\",\"target\":[\"https:\\\/\\\/wolfinger.at\\\/daemmen\\\/gebaeudedichtheit\\\/\"]}]},{\"@type\":\"ImageObject\",\"inLanguage\":\"de\",\"@id\":\"https:\\\/\\\/wolfinger.at\\\/daemmen\\\/gebaeudedichtheit\\\/#primaryimage\",\"url\":\"https:\\\/\\\/wolfinger.at\\\/daemmen\\\/wp-content\\\/uploads\\\/2018\\\/03\\\/ebhw-01.jpg\",\"contentUrl\":\"https:\\\/\\\/wolfinger.at\\\/daemmen\\\/wp-content\\\/uploads\\\/2018\\\/03\\\/ebhw-01.jpg\",\"width\":500,\"height\":309},{\"@type\":\"BreadcrumbList\",\"@id\":\"https:\\\/\\\/wolfinger.at\\\/daemmen\\\/gebaeudedichtheit\\\/#breadcrumb\",\"itemListElement\":[{\"@type\":\"ListItem\",\"position\":1,\"name\":\"Startseite\",\"item\":\"https:\\\/\\\/wolfinger.at\\\/daemmen\\\/\"},{\"@type\":\"ListItem\",\"position\":2,\"name\":\"Geb\u00e4udedichtheit\"}]},{\"@type\":\"WebSite\",\"@id\":\"https:\\\/\\\/wolfinger.at\\\/daemmen\\\/#website\",\"url\":\"https:\\\/\\\/wolfinger.at\\\/daemmen\\\/\",\"name\":\"Wolfinger Zellulosed\u00e4mmung\",\"description\":\"Zellulosed\u00e4mmung\",\"publisher\":{\"@id\":\"https:\\\/\\\/wolfinger.at\\\/daemmen\\\/#organization\"},\"potentialAction\":[{\"@type\":\"SearchAction\",\"target\":{\"@type\":\"EntryPoint\",\"urlTemplate\":\"https:\\\/\\\/wolfinger.at\\\/daemmen\\\/?s={search_term_string}\"},\"query-input\":{\"@type\":\"PropertyValueSpecification\",\"valueRequired\":true,\"valueName\":\"search_term_string\"}}],\"inLanguage\":\"de\"},{\"@type\":\"Organization\",\"@id\":\"https:\\\/\\\/wolfinger.at\\\/daemmen\\\/#organization\",\"name\":\"Wolfinger GmbH\",\"url\":\"https:\\\/\\\/wolfinger.at\\\/daemmen\\\/\",\"logo\":{\"@type\":\"ImageObject\",\"inLanguage\":\"de\",\"@id\":\"https:\\\/\\\/wolfinger.at\\\/daemmen\\\/#\\\/schema\\\/logo\\\/image\\\/\",\"url\":\"https:\\\/\\\/wolfinger.at\\\/daemmen\\\/wp-content\\\/uploads\\\/2024\\\/03\\\/wolfinger_fav_144.png\",\"contentUrl\":\"https:\\\/\\\/wolfinger.at\\\/daemmen\\\/wp-content\\\/uploads\\\/2024\\\/03\\\/wolfinger_fav_144.png\",\"width\":1633,\"height\":1632,\"caption\":\"Wolfinger GmbH\"},\"image\":{\"@id\":\"https:\\\/\\\/wolfinger.at\\\/daemmen\\\/#\\\/schema\\\/logo\\\/image\\\/\"}}]}<\/script>\n<!-- \/ Yoast SEO plugin. -->","yoast_head_json":{"title":"Geb\u00e4udedichtheit - WOLFINGER","robots":{"index":"index","follow":"follow","max-snippet":"max-snippet:-1","max-image-preview":"max-image-preview:large","max-video-preview":"max-video-preview:-1"},"canonical":"https:\/\/wolfinger.at\/daemmen\/gebaeudedichtheit\/","og_locale":"de_DE","og_type":"article","og_title":"Geb\u00e4udedichtheit - WOLFINGER","og_description":"GEB\u00c4UDEDICHTHEIT LUFTDICHTHEIT IST EIN \u201cMUSS\u201d IM MODERNEN HOLZ- UND DACHAUSBAU! Die Bildung von sch\u00e4dlichem Kondensat wird durch die Geb\u00e4udedichtheit vermieden und eine erh\u00f6hte Energieeffizienz erreicht. UNSER DICHTHEITSSYSTEM So verhindern Sie ein ausk\u00fchlen des Hauses und die Bildung von Kondensat\u2026 MEHR INFOS EINBAUHINWEISE DAMPFBREMSE Eine Geb\u00e4uded\u00e4mmung funktioniert nur mit einer richtig montierten Dampfbremse.Eine Dampfbremse ist nur [&hellip;]","og_url":"https:\/\/wolfinger.at\/daemmen\/gebaeudedichtheit\/","og_site_name":"WOLFINGER","article_modified_time":"2026-02-11T10:47:22+00:00","og_image":[{"width":500,"height":309,"url":"https:\/\/wolfinger.at\/daemmen\/wp-content\/uploads\/2018\/03\/ebhw-01.jpg","type":"image\/jpeg"}],"twitter_card":"summary_large_image","twitter_misc":{"Gesch\u00e4tzte Lesezeit":"1\u00a0Minute"},"schema":{"@context":"https:\/\/schema.org","@graph":[{"@type":"WebPage","@id":"https:\/\/wolfinger.at\/daemmen\/gebaeudedichtheit\/","url":"https:\/\/wolfinger.at\/daemmen\/gebaeudedichtheit\/","name":"Geb\u00e4udedichtheit - WOLFINGER","isPartOf":{"@id":"https:\/\/wolfinger.at\/daemmen\/#website"},"primaryImageOfPage":{"@id":"https:\/\/wolfinger.at\/daemmen\/gebaeudedichtheit\/#primaryimage"},"image":{"@id":"https:\/\/wolfinger.at\/daemmen\/gebaeudedichtheit\/#primaryimage"},"thumbnailUrl":"https:\/\/wolfinger.at\/daemmen\/wp-content\/uploads\/2018\/03\/ebhw-01.jpg","datePublished":"2018-03-12T18:07:44+00:00","dateModified":"2026-02-11T10:47:22+00:00","breadcrumb":{"@id":"https:\/\/wolfinger.at\/daemmen\/gebaeudedichtheit\/#breadcrumb"},"inLanguage":"de","potentialAction":[{"@type":"ReadAction","target":["https:\/\/wolfinger.at\/daemmen\/gebaeudedichtheit\/"]}]},{"@type":"ImageObject","inLanguage":"de","@id":"https:\/\/wolfinger.at\/daemmen\/gebaeudedichtheit\/#primaryimage","url":"https:\/\/wolfinger.at\/daemmen\/wp-content\/uploads\/2018\/03\/ebhw-01.jpg","contentUrl":"https:\/\/wolfinger.at\/daemmen\/wp-content\/uploads\/2018\/03\/ebhw-01.jpg","width":500,"height":309},{"@type":"BreadcrumbList","@id":"https:\/\/wolfinger.at\/daemmen\/gebaeudedichtheit\/#breadcrumb","itemListElement":[{"@type":"ListItem","position":1,"name":"Startseite","item":"https:\/\/wolfinger.at\/daemmen\/"},{"@type":"ListItem","position":2,"name":"Geb\u00e4udedichtheit"}]},{"@type":"WebSite","@id":"https:\/\/wolfinger.at\/daemmen\/#website","url":"https:\/\/wolfinger.at\/daemmen\/","name":"Wolfinger Zellulosed\u00e4mmung","description":"Zellulosed\u00e4mmung","publisher":{"@id":"https:\/\/wolfinger.at\/daemmen\/#organization"},"potentialAction":[{"@type":"SearchAction","target":{"@type":"EntryPoint","urlTemplate":"https:\/\/wolfinger.at\/daemmen\/?s={search_term_string}"},"query-input":{"@type":"PropertyValueSpecification","valueRequired":true,"valueName":"search_term_string"}}],"inLanguage":"de"},{"@type":"Organization","@id":"https:\/\/wolfinger.at\/daemmen\/#organization","name":"Wolfinger GmbH","url":"https:\/\/wolfinger.at\/daemmen\/","logo":{"@type":"ImageObject","inLanguage":"de","@id":"https:\/\/wolfinger.at\/daemmen\/#\/schema\/logo\/image\/","url":"https:\/\/wolfinger.at\/daemmen\/wp-content\/uploads\/2024\/03\/wolfinger_fav_144.png","contentUrl":"https:\/\/wolfinger.at\/daemmen\/wp-content\/uploads\/2024\/03\/wolfinger_fav_144.png","width":1633,"height":1632,"caption":"Wolfinger GmbH"},"image":{"@id":"https:\/\/wolfinger.at\/daemmen\/#\/schema\/logo\/image\/"}}]}},"_links":{"self":[{"href":"https:\/\/wolfinger.at\/daemmen\/wp-json\/wp\/v2\/pages\/1285","targetHints":{"allow":["GET"]}}],"collection":[{"href":"https:\/\/wolfinger.at\/daemmen\/wp-json\/wp\/v2\/pages"}],"about":[{"href":"https:\/\/wolfinger.at\/daemmen\/wp-json\/wp\/v2\/types\/page"}],"author":[{"embeddable":true,"href":"https:\/\/wolfinger.at\/daemmen\/wp-json\/wp\/v2\/users\/5"}],"replies":[{"embeddable":true,"href":"https:\/\/wolfinger.at\/daemmen\/wp-json\/wp\/v2\/comments?post=1285"}],"version-history":[{"count":73,"href":"https:\/\/wolfinger.at\/daemmen\/wp-json\/wp\/v2\/pages\/1285\/revisions"}],"predecessor-version":[{"id":5098,"href":"https:\/\/wolfinger.at\/daemmen\/wp-json\/wp\/v2\/pages\/1285\/revisions\/5098"}],"wp:attachment":[{"href":"https:\/\/wolfinger.at\/daemmen\/wp-json\/wp\/v2\/media?parent=1285"}],"curies":[{"name":"wp","href":"https:\/\/api.w.org\/{rel}","templated":true}]}}