{"id":1258,"date":"2018-03-12T17:45:45","date_gmt":"2018-03-12T17:45:45","guid":{"rendered":"http:\/\/wolfinger.at\/daemmen\/?page_id=1258"},"modified":"2026-02-11T12:47:57","modified_gmt":"2026-02-11T10:47:57","slug":"blowerdoorpruefung","status":"publish","type":"page","link":"https:\/\/wolfinger.at\/daemmen\/gebaeudedichtheit\/blowerdoorpruefung\/","title":{"rendered":"Blowerdoorpr\u00fcfung"},"content":{"rendered":"\t\t<div data-elementor-type=\"wp-page\" data-elementor-id=\"1258\" class=\"elementor elementor-1258\" data-elementor-post-type=\"page\">\n\t\t\t\t<div class=\"elementor-element elementor-element-787f792 e-flex e-con-boxed e-con e-parent\" data-id=\"787f792\" data-element_type=\"container\" data-e-type=\"container\">\n\t\t\t\t\t<div class=\"e-con-inner\">\n\t\t\t\t<div class=\"elementor-element elementor-element-1bdafc7 elementor-widget elementor-widget-heading\" data-id=\"1bdafc7\" data-element_type=\"widget\" data-e-type=\"widget\" data-widget_type=\"heading.default\">\n\t\t\t\t\t<h1 class=\"elementor-heading-title elementor-size-default\">BLOWERDOORPR\u00dcFUNG<\/h1>\t\t\t\t<\/div>\n\t\t<div class=\"elementor-element elementor-element-26f160b e-con-full e-flex e-con e-child\" data-id=\"26f160b\" data-element_type=\"container\" data-e-type=\"container\">\n\t\t<div class=\"elementor-element elementor-element-0f6eec8 e-con-full e-flex e-con e-child\" data-id=\"0f6eec8\" data-element_type=\"container\" data-e-type=\"container\">\n\t\t\t\t<div class=\"elementor-element elementor-element-3469f25 elementor-widget elementor-widget-heading\" data-id=\"3469f25\" data-element_type=\"widget\" data-e-type=\"widget\" data-widget_type=\"heading.default\">\n\t\t\t\t\t<h3 class=\"elementor-heading-title elementor-size-default\">SO FUNKTIONIERT DIE BLOWERDOORMESSUNG<\/h3>\t\t\t\t<\/div>\n\t\t\t\t<div class=\"elementor-element elementor-element-5738d68 elementor-widget elementor-widget-text-editor\" data-id=\"5738d68\" data-element_type=\"widget\" data-e-type=\"widget\" data-widget_type=\"text-editor.default\">\n\t\t\t\t\t\t\t\t\t<p>Ein wesentlicher Faktor f\u00fcr ein gut funktionierendes Geb\u00e4ude mit geringem Energieverbrauch ist die\u00a0<b>luftdichte Ausf\u00fchrung<\/b>\u00a0der Geb\u00e4udeh\u00fclle.<\/p><p>Die Luftdichtheit des Geb\u00e4udes kann mit einer sogenannten\u00a0<b>Blowerdoormessung<\/b>\u00a0kontrolliert werden. Im Geb\u00e4ude wird Unterdruck oder \u00dcberdruck erzeugt, und die str\u00f6mende Luftmenge gemessen. Eventuelle Leckstellen des Geb\u00e4udes werden festgestellt und behoben.<\/p><p>F\u00fcr Niedrigenergie und Passivh\u00e4user, sowie f\u00fcr alle Bauten mit kontrollierter Wohnrauml\u00fcftung ist eine\u00a0<b>Blowerdoormessung ein absolutes Muss.<\/b><\/p>\t\t\t\t\t\t\t\t<\/div>\n\t\t\t\t<\/div>\n\t\t\t\t<div class=\"elementor-element elementor-element-9e4d8bb elementor-widget elementor-widget-image\" data-id=\"9e4d8bb\" data-element_type=\"widget\" data-e-type=\"widget\" data-widget_type=\"image.default\">\n\t\t\t\t\t\t\t\t\t\t\t\t\t\t\t<img decoding=\"async\" width=\"185\" height=\"250\" src=\"https:\/\/wolfinger.at\/daemmen\/wp-content\/uploads\/2018\/03\/blowerdoor1.jpg\" class=\"attachment-large size-large wp-image-1261\" alt=\"\" \/>\t\t\t\t\t\t\t\t\t\t\t\t\t\t\t<\/div>\n\t\t\t\t<\/div>\n\t\t\t\t<div class=\"elementor-element elementor-element-506a87b elementor-widget elementor-widget-heading\" data-id=\"506a87b\" data-element_type=\"widget\" data-e-type=\"widget\" data-widget_type=\"heading.default\">\n\t\t\t\t\t<h3 class=\"elementor-heading-title elementor-size-default\">VORBEREITUNGSLISTE BLOWERDOORPR\u00dcFUNG<\/h3>\t\t\t\t<\/div>\n\t\t\t\t<div class=\"elementor-element elementor-element-51269d5 elementor-position-inline-start elementor-view-default elementor-mobile-position-block-start elementor-widget elementor-widget-icon-box\" data-id=\"51269d5\" data-element_type=\"widget\" data-e-type=\"widget\" data-widget_type=\"icon-box.default\">\n\t\t\t\t\t\t\t<div class=\"elementor-icon-box-wrapper\">\n\n\t\t\t\t\t\t<div class=\"elementor-icon-box-icon\">\n\t\t\t\t<a href=\"https:\/\/downloads.wolfinger.at\/de\/Einbauhinweise\/Vorbereitungsliste%20Blowerdoor.pdf\" target=\"_blank\" class=\"elementor-icon\" tabindex=\"-1\" aria-label=\"Vorbereitungsliste BlowerDoor\">\n\t\t\t\t<svg aria-hidden=\"true\" class=\"e-font-icon-svg e-far-file-pdf\" viewBox=\"0 0 384 512\" xmlns=\"http:\/\/www.w3.org\/2000\/svg\"><path d=\"M369.9 97.9L286 14C277 5 264.8-.1 252.1-.1H48C21.5 0 0 21.5 0 48v416c0 26.5 21.5 48 48 48h288c26.5 0 48-21.5 48-48V131.9c0-12.7-5.1-25-14.1-34zM332.1 128H256V51.9l76.1 76.1zM48 464V48h160v104c0 13.3 10.7 24 24 24h104v288H48zm250.2-143.7c-12.2-12-47-8.7-64.4-6.5-17.2-10.5-28.7-25-36.8-46.3 3.9-16.1 10.1-40.6 5.4-56-4.2-26.2-37.8-23.6-42.6-5.9-4.4 16.1-.4 38.5 7 67.1-10 23.9-24.9 56-35.4 74.4-20 10.3-47 26.2-51 46.2-3.3 15.8 26 55.2 76.1-31.2 22.4-7.4 46.8-16.5 68.4-20.1 18.9 10.2 41 17 55.8 17 25.5 0 28-28.2 17.5-38.7zm-198.1 77.8c5.1-13.7 24.5-29.5 30.4-35-19 30.3-30.4 35.7-30.4 35zm81.6-190.6c7.4 0 6.7 32.1 1.8 40.8-4.4-13.9-4.3-40.8-1.8-40.8zm-24.4 136.6c9.7-16.9 18-37 24.7-54.7 8.3 15.1 18.9 27.2 30.1 35.5-20.8 4.3-38.9 13.1-54.8 19.2zm131.6-5s-5 6-37.3-7.8c35.1-2.6 40.9 5.4 37.3 7.8z\"><\/path><\/svg>\t\t\t\t<\/a>\n\t\t\t<\/div>\n\t\t\t\n\t\t\t\t\t\t<div class=\"elementor-icon-box-content\">\n\n\t\t\t\t\t\t\t\t\t<div class=\"elementor-icon-box-title\">\n\t\t\t\t\t\t<a href=\"https:\/\/downloads.wolfinger.at\/de\/Einbauhinweise\/Vorbereitungsliste%20Blowerdoor.pdf\" target=\"_blank\" >\n\t\t\t\t\t\t\tVorbereitungsliste BlowerDoor\t\t\t\t\t\t<\/a>\n\t\t\t\t\t<\/div>\n\t\t\t\t\n\t\t\t\t\n\t\t\t<\/div>\n\t\t\t\n\t\t<\/div>\n\t\t\t\t\t\t<\/div>\n\t\t\t\t\t<\/div>\n\t\t\t\t<\/div>\n\t\t\t\t<\/div>\n\t\t","protected":false},"excerpt":{"rendered":"<p>BLOWERDOORPR\u00dcFUNG SO FUNKTIONIERT DIE BLOWERDOORMESSUNG Ein wesentlicher Faktor f\u00fcr ein gut funktionierendes Geb\u00e4ude mit geringem Energieverbrauch ist die\u00a0luftdichte Ausf\u00fchrung\u00a0der Geb\u00e4udeh\u00fclle. Die Luftdichtheit des Geb\u00e4udes kann mit einer sogenannten\u00a0Blowerdoormessung\u00a0kontrolliert werden. Im Geb\u00e4ude wird Unterdruck oder \u00dcberdruck erzeugt, und die str\u00f6mende Luftmenge gemessen. Eventuelle Leckstellen des Geb\u00e4udes werden festgestellt und behoben. F\u00fcr Niedrigenergie und Passivh\u00e4user, sowie f\u00fcr [&hellip;]<\/p>\n","protected":false},"author":5,"featured_media":0,"parent":1285,"menu_order":0,"comment_status":"closed","ping_status":"closed","template":"","meta":{"footnotes":""},"class_list":["post-1258","page","type-page","status-publish","hentry"],"yoast_head":"<!-- This site is optimized with the Yoast SEO plugin v27.5 - https:\/\/yoast.com\/product\/yoast-seo-wordpress\/ -->\n<title>Blowerdoorpr\u00fcfung - WOLFINGER<\/title>\n<meta name=\"robots\" content=\"index, follow, max-snippet:-1, max-image-preview:large, max-video-preview:-1\" \/>\n<link rel=\"canonical\" href=\"https:\/\/wolfinger.at\/daemmen\/gebaeudedichtheit\/blowerdoorpruefung\/\" \/>\n<meta property=\"og:locale\" content=\"de_DE\" \/>\n<meta property=\"og:type\" content=\"article\" \/>\n<meta property=\"og:title\" content=\"Blowerdoorpr\u00fcfung - WOLFINGER\" \/>\n<meta property=\"og:description\" content=\"BLOWERDOORPR\u00dcFUNG SO FUNKTIONIERT DIE BLOWERDOORMESSUNG Ein wesentlicher Faktor f\u00fcr ein gut funktionierendes Geb\u00e4ude mit geringem Energieverbrauch ist die\u00a0luftdichte Ausf\u00fchrung\u00a0der Geb\u00e4udeh\u00fclle. Die Luftdichtheit des Geb\u00e4udes kann mit einer sogenannten\u00a0Blowerdoormessung\u00a0kontrolliert werden. Im Geb\u00e4ude wird Unterdruck oder \u00dcberdruck erzeugt, und die str\u00f6mende Luftmenge gemessen. Eventuelle Leckstellen des Geb\u00e4udes werden festgestellt und behoben. F\u00fcr Niedrigenergie und Passivh\u00e4user, sowie f\u00fcr [&hellip;]\" \/>\n<meta property=\"og:url\" content=\"https:\/\/wolfinger.at\/daemmen\/gebaeudedichtheit\/blowerdoorpruefung\/\" \/>\n<meta property=\"og:site_name\" content=\"WOLFINGER\" \/>\n<meta property=\"article:modified_time\" content=\"2026-02-11T10:47:57+00:00\" \/>\n<meta property=\"og:image\" content=\"https:\/\/wolfinger.at\/daemmen\/wp-content\/uploads\/2018\/03\/blowerdoor1.jpg\" \/>\n\t<meta property=\"og:image:width\" content=\"185\" \/>\n\t<meta property=\"og:image:height\" content=\"250\" \/>\n\t<meta property=\"og:image:type\" content=\"image\/jpeg\" \/>\n<meta name=\"twitter:card\" content=\"summary_large_image\" \/>\n<meta name=\"twitter:label1\" content=\"Gesch\u00e4tzte Lesezeit\" \/>\n\t<meta name=\"twitter:data1\" content=\"1\u00a0Minute\" \/>\n<script type=\"application\/ld+json\" class=\"yoast-schema-graph\">{\"@context\":\"https:\\\/\\\/schema.org\",\"@graph\":[{\"@type\":\"WebPage\",\"@id\":\"https:\\\/\\\/wolfinger.at\\\/daemmen\\\/gebaeudedichtheit\\\/blowerdoorpruefung\\\/\",\"url\":\"https:\\\/\\\/wolfinger.at\\\/daemmen\\\/gebaeudedichtheit\\\/blowerdoorpruefung\\\/\",\"name\":\"Blowerdoorpr\u00fcfung - WOLFINGER\",\"isPartOf\":{\"@id\":\"https:\\\/\\\/wolfinger.at\\\/daemmen\\\/#website\"},\"primaryImageOfPage\":{\"@id\":\"https:\\\/\\\/wolfinger.at\\\/daemmen\\\/gebaeudedichtheit\\\/blowerdoorpruefung\\\/#primaryimage\"},\"image\":{\"@id\":\"https:\\\/\\\/wolfinger.at\\\/daemmen\\\/gebaeudedichtheit\\\/blowerdoorpruefung\\\/#primaryimage\"},\"thumbnailUrl\":\"https:\\\/\\\/wolfinger.at\\\/daemmen\\\/wp-content\\\/uploads\\\/2018\\\/03\\\/blowerdoor1.jpg\",\"datePublished\":\"2018-03-12T17:45:45+00:00\",\"dateModified\":\"2026-02-11T10:47:57+00:00\",\"breadcrumb\":{\"@id\":\"https:\\\/\\\/wolfinger.at\\\/daemmen\\\/gebaeudedichtheit\\\/blowerdoorpruefung\\\/#breadcrumb\"},\"inLanguage\":\"de\",\"potentialAction\":[{\"@type\":\"ReadAction\",\"target\":[\"https:\\\/\\\/wolfinger.at\\\/daemmen\\\/gebaeudedichtheit\\\/blowerdoorpruefung\\\/\"]}]},{\"@type\":\"ImageObject\",\"inLanguage\":\"de\",\"@id\":\"https:\\\/\\\/wolfinger.at\\\/daemmen\\\/gebaeudedichtheit\\\/blowerdoorpruefung\\\/#primaryimage\",\"url\":\"https:\\\/\\\/wolfinger.at\\\/daemmen\\\/wp-content\\\/uploads\\\/2018\\\/03\\\/blowerdoor1.jpg\",\"contentUrl\":\"https:\\\/\\\/wolfinger.at\\\/daemmen\\\/wp-content\\\/uploads\\\/2018\\\/03\\\/blowerdoor1.jpg\",\"width\":185,\"height\":250},{\"@type\":\"BreadcrumbList\",\"@id\":\"https:\\\/\\\/wolfinger.at\\\/daemmen\\\/gebaeudedichtheit\\\/blowerdoorpruefung\\\/#breadcrumb\",\"itemListElement\":[{\"@type\":\"ListItem\",\"position\":1,\"name\":\"Startseite\",\"item\":\"https:\\\/\\\/wolfinger.at\\\/daemmen\\\/\"},{\"@type\":\"ListItem\",\"position\":2,\"name\":\"Geb\u00e4udedichtheit\",\"item\":\"https:\\\/\\\/wolfinger.at\\\/daemmen\\\/gebaeudedichtheit\\\/\"},{\"@type\":\"ListItem\",\"position\":3,\"name\":\"Blowerdoorpr\u00fcfung\"}]},{\"@type\":\"WebSite\",\"@id\":\"https:\\\/\\\/wolfinger.at\\\/daemmen\\\/#website\",\"url\":\"https:\\\/\\\/wolfinger.at\\\/daemmen\\\/\",\"name\":\"Wolfinger Zellulosed\u00e4mmung\",\"description\":\"Zellulosed\u00e4mmung\",\"publisher\":{\"@id\":\"https:\\\/\\\/wolfinger.at\\\/daemmen\\\/#organization\"},\"potentialAction\":[{\"@type\":\"SearchAction\",\"target\":{\"@type\":\"EntryPoint\",\"urlTemplate\":\"https:\\\/\\\/wolfinger.at\\\/daemmen\\\/?s={search_term_string}\"},\"query-input\":{\"@type\":\"PropertyValueSpecification\",\"valueRequired\":true,\"valueName\":\"search_term_string\"}}],\"inLanguage\":\"de\"},{\"@type\":\"Organization\",\"@id\":\"https:\\\/\\\/wolfinger.at\\\/daemmen\\\/#organization\",\"name\":\"Wolfinger GmbH\",\"url\":\"https:\\\/\\\/wolfinger.at\\\/daemmen\\\/\",\"logo\":{\"@type\":\"ImageObject\",\"inLanguage\":\"de\",\"@id\":\"https:\\\/\\\/wolfinger.at\\\/daemmen\\\/#\\\/schema\\\/logo\\\/image\\\/\",\"url\":\"https:\\\/\\\/wolfinger.at\\\/daemmen\\\/wp-content\\\/uploads\\\/2024\\\/03\\\/wolfinger_fav_144.png\",\"contentUrl\":\"https:\\\/\\\/wolfinger.at\\\/daemmen\\\/wp-content\\\/uploads\\\/2024\\\/03\\\/wolfinger_fav_144.png\",\"width\":1633,\"height\":1632,\"caption\":\"Wolfinger GmbH\"},\"image\":{\"@id\":\"https:\\\/\\\/wolfinger.at\\\/daemmen\\\/#\\\/schema\\\/logo\\\/image\\\/\"}}]}<\/script>\n<!-- \/ Yoast SEO plugin. -->","yoast_head_json":{"title":"Blowerdoorpr\u00fcfung - WOLFINGER","robots":{"index":"index","follow":"follow","max-snippet":"max-snippet:-1","max-image-preview":"max-image-preview:large","max-video-preview":"max-video-preview:-1"},"canonical":"https:\/\/wolfinger.at\/daemmen\/gebaeudedichtheit\/blowerdoorpruefung\/","og_locale":"de_DE","og_type":"article","og_title":"Blowerdoorpr\u00fcfung - WOLFINGER","og_description":"BLOWERDOORPR\u00dcFUNG SO FUNKTIONIERT DIE BLOWERDOORMESSUNG Ein wesentlicher Faktor f\u00fcr ein gut funktionierendes Geb\u00e4ude mit geringem Energieverbrauch ist die\u00a0luftdichte Ausf\u00fchrung\u00a0der Geb\u00e4udeh\u00fclle. Die Luftdichtheit des Geb\u00e4udes kann mit einer sogenannten\u00a0Blowerdoormessung\u00a0kontrolliert werden. Im Geb\u00e4ude wird Unterdruck oder \u00dcberdruck erzeugt, und die str\u00f6mende Luftmenge gemessen. Eventuelle Leckstellen des Geb\u00e4udes werden festgestellt und behoben. F\u00fcr Niedrigenergie und Passivh\u00e4user, sowie f\u00fcr [&hellip;]","og_url":"https:\/\/wolfinger.at\/daemmen\/gebaeudedichtheit\/blowerdoorpruefung\/","og_site_name":"WOLFINGER","article_modified_time":"2026-02-11T10:47:57+00:00","og_image":[{"width":185,"height":250,"url":"https:\/\/wolfinger.at\/daemmen\/wp-content\/uploads\/2018\/03\/blowerdoor1.jpg","type":"image\/jpeg"}],"twitter_card":"summary_large_image","twitter_misc":{"Gesch\u00e4tzte Lesezeit":"1\u00a0Minute"},"schema":{"@context":"https:\/\/schema.org","@graph":[{"@type":"WebPage","@id":"https:\/\/wolfinger.at\/daemmen\/gebaeudedichtheit\/blowerdoorpruefung\/","url":"https:\/\/wolfinger.at\/daemmen\/gebaeudedichtheit\/blowerdoorpruefung\/","name":"Blowerdoorpr\u00fcfung - WOLFINGER","isPartOf":{"@id":"https:\/\/wolfinger.at\/daemmen\/#website"},"primaryImageOfPage":{"@id":"https:\/\/wolfinger.at\/daemmen\/gebaeudedichtheit\/blowerdoorpruefung\/#primaryimage"},"image":{"@id":"https:\/\/wolfinger.at\/daemmen\/gebaeudedichtheit\/blowerdoorpruefung\/#primaryimage"},"thumbnailUrl":"https:\/\/wolfinger.at\/daemmen\/wp-content\/uploads\/2018\/03\/blowerdoor1.jpg","datePublished":"2018-03-12T17:45:45+00:00","dateModified":"2026-02-11T10:47:57+00:00","breadcrumb":{"@id":"https:\/\/wolfinger.at\/daemmen\/gebaeudedichtheit\/blowerdoorpruefung\/#breadcrumb"},"inLanguage":"de","potentialAction":[{"@type":"ReadAction","target":["https:\/\/wolfinger.at\/daemmen\/gebaeudedichtheit\/blowerdoorpruefung\/"]}]},{"@type":"ImageObject","inLanguage":"de","@id":"https:\/\/wolfinger.at\/daemmen\/gebaeudedichtheit\/blowerdoorpruefung\/#primaryimage","url":"https:\/\/wolfinger.at\/daemmen\/wp-content\/uploads\/2018\/03\/blowerdoor1.jpg","contentUrl":"https:\/\/wolfinger.at\/daemmen\/wp-content\/uploads\/2018\/03\/blowerdoor1.jpg","width":185,"height":250},{"@type":"BreadcrumbList","@id":"https:\/\/wolfinger.at\/daemmen\/gebaeudedichtheit\/blowerdoorpruefung\/#breadcrumb","itemListElement":[{"@type":"ListItem","position":1,"name":"Startseite","item":"https:\/\/wolfinger.at\/daemmen\/"},{"@type":"ListItem","position":2,"name":"Geb\u00e4udedichtheit","item":"https:\/\/wolfinger.at\/daemmen\/gebaeudedichtheit\/"},{"@type":"ListItem","position":3,"name":"Blowerdoorpr\u00fcfung"}]},{"@type":"WebSite","@id":"https:\/\/wolfinger.at\/daemmen\/#website","url":"https:\/\/wolfinger.at\/daemmen\/","name":"Wolfinger Zellulosed\u00e4mmung","description":"Zellulosed\u00e4mmung","publisher":{"@id":"https:\/\/wolfinger.at\/daemmen\/#organization"},"potentialAction":[{"@type":"SearchAction","target":{"@type":"EntryPoint","urlTemplate":"https:\/\/wolfinger.at\/daemmen\/?s={search_term_string}"},"query-input":{"@type":"PropertyValueSpecification","valueRequired":true,"valueName":"search_term_string"}}],"inLanguage":"de"},{"@type":"Organization","@id":"https:\/\/wolfinger.at\/daemmen\/#organization","name":"Wolfinger GmbH","url":"https:\/\/wolfinger.at\/daemmen\/","logo":{"@type":"ImageObject","inLanguage":"de","@id":"https:\/\/wolfinger.at\/daemmen\/#\/schema\/logo\/image\/","url":"https:\/\/wolfinger.at\/daemmen\/wp-content\/uploads\/2024\/03\/wolfinger_fav_144.png","contentUrl":"https:\/\/wolfinger.at\/daemmen\/wp-content\/uploads\/2024\/03\/wolfinger_fav_144.png","width":1633,"height":1632,"caption":"Wolfinger GmbH"},"image":{"@id":"https:\/\/wolfinger.at\/daemmen\/#\/schema\/logo\/image\/"}}]}},"_links":{"self":[{"href":"https:\/\/wolfinger.at\/daemmen\/wp-json\/wp\/v2\/pages\/1258","targetHints":{"allow":["GET"]}}],"collection":[{"href":"https:\/\/wolfinger.at\/daemmen\/wp-json\/wp\/v2\/pages"}],"about":[{"href":"https:\/\/wolfinger.at\/daemmen\/wp-json\/wp\/v2\/types\/page"}],"author":[{"embeddable":true,"href":"https:\/\/wolfinger.at\/daemmen\/wp-json\/wp\/v2\/users\/5"}],"replies":[{"embeddable":true,"href":"https:\/\/wolfinger.at\/daemmen\/wp-json\/wp\/v2\/comments?post=1258"}],"version-history":[{"count":25,"href":"https:\/\/wolfinger.at\/daemmen\/wp-json\/wp\/v2\/pages\/1258\/revisions"}],"predecessor-version":[{"id":5101,"href":"https:\/\/wolfinger.at\/daemmen\/wp-json\/wp\/v2\/pages\/1258\/revisions\/5101"}],"up":[{"embeddable":true,"href":"https:\/\/wolfinger.at\/daemmen\/wp-json\/wp\/v2\/pages\/1285"}],"wp:attachment":[{"href":"https:\/\/wolfinger.at\/daemmen\/wp-json\/wp\/v2\/media?parent=1258"}],"curies":[{"name":"wp","href":"https:\/\/api.w.org\/{rel}","templated":true}]}}