{"id":1210,"date":"2018-03-12T16:39:03","date_gmt":"2018-03-12T16:39:03","guid":{"rendered":"http:\/\/wolfinger.at\/daemmen\/?page_id=1210"},"modified":"2026-03-18T14:46:40","modified_gmt":"2026-03-18T12:46:40","slug":"impressum","status":"publish","type":"page","link":"https:\/\/wolfinger.at\/daemmen\/impressum\/","title":{"rendered":"Impressum"},"content":{"rendered":"\t\t<div data-elementor-type=\"wp-page\" data-elementor-id=\"1210\" class=\"elementor elementor-1210\" data-elementor-post-type=\"page\">\n\t\t\t\t<div class=\"elementor-element elementor-element-9bd3d46 e-flex e-con-boxed e-con e-parent\" data-id=\"9bd3d46\" data-element_type=\"container\" data-e-type=\"container\">\n\t\t\t\t\t<div class=\"e-con-inner\">\n\t\t\t\t<div class=\"elementor-element elementor-element-8d49aed elementor-widget elementor-widget-heading\" data-id=\"8d49aed\" data-element_type=\"widget\" data-e-type=\"widget\" data-widget_type=\"heading.default\">\n\t\t\t\t\t<h1 class=\"elementor-heading-title elementor-size-default\">IMPRESSUM<\/h1>\t\t\t\t<\/div>\n\t\t\t\t<div class=\"elementor-element elementor-element-6bf8219 elementor-widget elementor-widget-text-editor\" data-id=\"6bf8219\" data-element_type=\"widget\" data-e-type=\"widget\" data-widget_type=\"text-editor.default\">\n\t\t\t\t\t\t\t\t\t<p>Wolfinger GmbH<br \/>Neuhofenstra\u00dfe 19<br \/>4521 Schiedlberg<\/p><p>Tel. +43 (7251) 21038<\/p><p>E-Mail: <a href=\"mailto:daemmen@wolfinger.at\">daemmen@wolfinger.at<\/a><\/p><p>\u00d6ffnungszeiten:<\/p><p>Montag bis Donnerstag: 07:30 \u2013 12:00, 13:00 \u2013 16:00<br \/>Freitag:\u00a0\u00a0\u00a0\u00a0\u00a0\u00a0\u00a0\u00a0\u00a0\u00a0\u00a0\u00a0\u00a0\u00a0\u00a0\u00a0\u00a0\u00a0\u00a0\u00a0 \u00a0\u00a0 \u00a0\u00a0 \u00a0\u00a0 07:30 \u2013 12:00<\/p><p>FN 219933g<br \/>UID-Nr. ATU 53847404<br \/>Gesch\u00e4ftsf\u00fchrer: Mag. Eduard Wolfinger<br \/>Peter Wolfinger<br \/>Mitglied der Wirtschaftskammer Ober\u00f6sterreich<br \/>Fachgruppen:<br \/>Handel, Baunebengewerbe und Freies Gewerbe<\/p><p><a href=\"https:\/\/www.wkoecg.at\/Web\/Ecg.aspx?FirmaID=2e24a28d-72fb-4d6f-9e0d-aa15faf4a52b\">WKO-Datenbank<\/a><\/p>\t\t\t\t\t\t\t\t<\/div>\n\t\t\t\t\t<\/div>\n\t\t\t\t<\/div>\n\t\t\t\t<\/div>\n\t\t","protected":false},"excerpt":{"rendered":"<p>IMPRESSUM Wolfinger GmbHNeuhofenstra\u00dfe 194521 Schiedlberg Tel. +43 (7251) 21038 E-Mail: daemmen@wolfinger.at \u00d6ffnungszeiten: Montag bis Donnerstag: 07:30 \u2013 12:00, 13:00 \u2013 16:00Freitag:\u00a0\u00a0\u00a0\u00a0\u00a0\u00a0\u00a0\u00a0\u00a0\u00a0\u00a0\u00a0\u00a0\u00a0\u00a0\u00a0\u00a0\u00a0\u00a0\u00a0 \u00a0\u00a0 \u00a0\u00a0 \u00a0\u00a0 07:30 \u2013 12:00 FN 219933gUID-Nr. ATU 53847404Gesch\u00e4ftsf\u00fchrer: Mag. Eduard WolfingerPeter WolfingerMitglied der Wirtschaftskammer Ober\u00f6sterreichFachgruppen:Handel, Baunebengewerbe und Freies Gewerbe WKO-Datenbank<\/p>\n","protected":false},"author":5,"featured_media":0,"parent":0,"menu_order":0,"comment_status":"closed","ping_status":"closed","template":"","meta":{"footnotes":""},"class_list":["post-1210","page","type-page","status-publish","hentry"],"yoast_head":"<!-- This site is optimized with the Yoast SEO plugin v27.4 - https:\/\/yoast.com\/product\/yoast-seo-wordpress\/ -->\n<title>Impressum - WOLFINGER<\/title>\n<meta name=\"robots\" content=\"index, follow, max-snippet:-1, max-image-preview:large, max-video-preview:-1\" \/>\n<link rel=\"canonical\" href=\"https:\/\/wolfinger.at\/daemmen\/impressum\/\" \/>\n<meta property=\"og:locale\" content=\"de_DE\" \/>\n<meta property=\"og:type\" content=\"article\" \/>\n<meta property=\"og:title\" content=\"Impressum - WOLFINGER\" \/>\n<meta property=\"og:description\" content=\"IMPRESSUM Wolfinger GmbHNeuhofenstra\u00dfe 194521 Schiedlberg Tel. +43 (7251) 21038 E-Mail: daemmen@wolfinger.at \u00d6ffnungszeiten: Montag bis Donnerstag: 07:30 \u2013 12:00, 13:00 \u2013 16:00Freitag:\u00a0\u00a0\u00a0\u00a0\u00a0\u00a0\u00a0\u00a0\u00a0\u00a0\u00a0\u00a0\u00a0\u00a0\u00a0\u00a0\u00a0\u00a0\u00a0\u00a0 \u00a0\u00a0 \u00a0\u00a0 \u00a0\u00a0 07:30 \u2013 12:00 FN 219933gUID-Nr. ATU 53847404Gesch\u00e4ftsf\u00fchrer: Mag. Eduard WolfingerPeter WolfingerMitglied der Wirtschaftskammer Ober\u00f6sterreichFachgruppen:Handel, Baunebengewerbe und Freies Gewerbe WKO-Datenbank\" \/>\n<meta property=\"og:url\" content=\"https:\/\/wolfinger.at\/daemmen\/impressum\/\" \/>\n<meta property=\"og:site_name\" content=\"WOLFINGER\" \/>\n<meta property=\"article:modified_time\" content=\"2026-03-18T12:46:40+00:00\" \/>\n<meta name=\"twitter:card\" content=\"summary_large_image\" \/>\n<meta name=\"twitter:label1\" content=\"Gesch\u00e4tzte Lesezeit\" \/>\n\t<meta name=\"twitter:data1\" content=\"1\u00a0Minute\" \/>\n<script type=\"application\/ld+json\" class=\"yoast-schema-graph\">{\"@context\":\"https:\\\/\\\/schema.org\",\"@graph\":[{\"@type\":\"WebPage\",\"@id\":\"https:\\\/\\\/wolfinger.at\\\/daemmen\\\/impressum\\\/\",\"url\":\"https:\\\/\\\/wolfinger.at\\\/daemmen\\\/impressum\\\/\",\"name\":\"Impressum - WOLFINGER\",\"isPartOf\":{\"@id\":\"https:\\\/\\\/wolfinger.at\\\/daemmen\\\/#website\"},\"datePublished\":\"2018-03-12T16:39:03+00:00\",\"dateModified\":\"2026-03-18T12:46:40+00:00\",\"breadcrumb\":{\"@id\":\"https:\\\/\\\/wolfinger.at\\\/daemmen\\\/impressum\\\/#breadcrumb\"},\"inLanguage\":\"de\",\"potentialAction\":[{\"@type\":\"ReadAction\",\"target\":[\"https:\\\/\\\/wolfinger.at\\\/daemmen\\\/impressum\\\/\"]}]},{\"@type\":\"BreadcrumbList\",\"@id\":\"https:\\\/\\\/wolfinger.at\\\/daemmen\\\/impressum\\\/#breadcrumb\",\"itemListElement\":[{\"@type\":\"ListItem\",\"position\":1,\"name\":\"Startseite\",\"item\":\"https:\\\/\\\/wolfinger.at\\\/daemmen\\\/\"},{\"@type\":\"ListItem\",\"position\":2,\"name\":\"Impressum\"}]},{\"@type\":\"WebSite\",\"@id\":\"https:\\\/\\\/wolfinger.at\\\/daemmen\\\/#website\",\"url\":\"https:\\\/\\\/wolfinger.at\\\/daemmen\\\/\",\"name\":\"Wolfinger Zellulosed\u00e4mmung\",\"description\":\"Zellulosed\u00e4mmung\",\"publisher\":{\"@id\":\"https:\\\/\\\/wolfinger.at\\\/daemmen\\\/#organization\"},\"potentialAction\":[{\"@type\":\"SearchAction\",\"target\":{\"@type\":\"EntryPoint\",\"urlTemplate\":\"https:\\\/\\\/wolfinger.at\\\/daemmen\\\/?s={search_term_string}\"},\"query-input\":{\"@type\":\"PropertyValueSpecification\",\"valueRequired\":true,\"valueName\":\"search_term_string\"}}],\"inLanguage\":\"de\"},{\"@type\":\"Organization\",\"@id\":\"https:\\\/\\\/wolfinger.at\\\/daemmen\\\/#organization\",\"name\":\"Wolfinger GmbH\",\"url\":\"https:\\\/\\\/wolfinger.at\\\/daemmen\\\/\",\"logo\":{\"@type\":\"ImageObject\",\"inLanguage\":\"de\",\"@id\":\"https:\\\/\\\/wolfinger.at\\\/daemmen\\\/#\\\/schema\\\/logo\\\/image\\\/\",\"url\":\"https:\\\/\\\/wolfinger.at\\\/daemmen\\\/wp-content\\\/uploads\\\/2024\\\/03\\\/wolfinger_fav_144.png\",\"contentUrl\":\"https:\\\/\\\/wolfinger.at\\\/daemmen\\\/wp-content\\\/uploads\\\/2024\\\/03\\\/wolfinger_fav_144.png\",\"width\":1633,\"height\":1632,\"caption\":\"Wolfinger GmbH\"},\"image\":{\"@id\":\"https:\\\/\\\/wolfinger.at\\\/daemmen\\\/#\\\/schema\\\/logo\\\/image\\\/\"}}]}<\/script>\n<!-- \/ Yoast SEO plugin. -->","yoast_head_json":{"title":"Impressum - WOLFINGER","robots":{"index":"index","follow":"follow","max-snippet":"max-snippet:-1","max-image-preview":"max-image-preview:large","max-video-preview":"max-video-preview:-1"},"canonical":"https:\/\/wolfinger.at\/daemmen\/impressum\/","og_locale":"de_DE","og_type":"article","og_title":"Impressum - WOLFINGER","og_description":"IMPRESSUM Wolfinger GmbHNeuhofenstra\u00dfe 194521 Schiedlberg Tel. +43 (7251) 21038 E-Mail: daemmen@wolfinger.at \u00d6ffnungszeiten: Montag bis Donnerstag: 07:30 \u2013 12:00, 13:00 \u2013 16:00Freitag:\u00a0\u00a0\u00a0\u00a0\u00a0\u00a0\u00a0\u00a0\u00a0\u00a0\u00a0\u00a0\u00a0\u00a0\u00a0\u00a0\u00a0\u00a0\u00a0\u00a0 \u00a0\u00a0 \u00a0\u00a0 \u00a0\u00a0 07:30 \u2013 12:00 FN 219933gUID-Nr. ATU 53847404Gesch\u00e4ftsf\u00fchrer: Mag. Eduard WolfingerPeter WolfingerMitglied der Wirtschaftskammer Ober\u00f6sterreichFachgruppen:Handel, Baunebengewerbe und Freies Gewerbe WKO-Datenbank","og_url":"https:\/\/wolfinger.at\/daemmen\/impressum\/","og_site_name":"WOLFINGER","article_modified_time":"2026-03-18T12:46:40+00:00","twitter_card":"summary_large_image","twitter_misc":{"Gesch\u00e4tzte Lesezeit":"1\u00a0Minute"},"schema":{"@context":"https:\/\/schema.org","@graph":[{"@type":"WebPage","@id":"https:\/\/wolfinger.at\/daemmen\/impressum\/","url":"https:\/\/wolfinger.at\/daemmen\/impressum\/","name":"Impressum - WOLFINGER","isPartOf":{"@id":"https:\/\/wolfinger.at\/daemmen\/#website"},"datePublished":"2018-03-12T16:39:03+00:00","dateModified":"2026-03-18T12:46:40+00:00","breadcrumb":{"@id":"https:\/\/wolfinger.at\/daemmen\/impressum\/#breadcrumb"},"inLanguage":"de","potentialAction":[{"@type":"ReadAction","target":["https:\/\/wolfinger.at\/daemmen\/impressum\/"]}]},{"@type":"BreadcrumbList","@id":"https:\/\/wolfinger.at\/daemmen\/impressum\/#breadcrumb","itemListElement":[{"@type":"ListItem","position":1,"name":"Startseite","item":"https:\/\/wolfinger.at\/daemmen\/"},{"@type":"ListItem","position":2,"name":"Impressum"}]},{"@type":"WebSite","@id":"https:\/\/wolfinger.at\/daemmen\/#website","url":"https:\/\/wolfinger.at\/daemmen\/","name":"Wolfinger Zellulosed\u00e4mmung","description":"Zellulosed\u00e4mmung","publisher":{"@id":"https:\/\/wolfinger.at\/daemmen\/#organization"},"potentialAction":[{"@type":"SearchAction","target":{"@type":"EntryPoint","urlTemplate":"https:\/\/wolfinger.at\/daemmen\/?s={search_term_string}"},"query-input":{"@type":"PropertyValueSpecification","valueRequired":true,"valueName":"search_term_string"}}],"inLanguage":"de"},{"@type":"Organization","@id":"https:\/\/wolfinger.at\/daemmen\/#organization","name":"Wolfinger GmbH","url":"https:\/\/wolfinger.at\/daemmen\/","logo":{"@type":"ImageObject","inLanguage":"de","@id":"https:\/\/wolfinger.at\/daemmen\/#\/schema\/logo\/image\/","url":"https:\/\/wolfinger.at\/daemmen\/wp-content\/uploads\/2024\/03\/wolfinger_fav_144.png","contentUrl":"https:\/\/wolfinger.at\/daemmen\/wp-content\/uploads\/2024\/03\/wolfinger_fav_144.png","width":1633,"height":1632,"caption":"Wolfinger GmbH"},"image":{"@id":"https:\/\/wolfinger.at\/daemmen\/#\/schema\/logo\/image\/"}}]}},"_links":{"self":[{"href":"https:\/\/wolfinger.at\/daemmen\/wp-json\/wp\/v2\/pages\/1210","targetHints":{"allow":["GET"]}}],"collection":[{"href":"https:\/\/wolfinger.at\/daemmen\/wp-json\/wp\/v2\/pages"}],"about":[{"href":"https:\/\/wolfinger.at\/daemmen\/wp-json\/wp\/v2\/types\/page"}],"author":[{"embeddable":true,"href":"https:\/\/wolfinger.at\/daemmen\/wp-json\/wp\/v2\/users\/5"}],"replies":[{"embeddable":true,"href":"https:\/\/wolfinger.at\/daemmen\/wp-json\/wp\/v2\/comments?post=1210"}],"version-history":[{"count":17,"href":"https:\/\/wolfinger.at\/daemmen\/wp-json\/wp\/v2\/pages\/1210\/revisions"}],"predecessor-version":[{"id":5383,"href":"https:\/\/wolfinger.at\/daemmen\/wp-json\/wp\/v2\/pages\/1210\/revisions\/5383"}],"wp:attachment":[{"href":"https:\/\/wolfinger.at\/daemmen\/wp-json\/wp\/v2\/media?parent=1210"}],"curies":[{"name":"wp","href":"https:\/\/api.w.org\/{rel}","templated":true}]}}